{"id":74163,"date":"2025-11-10T11:49:27","date_gmt":"2025-11-10T10:49:27","guid":{"rendered":"https:\/\/specialspex.com\/golfbrille-mit-sehstaerke-immer-scharf-sehen-auf-dem-platz\/"},"modified":"2026-03-25T13:27:25","modified_gmt":"2026-03-25T12:27:25","slug":"golfbrille-mit-sehstaerke-immer-scharf-sehen-auf-dem-platz","status":"publish","type":"page","link":"https:\/\/www.specialspex.com\/de\/golfbrille-mit-sehstaerke-immer-scharf-sehen-auf-dem-platz\/","title":{"rendered":"Golfbrille mit Sehst\u00e4rke: immer scharf sehen auf dem Platz"},"content":{"rendered":"\n<p class=\"max-w-7xl mx-auto px-6 lg:px-8\">Golf erfordert Konzentration und Genauigkeit. Gew\u00f6hnliche Sonnenbrillen bieten oft nicht die richtige Passform oder den n\u00f6tigen Kontrast. Im Gegensatz dazu bietet dir eine Golfbrille mit Korrekturgl\u00e4sern eine klare Sicht, sch\u00fctzt deine Augen vor Wind und UV-Strahlung und bleibt bei jedem Schwung fest an ihrem Platz. Dank der Wrap-Around-Rahmen mit gew\u00f6lbten Gl\u00e4sern hast du ein weites Sichtfeld und kannst den Platz besser ablesen. Mit der richtigen T\u00f6nung erlebst du mehr Kontrast und siehst das Gr\u00fcn deutlicher. W\u00e4hle aus unserem Angebot an <a href=\"https:\/\/www.specialspex.com\/sportbrillen\/golfbril\/victory\/\">Nike<\/a> Brillen, Boll\u00e9 Brillen oder Eyres Sportbrillen.     <\/p>\n<div class=\"max-w-7xl mx-auto px-6 lg:px-8 my-4 wp-block-specialspex-button\">\n  <a href=\"\/advies\/sportbrillen-op-sterkte\/golfbrillen\/\" class=\"rounded-md transition px-4 py-2 text-base font-normal shadow-md bg-emerald-500 hover:bg-emerald-600 text-white\">\n    Vind hier jouw golfbril\n  <\/a>\n<\/div>\n<section class=\"relative overflow-hidden bg-white py-20 \" x-data=\"{ currentSlide: 0 }\">\n  <div class=\"max-w-7xl mx-auto px-6 lg:px-8\">\n    <div class=\"flex justify-between items-center\">\n      <h2 class=\"text-4xl font-medium\"><\/h2>\n\n              <div class=\"flex space-x-2\">\n                      <button @click=\"currentSlide = 0\"\n                    :class=\"currentSlide === 0 ? 'border border-slate-950 border-solid' : ''\"\n                    class=\"rounded-full transition p-1\">\n              <span :class=\"currentSlide === 0 ? 'bg-slate-950' : 'bg-slate-400'\"\n                    class=\"block h-2 w-2 rounded-full hover:bg-slate-950\"><\/span>\n            <\/button>\n                      <button @click=\"currentSlide = 1\"\n                    :class=\"currentSlide === 1 ? 'border border-slate-950 border-solid' : ''\"\n                    class=\"rounded-full transition p-1\">\n              <span :class=\"currentSlide === 1 ? 'bg-slate-950' : 'bg-slate-400'\"\n                    class=\"block h-2 w-2 rounded-full hover:bg-slate-950\"><\/span>\n            <\/button>\n                  <\/div>\n          <\/div>\n\n    <div class=\"relative mt-10\">\n      <div class=\"flex transition-transform duration-500 ease-in-out\"\n           :style=\"'transform: translateX(-' + (currentSlide * 100) + '%)'\">\n\n                  <div class=\"flex-shrink-0 flex space-x-5 me-5 md:space-x-10 md:me-10\">\n                          <div class=\"w-[250px] flex-shrink-0\">\n                <div class=\"group relative rounded-lg select-none\" data-ga4-item='{\"item_id\":\"75868\",\"item_name\":\"Jakl\",\"item_brand\":\"Wiley X\",\"item_category\":\"Motorradbrille\",\"price\":160,\"currency\":\"EUR\"}'>\n    <div class=\"relative aspect-square w-full overflow-hidden rounded-lg bg-slate-100 group-hover:opacity-75\">\n      <div class=\"h-full w-full flex items-center justify-center\">\n                  <img decoding=\"async\" src=\"https:\/\/www.specialspex.com\/wp-content\/uploads\/2025\/12\/jakl28-300x300.jpg\" alt=\"Jakl\" class=\"h-full w-full object-cover object-center mix-blend-multiply\" title=\"\">\n              <\/div>\n\n      \n              <div class=\"absolute top-3 left-3 z-10\">\n          <div class=\"bg-white text-slate-950 text-xs font-bold uppercase px-3 py-1 rounded-md\">\n            Motorradbrille\n          <\/div>\n        <\/div>\n      \n              <div class=\"absolute bottom-3 w-full z-10 flex justify-center items-center space-x-1\">\n          \n                      <div\n              class=\"w-2 h-2 rounded-full\"\n              style=\"background-color: #2ecc71;\"\n              title=\"Groen\"\n            ><\/div>\n                      <div\n              class=\"w-2 h-2 rounded-full\"\n              style=\"background-color: #e74c3c;\"\n              title=\"Rood\"\n            ><\/div>\n          \n                      <div class=\"text-[9px] text-slate-600 ml-1\">+3<\/div>\n                  <\/div>\n          <\/div>\n    <div class=\"mt-4 flex justify-between\">\n      <div>\n                  <p class=\"text-base font-semibold text-slate-950 e mb-1\">Wiley X<\/p>\n                <h3 class=\"text-base font-light text-slate-950 line-clamp-1\">\n          <a href=\"https:\/\/www.specialspex.com\/de\/sportbrille\/golfbrille\/wiley-x-jakl\/\">\n            <span aria-hidden=\"true\" class=\"absolute inset-0\"><\/span>\n            Jakl\n          <\/a>\n        <\/h3>\n\n        <p class=\"mt-1 text-sm flex items-center gap-3 flex items-center\">\n          <span class=\"text-slate-950 font-semibold\">\u20ac160<\/span>\n                  <\/p>\n      <\/div>\n    <\/div>\n  <\/div>\n              <\/div>\n                          <div class=\"w-[250px] flex-shrink-0\">\n                <div class=\"group relative rounded-lg select-none\" data-ga4-item='{\"item_id\":\"447-02 \\\/ MJ0447S-001\",\"item_name\":\"Keokea\",\"item_brand\":\"Maui Jim\",\"item_category\":\"Golfbrille\",\"price\":225,\"currency\":\"EUR\"}'>\n    <div class=\"relative aspect-square w-full overflow-hidden rounded-lg bg-slate-100 group-hover:opacity-75\">\n      <div class=\"h-full w-full flex items-center justify-center\">\n                  <img decoding=\"async\" src=\"https:\/\/www.specialspex.com\/wp-content\/uploads\/2025\/11\/447-02-2-300x300.jpg\" alt=\"Keokea\" class=\"h-full w-full object-cover object-center mix-blend-multiply\" title=\"\">\n              <\/div>\n\n      \n              <div class=\"absolute top-3 left-3 z-10\">\n          <div class=\"bg-white text-slate-950 text-xs font-bold uppercase px-3 py-1 rounded-md\">\n            Golfbrille\n          <\/div>\n        <\/div>\n      \n          <\/div>\n    <div class=\"mt-4 flex justify-between\">\n      <div>\n                  <p class=\"text-base font-semibold text-slate-950 e mb-1\">Maui Jim<\/p>\n                <h3 class=\"text-base font-light text-slate-950 line-clamp-1\">\n          <a href=\"https:\/\/www.specialspex.com\/de\/sportbrille\/wassersport\/fisch\/maui-jim-keokea\/\">\n            <span aria-hidden=\"true\" class=\"absolute inset-0\"><\/span>\n            Keokea\n          <\/a>\n        <\/h3>\n\n        <p class=\"mt-1 text-sm flex items-center gap-3 flex items-center\">\n          <span class=\"text-slate-950 font-semibold\">\u20ac225<\/span>\n                  <\/p>\n      <\/div>\n    <\/div>\n  <\/div>\n              <\/div>\n                          <div class=\"w-[250px] flex-shrink-0\">\n                <div class=\"group relative rounded-lg select-none\" data-ga4-item='{\"item_id\":\"75274\",\"item_name\":\"Rabid\",\"item_brand\":\"Nike\",\"item_category\":\"Sportbrille\",\"price\":85,\"currency\":\"EUR\"}'>\n    <div class=\"relative aspect-square w-full overflow-hidden rounded-lg bg-slate-100 group-hover:opacity-75\">\n      <div class=\"h-full w-full flex items-center justify-center\">\n                  <img decoding=\"async\" src=\"https:\/\/www.specialspex.com\/wp-content\/uploads\/2025\/04\/Nike-Rabid-DV2153-010-300x300.jpg\" alt=\"Rabid\" class=\"h-full w-full object-cover object-center mix-blend-multiply\" title=\"\">\n              <\/div>\n\n      \n              <div class=\"absolute top-3 left-3 z-10\">\n          <div class=\"bg-white text-slate-950 text-xs font-bold uppercase px-3 py-1 rounded-md\">\n            Sportbrille\n          <\/div>\n        <\/div>\n      \n              <div class=\"absolute bottom-3 w-full z-10 flex justify-center items-center space-x-1\">\n          \n                      <div\n              class=\"w-2 h-2 rounded-full\"\n              style=\"background-color: #3498db;\"\n              title=\"Blauw\"\n            ><\/div>\n                      <div\n              class=\"w-2 h-2 rounded-full\"\n              style=\"background-color: #95a5a6;\"\n              title=\"Grijs\"\n            ><\/div>\n          \n                      <div class=\"text-[9px] text-slate-600 ml-1\">+2<\/div>\n                  <\/div>\n          <\/div>\n    <div class=\"mt-4 flex justify-between\">\n      <div>\n                  <p class=\"text-base font-semibold text-slate-950 e mb-1\">Nike<\/p>\n                <h3 class=\"text-base font-light text-slate-950 line-clamp-1\">\n          <a href=\"https:\/\/www.specialspex.com\/de\/sportbrille\/bergsteigerbrille\/nike-rabid\/\">\n            <span aria-hidden=\"true\" class=\"absolute inset-0\"><\/span>\n            Rabid\n          <\/a>\n        <\/h3>\n\n        <p class=\"mt-1 text-sm flex items-center gap-3 flex items-center\">\n          <span class=\"text-slate-950 font-semibold\">\u20ac85<\/span>\n                  <\/p>\n      <\/div>\n    <\/div>\n  <\/div>\n              <\/div>\n                          <div class=\"w-[250px] flex-shrink-0\">\n                <div class=\"group relative rounded-lg select-none\" data-ga4-item='{\"item_id\":\"76111\",\"item_name\":\"Victory\",\"item_brand\":\"Nike\",\"item_category\":\"Sportbrille\",\"price\":125,\"currency\":\"EUR\"}'>\n    <div class=\"relative aspect-square w-full overflow-hidden rounded-lg bg-slate-100 group-hover:opacity-75\">\n      <div class=\"h-full w-full flex items-center justify-center\">\n                  <img decoding=\"async\" src=\"https:\/\/www.specialspex.com\/wp-content\/uploads\/2025\/09\/Nike-Victory-6-2-300x300.jpg\" alt=\"Victory\" class=\"h-full w-full object-cover object-center mix-blend-multiply\" title=\"\">\n              <\/div>\n\n      \n              <div class=\"absolute top-3 left-3 z-10\">\n          <div class=\"bg-white text-slate-950 text-xs font-bold uppercase px-3 py-1 rounded-md\">\n            Sportbrille\n          <\/div>\n        <\/div>\n      \n              <div class=\"absolute bottom-3 w-full z-10 flex justify-center items-center space-x-1\">\n          \n                      <div\n              class=\"w-2 h-2 rounded-full\"\n              style=\"background-color: #3498db;\"\n              title=\"Blauw\"\n            ><\/div>\n                      <div\n              class=\"w-2 h-2 rounded-full\"\n              style=\"background-color: #323232;\"\n              title=\"Zwart\"\n            ><\/div>\n          \n                  <\/div>\n          <\/div>\n    <div class=\"mt-4 flex justify-between\">\n      <div>\n                  <p class=\"text-base font-semibold text-slate-950 e mb-1\">Nike<\/p>\n                <h3 class=\"text-base font-light text-slate-950 line-clamp-1\">\n          <a href=\"https:\/\/www.specialspex.com\/de\/sportbrille\/golfbrille\/nike-victory\/\">\n            <span aria-hidden=\"true\" class=\"absolute inset-0\"><\/span>\n            Victory\n          <\/a>\n        <\/h3>\n\n        <p class=\"mt-1 text-sm flex items-center gap-3 flex items-center\">\n          <span class=\"text-slate-950 font-semibold\">\u20ac125<\/span>\n                  <\/p>\n      <\/div>\n    <\/div>\n  <\/div>\n              <\/div>\n                      <\/div>\n                  <div class=\"flex-shrink-0 flex space-x-5 me-5 md:space-x-10 md:me-10\">\n                          <div class=\"w-[250px] flex-shrink-0\">\n                <div class=\"group relative rounded-lg select-none\" data-ga4-item='{\"item_id\":\"74934\",\"item_name\":\"Zeus Rise\",\"item_brand\":\"Nike\",\"item_category\":\"Sportbrille\",\"price\":139,\"currency\":\"EUR\"}'>\n    <div class=\"relative aspect-square w-full overflow-hidden rounded-lg bg-slate-100 group-hover:opacity-75\">\n      <div class=\"h-full w-full flex items-center justify-center\">\n                  <img decoding=\"async\" src=\"https:\/\/www.specialspex.com\/wp-content\/uploads\/2026\/01\/Nike-Zeus-Grey-3-300x300.jpg\" alt=\"Zeus Rise\" class=\"h-full w-full object-cover object-center mix-blend-multiply\" title=\"\">\n              <\/div>\n\n      \n              <div class=\"absolute top-3 left-3 z-10\">\n          <div class=\"bg-white text-slate-950 text-xs font-bold uppercase px-3 py-1 rounded-md\">\n            Sportbrille\n          <\/div>\n        <\/div>\n      \n              <div class=\"absolute bottom-3 w-full z-10 flex justify-center items-center space-x-1\">\n          \n                      <div\n              class=\"w-2 h-2 rounded-full\"\n              style=\"background-color: #95a5a6;\"\n              title=\"Grijs\"\n            ><\/div>\n                      <div\n              class=\"w-2 h-2 rounded-full\"\n              style=\"background-color: #2ecc71;\"\n              title=\"Groen\"\n            ><\/div>\n          \n                      <div class=\"text-[9px] text-slate-600 ml-1\">+2<\/div>\n                  <\/div>\n          <\/div>\n    <div class=\"mt-4 flex justify-between\">\n      <div>\n                  <p class=\"text-base font-semibold text-slate-950 e mb-1\">Nike<\/p>\n                <h3 class=\"text-base font-light text-slate-950 line-clamp-1\">\n          <a href=\"https:\/\/www.specialspex.com\/de\/sportbrille\/golfbrille\/nike-zeus-rise\/\">\n            <span aria-hidden=\"true\" class=\"absolute inset-0\"><\/span>\n            Zeus Rise\n          <\/a>\n        <\/h3>\n\n        <p class=\"mt-1 text-sm flex items-center gap-3 flex items-center\">\n          <span class=\"text-slate-950 font-semibold\">\u20ac139<\/span>\n                  <\/p>\n      <\/div>\n    <\/div>\n  <\/div>\n              <\/div>\n                      <\/div>\n              <\/div>\n    <\/div>\n  <\/div>\n<\/section>\n\n<h2 class=\"max-w-7xl mx-auto px-6 lg:px-8 wp-block-heading\">Worauf solltest du bei einer Golfbrille achten?<\/h2>\n\n<h3 class=\"max-w-7xl mx-auto px-6 lg:px-8 wp-block-heading\"><strong>Gro\u00dfes Sichtfeld<\/strong><\/h3>\n\n<p class=\"max-w-7xl mx-auto px-6 lg:px-8\">Um das von der Seite einfallende Licht zu blockieren, empfehlen wir etwas gr\u00f6\u00dfere, eng anliegende <a href=\"https:\/\/www.specialspex.com\/advies\/afmetingen-en-monturen\/\">Fassungen<\/a>. Gebogene Brillenfassungen mit gebogenen Gl\u00e4sern passen sich gut an dein Gesicht an und bieten eine optimale Abdeckung und ein weites Sichtfeld ohne st\u00f6rende R\u00e4nder. So haben deine Augen sowohl auf dem Fairway als auch auf dem Gr\u00fcn Ruhe. Au\u00dferdem bieten unsere Golfbrillen vollen <a href=\"https:\/\/www.oogziekenhuis.nl\/nieuws\/het-belang-van-een-zonnebril\" rel=\"nofollow noopener\" target=\"_blank\">UV-Schutz<\/a> und sind w\u00e4hrend einer Runde bequem.   <\/p>\n\n<h3 class=\"max-w-7xl mx-auto px-6 lg:px-8 wp-block-heading\"><strong>Komfort und Passform<\/strong><\/h3>\n\n<p class=\"max-w-7xl mx-auto px-6 lg:px-8\">Unsere <a href=\"https:\/\/www.specialspex.com\/advies\/glaskeuze-sport-veiligheidsbrillen\/\" data-type=\"link\" data-id=\"https:\/\/www.specialspex.com\/advies\/glaskeuze-sport-veiligheidsbrillen\/\">Golfbrille<\/a> ist ultraleicht und schmiegt sich wunderbar an dein Gesicht an. Dank des weichen Gummis am Nasensteg und an der Innenseite der B\u00fcgel bleibt sie auch bei langen Runden fest an ihrem Platz. Die Kunststoffrahmen sind flexibel und k\u00f6nnen bei Bedarf leicht angepasst werden, um einen perfekten Sitz zu gew\u00e4hrleisten.  <\/p>\n\n<figure class=\"max-w-7xl mx-auto px-6 lg:px-8 wp-block-image size-full\"><img decoding=\"async\" src=\"https:\/\/www.specialspex.com\/wp-content\/uploads\/2025\/04\/sportbril-evil-eye-epyxx-black-matt-red-front.jpg\" alt=\"verschreibungspflichtige Golfbrille&#010;\" class=\"wp-image-1296\" title=\"\"><\/figure>\n\n<h2 class=\"max-w-7xl mx-auto px-6 lg:px-8 wp-block-heading\">Welche Gl\u00e4ser w\u00e4hlst du f\u00fcr eine verschreibungspflichtige Golfbrille?<\/h2>\n\n<h3 class=\"max-w-7xl mx-auto px-6 lg:px-8 wp-block-heading\"><strong>Korrekturgl\u00e4ser<\/strong><\/h3>\n\n<p class=\"max-w-7xl mx-auto px-6 lg:px-8\">Es gibt zwei M\u00f6glichkeiten: Vollgeschnittene, ma\u00dfgefertigte Gl\u00e4ser im Rahmen oder ein Clip-in-System mit verschreibungspflichtigen Gl\u00e4sern. F\u00fcr optimale Sicht und ein gro\u00dfes Sichtfeld empfehlen wir die erste Option. <\/p>\n\n<h3 class=\"max-w-7xl mx-auto px-6 lg:px-8 wp-block-heading\"><strong>Beste Farbbrille f\u00fcr Golf<\/strong><\/h3>\n\n<p class=\"max-w-7xl mx-auto px-6 lg:px-8\"><strong>Orange (Feld) oder gelb-braun (Bahn):<\/strong> verst\u00e4rkt den Kontrast auf gr\u00fcnem Gras, verbessert die Tiefenwahrnehmung und macht H\u00f6henunterschiede besser sichtbar.<\/p>\n\n<p class=\"max-w-7xl mx-auto px-6 lg:px-8\"><strong>Selbstt\u00f6nende Gl\u00e4ser:<\/strong> ideal bei wechselnden Wetterbedingungen. Heller bei bew\u00f6lktem Wetter, dunkler bei hellem Sonnenlicht.<strong>Polarisierte Gl\u00e4ser:<\/strong> Filtern Blendeffekte von Gras und Wasser, besonders n\u00fctzlich an sonnigen Tagen und auf Kursen mit viel Wasser.  <\/p>\n\n<h2 class=\"max-w-7xl mx-auto px-6 lg:px-8 wp-block-heading\">Leichte Sportbrille<\/h2>\n\n<p class=\"max-w-7xl mx-auto px-6 lg:px-8\"><strong>Leichte Golfbrillen<\/strong> sind w\u00e4hrend 18 L\u00f6chern bequemer und bleiben stabil, wenn du dich bewegst. Weniger Gewicht bedeutet <strong>weniger Druck auf Nase und Schl\u00e4fen<\/strong>, weniger Gefahr des <strong>Durchh\u00e4ngens<\/strong> und <strong>weniger Belastung f\u00fcr die Augen<\/strong>, sodass du dich besser auf jeden Schlag konzentrieren kannst. <\/p>\n\n<p class=\"max-w-7xl mx-auto px-6 lg:px-8\"><strong>Vorteile in K\u00fcrze<\/strong><\/p>\n\n<ul class=\"max-w-7xl mx-auto px-6 lg:px-8 wp-block-list\">\n<li><strong>Komfort<\/strong>: keine Druckstellen, angenehmeres Tragen bei langen Runden.<\/li>\n<\/ul>\n\n<ul class=\"max-w-7xl mx-auto px-6 lg:px-8 wp-block-list\">\n<li><strong>Stabilit\u00e4t<\/strong>: Bleibt w\u00e4hrend des Schwungs und beim Gehen auf unebenem Gel\u00e4nde besser an seinem Platz.<\/li>\n\n\n\n<li><strong>Fokus<\/strong>: weniger Ablenkung durch herunterh\u00e4ngende oder wackelnde Gl\u00e4ser.<\/li>\n\n\n\n<li><strong>Passform<\/strong>: <strong>Verstellbare Nasenpads<\/strong> und <strong>flexible F\u00fc\u00dfe<\/strong> sorgen f\u00fcr Halt, auch wenn du schwitzt.<\/li>\n<\/ul>\n\n<p class=\"max-w-7xl mx-auto px-6 lg:px-8\">Du kannst dir eine leichte, verschreibungspflichtige Golfbrille mit der T\u00f6nung anfertigen lassen, die zu deinem Platz und den Lichtverh\u00e4ltnissen passt.<\/p>\n\n<figure class=\"max-w-7xl mx-auto px-6 lg:px-8 wp-block-image size-full is-resized\"><img decoding=\"async\" width=\"800\" height=\"800\" src=\"https:\/\/www.specialspex.com\/wp-content\/uploads\/2025\/04\/Julbo-Outline-sportbril-J5191120.jpg\" alt=\"Verschreibungspflichtige Golfbrille&#010;\" class=\"wp-image-502\" style=\"width:491px;height:auto\" title=\"\" srcset=\"https:\/\/www.specialspex.com\/wp-content\/uploads\/2025\/04\/Julbo-Outline-sportbril-J5191120.jpg 800w, https:\/\/www.specialspex.com\/wp-content\/uploads\/2025\/04\/Julbo-Outline-sportbril-J5191120-300x300.jpg 300w, https:\/\/www.specialspex.com\/wp-content\/uploads\/2025\/04\/Julbo-Outline-sportbril-J5191120-100x100.jpg 100w, https:\/\/www.specialspex.com\/wp-content\/uploads\/2025\/04\/Julbo-Outline-sportbril-J5191120-600x600.jpg 600w, https:\/\/www.specialspex.com\/wp-content\/uploads\/2025\/04\/Julbo-Outline-sportbril-J5191120-150x150.jpg 150w, https:\/\/www.specialspex.com\/wp-content\/uploads\/2025\/04\/Julbo-Outline-sportbril-J5191120-768x768.jpg 768w\" sizes=\"(max-width: 800px) 100vw, 800px\" \/><\/figure>\n\n<h2 class=\"max-w-7xl mx-auto px-6 lg:px-8 wp-block-heading\">Du suchst eine progressive Golfbrille?<\/h2>\n\n<p class=\"max-w-7xl mx-auto px-6 lg:px-8\">Du tr\u00e4gst jeden Tag eine Gleitsichtbrille und m\u00f6chtest den gleichen Sehkomfort auch auf dem Golfplatz haben? Wir fertigen deine verschreibungspflichtige Golfbrille mit Gleitsichtgl\u00e4sern in jeder gew\u00fcnschten T\u00f6nung an. F\u00e4llt es dir schwer, den Ball beim Abschlag durch den Lesebereich scharf zu sehen? Unsere Optiker helfen dir gerne dabei, die beste L\u00f6sung f\u00fcr deine Sicht auf dem Golfplatz zu finden.   <\/p>\n\n<h2 class=\"max-w-7xl mx-auto px-6 lg:px-8 wp-block-heading\">Warum SpecialSpex?<\/h2>\n\n<p class=\"max-w-7xl mx-auto px-6 lg:px-8\">Bei SpecialSpex helfen wir dir Schritt f\u00fcr Schritt dabei, die perfekte Golfbrille mit Sehst\u00e4rke zu finden. Von der Wahl des Gestells bis zur Auswahl der richtigen Gl\u00e4ser stehen wir mit pers\u00f6nlicher Beratung bereit. Auch bei der Eingabe deines Brillenrezepts sorgen wir daf\u00fcr, dass alles reibungslos abl\u00e4uft.  <\/p>\n\n<p class=\"max-w-7xl mx-auto px-6 lg:px-8\">Dar\u00fcber hinaus profitierst du immer von:<\/p>\n\n<ul class=\"max-w-7xl mx-auto px-6 lg:px-8 wp-block-list\">\n<li>Kostenloser Versand<\/li>\n\n\n\n<li>60 Tage Bedenkzeit, um deine Golfbrille sorgenfrei anzuprobieren<\/li>\n\n\n\n<li>Entdecke deine ideale Golfbrille<\/li>\n<\/ul>\n\n<p class=\"max-w-7xl mx-auto px-6 lg:px-8\">Ganz gleich, ob du in der Freizeit oder bei Turnieren spielst, mit einer verschreibungspflichtigen Golfbrille von SpecialSpex genie\u00dft du optimale Sicht, Komfort und Fokus. St\u00f6bere in unserem Angebot an Golfbrillen f\u00fcr M\u00e4nner und Frauen und erlebe den Unterschied auf dem Golfplatz. <\/p>\n\n<p class=\"max-w-7xl mx-auto px-6 lg:px-8\"><a href=\"https:\/\/www.specialspex.com\/de\/kundenservice-kontakt\/\" data-type=\"link\" data-id=\"https:\/\/www.specialspex.com\/contact\/\">Wende dich an<\/a> unsere Optiker und sie werden die optimale L\u00f6sung f\u00fcr dich finden.<\/p>\n<section class=\"max-w-7xl px-6 lg:px-8 pb-20 mx-auto relative\">\n  <div class=\"grid md:grid-cols-3 gap-4 md:gap-6\">\n          <div class=\"flex flex-col items-center text-center p-6 bg-slate-100 rounded-lg\">\n                  <img decoding=\"async\" src=\"https:\/\/www.specialspex.com\/wp-content\/uploads\/2025\/09\/Chat-icoon.png\" alt=\"CHAT\" class=\"w-[35px] mb-2\" width=\"35\" title=\"\">\n                <h3 class=\"font-semibold mb-1\">CHAT<\/h3>\n        <div class=\"text-neutral font-heading font-medium\">Chat met ons voor advies of vragen<\/div>\n      <\/div>\n          <div class=\"flex flex-col items-center text-center p-6 bg-slate-100 rounded-lg\">\n                  <img decoding=\"async\" src=\"https:\/\/www.specialspex.com\/wp-content\/uploads\/2025\/09\/phone.png\" alt=\"TELEFOON\" class=\"w-[35px] mb-2\" width=\"35\" title=\"\">\n                <h3 class=\"font-semibold mb-1\">TELEFOON<\/h3>\n        <div class=\"text-neutral font-heading font-medium\">+31 (0) 85 3032673<\/div>\n      <\/div>\n          <div class=\"flex flex-col items-center text-center p-6 bg-slate-100 rounded-lg\">\n                  <img decoding=\"async\" src=\"https:\/\/www.specialspex.com\/wp-content\/uploads\/2025\/09\/email.png\" alt=\"E-MAIL\" class=\"w-[35px] mb-2\" width=\"35\" title=\"\">\n                <h3 class=\"font-semibold mb-1\">E-MAIL<\/h3>\n        <div class=\"text-neutral font-heading font-medium\">info@specialspex.nl<\/div>\n      <\/div>\n      <\/div>\n<\/section>\n","protected":false},"excerpt":{"rendered":"<p>Golf erfordert Konzentration und Genauigkeit. Gew\u00f6hnliche Sonnenbrillen bieten oft nicht die richtige Passform oder den n\u00f6tigen Kontrast. Im Gegensatz dazu bietet dir eine Golfbrille mit Korrekturgl\u00e4sern eine klare Sicht, sch\u00fctzt deine Augen vor Wind und UV-Strahlung und bleibt bei jedem Schwung fest an ihrem Platz. Dank der Wrap-Around-Rahmen mit gew\u00f6lbten Gl\u00e4sern hast du ein weites &hellip; <a href=\"https:\/\/www.specialspex.com\/de\/golfbrille-mit-sehstaerke-immer-scharf-sehen-auf-dem-platz\/\">Fortsetzung<\/a><\/p>\n","protected":false},"author":24,"featured_media":21244,"parent":0,"menu_order":0,"comment_status":"closed","ping_status":"closed","template":"","meta":{"footnotes":""},"class_list":["post-74163","page","type-page","status-publish","has-post-thumbnail","hentry"],"_links":{"self":[{"href":"https:\/\/www.specialspex.com\/de\/wp-json\/wp\/v2\/pages\/74163","targetHints":{"allow":["GET"]}}],"collection":[{"href":"https:\/\/www.specialspex.com\/de\/wp-json\/wp\/v2\/pages"}],"about":[{"href":"https:\/\/www.specialspex.com\/de\/wp-json\/wp\/v2\/types\/page"}],"author":[{"embeddable":true,"href":"https:\/\/www.specialspex.com\/de\/wp-json\/wp\/v2\/users\/24"}],"replies":[{"embeddable":true,"href":"https:\/\/www.specialspex.com\/de\/wp-json\/wp\/v2\/comments?post=74163"}],"version-history":[{"count":0,"href":"https:\/\/www.specialspex.com\/de\/wp-json\/wp\/v2\/pages\/74163\/revisions"}],"wp:featuredmedia":[{"embeddable":true,"href":"https:\/\/www.specialspex.com\/de\/wp-json\/wp\/v2\/media\/21244"}],"wp:attachment":[{"href":"https:\/\/www.specialspex.com\/de\/wp-json\/wp\/v2\/media?parent=74163"}],"curies":[{"name":"wp","href":"https:\/\/api.w.org\/{rel}","templated":true}]}}