{"id":74186,"date":"2025-06-17T19:41:10","date_gmt":"2025-06-17T17:41:10","guid":{"rendered":"https:\/\/specialspex.com\/bezahlmethoden\/"},"modified":"2026-03-25T13:27:11","modified_gmt":"2026-03-25T12:27:11","slug":"bezahlmethoden","status":"publish","type":"page","link":"https:\/\/www.specialspex.com\/de\/bezahlmethoden\/","title":{"rendered":"Bezahlmethoden"},"content":{"rendered":"\n<p class=\"max-w-7xl mx-auto px-6 lg:px-8\">Auf unserer Website kannst du sicher mit verschiedenen Zahlungsmethoden bezahlen. Wir akzeptieren: <\/p>\n\n<p class=\"max-w-7xl mx-auto px-6 lg:px-8\"><\/p>\n\n<p class=\"max-w-7xl mx-auto px-6 lg:px-8\">Klarna - Nachzahlung<\/p>\n\n<p class=\"max-w-7xl mx-auto px-6 lg:px-8\">iDEAL (nur in den Niederlanden)<\/p>\n\n<p class=\"max-w-7xl mx-auto px-6 lg:px-8\">Bancontact (nur in Belgien)<\/p>\n\n<p class=\"max-w-7xl mx-auto px-6 lg:px-8\">Visa und Mastercard<\/p>\n\n<p class=\"max-w-7xl mx-auto px-6 lg:px-8\">PayPal<\/p>\n\n<h2 class=\"max-w-7xl mx-auto px-6 lg:px-8 wp-block-heading\">Kreditkarten<\/h2>\n\n<p class=\"max-w-7xl mx-auto px-6 lg:px-8\">Wenn du einen Einkauf mit einer Visa- oder Mastercard-Kreditkarte t\u00e4tigst, kann dieser durch die Einkaufsversicherung deiner Kreditkarte abgedeckt sein. In vielen F\u00e4llen sind die Eink\u00e4ufe bis zu 180 Tage lang gegen Verlust, Diebstahl oder Besch\u00e4digung versichert. <\/p>\n\n<p class=\"max-w-7xl mx-auto px-6 lg:px-8\">Die Bedingungen f\u00fcr diese Versicherung variieren von Bank zu Bank oder von Kreditkartenunternehmen zu Kreditkartenunternehmen. Wenn du sie in Anspruch nehmen m\u00f6chtest, wende dich an deine Bank oder deinen Kreditkartenanbieter. <\/p>\n\n<h2 class=\"max-w-7xl mx-auto px-6 lg:px-8 wp-block-heading\">Klarna<\/h2>\n\n<p class=\"max-w-7xl mx-auto px-6 lg:px-8\">Bei Klarna kannst du dich f\u00fcr eine nachtr\u00e4gliche Bezahlung entscheiden. Du erh\u00e4ltst deine Bestellung zuerst und bezahlst danach. <\/p>\n\n<p class=\"max-w-7xl mx-auto px-6 lg:px-8\">Du kannst w\u00e4hlen zwischen:<\/p>\n\n<ul class=\"max-w-7xl mx-auto px-6 lg:px-8 wp-block-list\">\n<li>innerhalb von 14 Tagen zahlen (in Belgien betr\u00e4gt die Frist 21 Tage)<\/li>\n\n\n\n<li>gegen eine geringe Geb\u00fchr innerhalb von 60 Tagen zahlen<\/li>\n<\/ul>\n\n<p class=\"max-w-7xl mx-auto px-6 lg:px-8\">Die Bezahlung erfolgt \u00fcber Klarna. Du erh\u00e4ltst eine Zahlungs\u00fcbersicht von Klarna, nachdem deine Bestellung versandt wurde. <\/p>\n\n<h2 class=\"max-w-7xl mx-auto px-6 lg:px-8 wp-block-heading\">Rechnung<\/h2>\n\n<p class=\"max-w-7xl mx-auto px-6 lg:px-8\">M\u00f6chtest du eine Rechnung erhalten, bevor die Brille hergestellt wird? Das ist m\u00f6glich. Das wird vor allem f\u00fcr Schutzbrillen verwendet, die vom Arbeitgeber erstattet werden.  <\/p>\n\n<p class=\"max-w-7xl mx-auto px-6 lg:px-8\">Schicke uns eine E-Mail mit deinen Anforderungen und den Daten deines Arbeitgebers. Wir sorgen daf\u00fcr, dass die Rechnung erstellt wird und die Bestellung ausgel\u00f6st werden kann. <\/p>\n\n<p class=\"max-w-7xl mx-auto px-6 lg:px-8\"><\/p>\n","protected":false},"excerpt":{"rendered":"<p>Auf unserer Website kannst du sicher mit verschiedenen Zahlungsmethoden bezahlen. Wir akzeptieren: Klarna - Nachzahlung iDEAL (nur in den Niederlanden) Bancontact (nur in Belgien) Visa und Mastercard PayPal Kreditkarten Wenn du einen Einkauf mit einer Visa- oder Mastercard-Kreditkarte t\u00e4tigst, kann dieser durch die Einkaufsversicherung deiner Kreditkarte abgedeckt sein. In vielen F\u00e4llen sind die Eink\u00e4ufe bis &hellip; <a href=\"https:\/\/www.specialspex.com\/de\/bezahlmethoden\/\">Fortsetzung<\/a><\/p>\n","protected":false},"author":1,"featured_media":0,"parent":0,"menu_order":0,"comment_status":"closed","ping_status":"closed","template":"","meta":{"footnotes":""},"class_list":["post-74186","page","type-page","status-publish","hentry"],"_links":{"self":[{"href":"https:\/\/www.specialspex.com\/de\/wp-json\/wp\/v2\/pages\/74186","targetHints":{"allow":["GET"]}}],"collection":[{"href":"https:\/\/www.specialspex.com\/de\/wp-json\/wp\/v2\/pages"}],"about":[{"href":"https:\/\/www.specialspex.com\/de\/wp-json\/wp\/v2\/types\/page"}],"author":[{"embeddable":true,"href":"https:\/\/www.specialspex.com\/de\/wp-json\/wp\/v2\/users\/1"}],"replies":[{"embeddable":true,"href":"https:\/\/www.specialspex.com\/de\/wp-json\/wp\/v2\/comments?post=74186"}],"version-history":[{"count":1,"href":"https:\/\/www.specialspex.com\/de\/wp-json\/wp\/v2\/pages\/74186\/revisions"}],"predecessor-version":[{"id":74187,"href":"https:\/\/www.specialspex.com\/de\/wp-json\/wp\/v2\/pages\/74186\/revisions\/74187"}],"wp:attachment":[{"href":"https:\/\/www.specialspex.com\/de\/wp-json\/wp\/v2\/media?parent=74186"}],"curies":[{"name":"wp","href":"https:\/\/api.w.org\/{rel}","templated":true}]}}