{"id":74306,"date":"2025-06-17T19:38:48","date_gmt":"2025-06-17T17:38:48","guid":{"rendered":"https:\/\/specialspex.com\/versandkosten-und-lieferzeiten\/"},"modified":"2026-03-25T13:31:52","modified_gmt":"2026-03-25T12:31:52","slug":"versandkosten-und-lieferzeiten","status":"publish","type":"page","link":"https:\/\/www.specialspex.com\/de\/versandkosten-und-lieferzeiten\/","title":{"rendered":"Versandkosten und Lieferzeiten"},"content":{"rendered":"\n<h2 class=\"max-w-7xl mx-auto px-6 lg:px-8 wp-block-heading\">Lieferfrist<\/h2>\n\n<p class=\"max-w-7xl mx-auto px-6 lg:px-8\">Die Lieferzeit f\u00fcr deine Brille h\u00e4ngt von der Art der Brille und den gew\u00e4hlten Gl\u00e4sern ab. Wir bem\u00fchen uns immer, deine Bestellung so schnell wie m\u00f6glich zu liefern. <\/p>\n\n<div style=\"height:15px\" aria-hidden=\"true\" class=\"wp-block-spacer\"><\/div>\n\n<p class=\"max-w-7xl mx-auto px-6 lg:px-8\">Im Durchschnitt dauert es etwa zwei bis drei Wochen, bis eine Brille fertiggestellt ist. Die Fassung wird zun\u00e4chst an unsere Verglasungswerkstatt geschickt, wo die Gl\u00e4ser angepasst und in die Fassung eingesetzt werden. Je nach Art der Gl\u00e4ser dauert dies in der Regel f\u00fcnf bis 10 Arbeitstage.  <\/p>\n\n<div style=\"height:15px\" aria-hidden=\"true\" class=\"wp-block-spacer\"><\/div>\n\n<p class=\"max-w-7xl mx-auto px-6 lg:px-8\">In Ausnahmef\u00e4llen kann die Lieferzeit etwas l\u00e4nger sein, z. B. bei bestimmten Glasoptionen oder zu Sto\u00dfzeiten beim Lieferanten. Sollte dies der Fall sein, werden wir uns rechtzeitig mit dir in Verbindung setzen, um dich zu informieren und gemeinsam einen geeigneten Liefertermin zu vereinbaren. <\/p>\n\n<div style=\"height:15px\" aria-hidden=\"true\" class=\"wp-block-spacer\"><\/div>\n\n<h2 class=\"max-w-7xl mx-auto px-6 lg:px-8 wp-block-heading\">Versandgeb\u00fchren<\/h2>\n\n<p class=\"max-w-7xl mx-auto px-6 lg:px-8\">Wir berechnen keine Versandkosten f\u00fcr Bestellungen mit Lieferung innerhalb der EU.<\/p>\n\n<p class=\"max-w-7xl mx-auto px-6 lg:px-8\">Wenn du ein Produkt zur\u00fcckgeben m\u00f6chtest, tr\u00e4gst du die Kosten f\u00fcr die R\u00fccksendung selbst. Nur wenn die R\u00fccksendung auf einen Fehler unsererseits zur\u00fcckzuf\u00fchren ist, \u00fcbernehmen wir nat\u00fcrlich die Versandkosten. <\/p>\n\n<div style=\"height:15px\" aria-hidden=\"true\" class=\"wp-block-spacer\"><\/div>\n\n<p class=\"max-w-7xl mx-auto px-6 lg:px-8\"><strong>Die Gewissheiten von Trusted Shops<\/strong><\/p>\n\n<p class=\"max-w-7xl mx-auto px-6 lg:px-8\">Specialspex ist ein Mitglied von Trusted Shops. Das bedeutet, dass du dich auf vertrauensw\u00fcrdige Bestellungen und verifizierte Kundenrezensionen verlassen kannst. <\/p>\n\n<p class=\"max-w-7xl mx-auto px-6 lg:px-8\">Alle Bewertungen werden auf ihre Echtheit gepr\u00fcft, damit du ein ehrliches Bild von den Erfahrungen anderer Kunden bekommst.<\/p>\n\n<div style=\"height:15px\" aria-hidden=\"true\" class=\"wp-block-spacer\"><\/div>\n\n<p class=\"max-w-7xl mx-auto px-6 lg:px-8\"><strong>K\u00e4uferschutz<\/strong><\/p>\n\n<p class=\"max-w-7xl mx-auto px-6 lg:px-8\">Mit dem Trusted Shops-K\u00e4uferschutz sind deine Eink\u00e4ufe besonders sicher. Wenn deine Bestellung besch\u00e4digt ankommt, nicht geliefert wird oder du ein Produkt zur\u00fcckgeschickt hast, ohne eine Erstattung zu erhalten, bietet der K\u00e4uferschutz zus\u00e4tzliche Sicherheit. <\/p>\n\n<p class=\"max-w-7xl mx-auto px-6 lg:px-8\">Nach deinem Kauf kannst du auch einen zus\u00e4tzlichen K\u00e4uferschutz f\u00fcr deine Bestellung \u00fcber Trusted Shops abschlie\u00dfen, unabh\u00e4ngig von der von dir verwendeten Zahlungsmethode.<\/p>\n\n<p class=\"max-w-7xl mx-auto px-6 lg:px-8\"><\/p>\n","protected":false},"excerpt":{"rendered":"<p>Lieferfrist Die Lieferzeit f\u00fcr deine Brille h\u00e4ngt von der Art der Brille und den gew\u00e4hlten Gl\u00e4sern ab. Wir bem\u00fchen uns immer, deine Bestellung so schnell wie m\u00f6glich zu liefern. Im Durchschnitt dauert es etwa zwei bis drei Wochen, bis eine Brille fertiggestellt ist. Die Fassung wird zun\u00e4chst an unsere Verglasungswerkstatt geschickt, wo die Gl\u00e4ser angepasst &hellip; <a href=\"https:\/\/www.specialspex.com\/de\/versandkosten-und-lieferzeiten\/\">Fortsetzung<\/a><\/p>\n","protected":false},"author":1,"featured_media":0,"parent":0,"menu_order":0,"comment_status":"closed","ping_status":"closed","template":"","meta":{"footnotes":""},"class_list":["post-74306","page","type-page","status-publish","hentry"],"_links":{"self":[{"href":"https:\/\/www.specialspex.com\/de\/wp-json\/wp\/v2\/pages\/74306","targetHints":{"allow":["GET"]}}],"collection":[{"href":"https:\/\/www.specialspex.com\/de\/wp-json\/wp\/v2\/pages"}],"about":[{"href":"https:\/\/www.specialspex.com\/de\/wp-json\/wp\/v2\/types\/page"}],"author":[{"embeddable":true,"href":"https:\/\/www.specialspex.com\/de\/wp-json\/wp\/v2\/users\/1"}],"replies":[{"embeddable":true,"href":"https:\/\/www.specialspex.com\/de\/wp-json\/wp\/v2\/comments?post=74306"}],"version-history":[{"count":1,"href":"https:\/\/www.specialspex.com\/de\/wp-json\/wp\/v2\/pages\/74306\/revisions"}],"predecessor-version":[{"id":74307,"href":"https:\/\/www.specialspex.com\/de\/wp-json\/wp\/v2\/pages\/74306\/revisions\/74307"}],"wp:attachment":[{"href":"https:\/\/www.specialspex.com\/de\/wp-json\/wp\/v2\/media?parent=74306"}],"curies":[{"name":"wp","href":"https:\/\/api.w.org\/{rel}","templated":true}]}}