{"id":74539,"date":"2025-11-17T11:58:42","date_gmt":"2025-11-17T10:58:42","guid":{"rendered":"https:\/\/specialspex.com\/product\/smash-medium\/"},"modified":"2025-11-17T11:58:42","modified_gmt":"2025-11-17T10:58:42","slug":"smash-medium","status":"publish","type":"product","link":"https:\/\/www.specialspex.com\/de\/sportbrille\/ballsport\/demetz-smash-medium\/","title":{"rendered":"Smash Medium"},"content":{"rendered":"<p data-start=\"190\" data-end=\"651\">Die Demetz Smash Medium wurde speziell f\u00fcr Kinder entwickelt, die bei Ballsportarten und intensivem Training zus\u00e4tzlichen Schutz und Stabilit\u00e4t ben\u00f6tigen. Anstelle von herk\u00f6mmlichen Federn verf\u00fcgt diese Sportbrille \u00fcber ein elastisches Kopfband, das sie auch bei schnellem Tempo fest an ihrem Platz h\u00e4lt. Die flexible, sto\u00dffeste Konstruktion sorgt f\u00fcr Sicherheit und Tragekomfort, w\u00e4hrend die breite Scheibenform klare Sicht in jeder Spielsituation bietet.  <\/p>\n<p data-start=\"653\" data-end=\"1020\">- Elastisches Kopfband f\u00fcr optimalen Halt beim Sport<br data-start=\"715\" data-end=\"718\">- Flexible und sto\u00dffeste, brillen\u00e4hnliche Konstruktion, ideal f\u00fcr Kinder<br data-start=\"797\" data-end=\"800\">- Bequeme Passform, die sich eng an das Gesicht anschmiegt<br data-start=\"855\" data-end=\"858\">- Breite Scheibenform f\u00fcr ein klares und weites Sichtfeld<br data-start=\"911\" data-end=\"914\">- Erh\u00e4ltlich mit verschreibungspflichtigen Gl\u00e4sern von Specialspex<br data-start=\"980\" data-end=\"983\">- Inklusive Schutzh\u00fclle<\/p>\n","protected":false},"excerpt":{"rendered":"<p data-start=\"190\" data-end=\"651\">Die Demetz Smash Medium wurde speziell f\u00fcr Kinder entwickelt, die bei Ballsportarten und intensiven \u00dcbungen zus\u00e4tzlichen Schutz und Stabilit\u00e4t ben\u00f6tigen. Anstelle von herk\u00f6mmlichen Federn ist diese Sportbrille mit einem elastischen Kopfband ausgestattet, das sie auch bei hohem Tempo fest an ihrem Platz h\u00e4lt. Die flexible, sto\u00dffeste Konstruktion sorgt f\u00fcr Sicherheit und Tragekomfort, w\u00e4hrend die breite Scheibenform klare Sicht in jeder Spielsituation bietet.  <\/p>\n<p data-start=\"653\" data-end=\"1020\">- Elastisches Kopfband f\u00fcr optimalen Halt beim Sport<br data-start=\"715\" data-end=\"718\">- Flexible und sto\u00dffeste, brillen\u00e4hnliche Konstruktion, ideal f\u00fcr Kinder<br data-start=\"797\" data-end=\"800\">- Bequeme Passform, die sich eng an das Gesicht anschmiegt<br data-start=\"855\" data-end=\"858\">- Breite Scheibenform f\u00fcr ein klares und weites Sichtfeld<br data-start=\"911\" data-end=\"914\">- Erh\u00e4ltlich mit verschreibungspflichtigen Gl\u00e4sern von Specialspex<br data-start=\"980\" data-end=\"983\">- Inklusive Schutzh\u00fclle<\/p>\n","protected":false},"featured_media":64900,"template":"","meta":[],"product_brand":[795],"product_cat":[584,590,585,589,586,591,593,594,587,588,592],"product_tag":[],"class_list":{"0":"post-74539","1":"product","2":"type-product","3":"status-publish","4":"has-post-thumbnail","6":"product_brand-demetz","7":"product_cat-sportbrille","8":"product_cat-ballsport","9":"product_cat-basketball","10":"product_cat-fussballbrille","11":"product_cat-hockey","12":"product_cat-padel","13":"product_cat-racket-sportarten","14":"product_cat-sportbrillen-fuer-kinder","15":"product_cat-squash","16":"product_cat-tennis","17":"product_cat-volleyball","18":"pa_geschikt-voor-frauen","19":"pa_geschikt-voor-sportbrillen-fuer-kinder","20":"pa_kleur-montuur-blau","21":"pa_kleur-montuur-gelb","22":"pa_kleur-montuur-grau","23":"pa_kleur-montuur-grun","24":"pa_kleur-montuur-schwarz","25":"pa_maat-montuur-gross","26":"pa_maat-montuur-junge-erwachsene-10-16-jahre","27":"pa_maat-montuur-medium","28":"pa_soort-bril-op-sterkte-geeignet-fuer-hohe-staerken","29":"pa_soort-bril-op-sterkte-mit-sehstaerke","30":"pa_soort-bril-op-sterkte-ohne-sehstaerke","32":"first","33":"instock","34":"shipping-taxable","35":"purchasable","36":"product-type-variable"},"_links":{"self":[{"href":"https:\/\/www.specialspex.com\/de\/wp-json\/wp\/v2\/product\/74539","targetHints":{"allow":["GET"]}}],"collection":[{"href":"https:\/\/www.specialspex.com\/de\/wp-json\/wp\/v2\/product"}],"about":[{"href":"https:\/\/www.specialspex.com\/de\/wp-json\/wp\/v2\/types\/product"}],"wp:featuredmedia":[{"embeddable":true,"href":"https:\/\/www.specialspex.com\/de\/wp-json\/wp\/v2\/media\/64900"}],"wp:attachment":[{"href":"https:\/\/www.specialspex.com\/de\/wp-json\/wp\/v2\/media?parent=74539"}],"wp:term":[{"taxonomy":"product_brand","embeddable":true,"href":"https:\/\/www.specialspex.com\/de\/wp-json\/wp\/v2\/product_brand?post=74539"},{"taxonomy":"product_cat","embeddable":true,"href":"https:\/\/www.specialspex.com\/de\/wp-json\/wp\/v2\/product_cat?post=74539"},{"taxonomy":"product_tag","embeddable":true,"href":"https:\/\/www.specialspex.com\/de\/wp-json\/wp\/v2\/product_tag?post=74539"}],"curies":[{"name":"wp","href":"https:\/\/api.w.org\/{rel}","templated":true}]}}