{"id":74550,"date":"2025-11-24T17:16:09","date_gmt":"2025-11-24T16:16:09","guid":{"rendered":"https:\/\/specialspex.com\/product\/gullwing-rx-semi-rimless\/"},"modified":"2026-04-02T17:20:59","modified_gmt":"2026-04-02T15:20:59","slug":"gullwing-rx-semi-rimless","status":"publish","type":"product","link":"https:\/\/www.specialspex.com\/de\/sicherheit\/eyres-gullwing-rx-semi-rimless\/","title":{"rendered":"Gullwing RX Semi Rimless"},"content":{"rendered":"<p data-start=\"212\" data-end=\"726\">Die Eyres Gullwing RX Semi Rimless ist eine leichte, professionelle Schutzbrille, die ausgezeichneten Schutz an Arbeitspl\u00e4tzen bietet, an denen Pr\u00e4zision, Komfort und ein breites Sichtfeld wichtig sind. Das halbrandlose Design sorgt f\u00fcr optimale Sicht bei technischen Arbeiten, w\u00e4hrend die ergonomische Passform und die griffigen Details daf\u00fcr sorgen, dass die Brille den ganzen Tag \u00fcber bequem sitzt. Die Sicherheitsgl\u00e4ser aus Polycarbonat oder Trivex bieten zuverl\u00e4ssigen Schutz vor St\u00f6\u00dfen und umherfliegenden Partikeln.  <\/p>\n<p data-start=\"728\" data-end=\"1087\">- Leichtes, halbrandloses Design f\u00fcr ein weites und ungehindertes Sichtfeld<br data-start=\"806\" data-end=\"809\">- Schlagfeste Sicherheitsgl\u00e4ser aus Polycarbonat oder Trivex<br data-start=\"878\" data-end=\"881\">- Bequeme, ergonomische Passform mit griffigen Nasenpads<br data-start=\"940\" data-end=\"943\">- Zuverl\u00e4ssiger Schutz vor St\u00f6\u00dfen und umherfliegenden Partikeln<br data-start=\"1007\" data-end=\"1010\">- Kann mit Korrekturgl\u00e4sern nach EN-166-Normung geliefert werden<br data-start=\"1058\" data-end=\"1061\">- Schutzetui im Lieferumfang enthalten<\/p>\n","protected":false},"excerpt":{"rendered":"<p data-start=\"212\" data-end=\"726\">Die Eyres Gullwing RX Semi Rimless ist eine leichte, professionelle Schutzbrille, die ausgezeichneten Schutz an Arbeitspl\u00e4tzen bietet, an denen Pr\u00e4zision, Komfort und ein breites Sichtfeld wichtig sind. Das halbrandlose Design sorgt f\u00fcr optimale Sicht bei technischen Arbeiten, w\u00e4hrend die ergonomische Passform und die griffigen Details daf\u00fcr sorgen, dass die Brille den ganzen Tag \u00fcber bequem sitzt. Die Sicherheitsgl\u00e4ser aus Polycarbonat oder Trivex bieten zuverl\u00e4ssigen Schutz vor St\u00f6\u00dfen und umherfliegenden Partikeln.  <\/p>\n<p data-start=\"728\" data-end=\"1087\">- Leichtes, halbrandloses Design f\u00fcr ein weites und ungehindertes Sichtfeld<br data-start=\"806\" data-end=\"809\">- Schlagfeste Sicherheitsgl\u00e4ser aus Polycarbonat oder Trivex<br data-start=\"878\" data-end=\"881\">- Bequeme, ergonomische Passform mit griffigen Nasenpads<br data-start=\"940\" data-end=\"943\">- Zuverl\u00e4ssiger Schutz vor St\u00f6\u00dfen und umherfliegenden Partikeln<br data-start=\"1007\" data-end=\"1010\">- Kann mit Korrekturgl\u00e4sern nach EN-166-Normung geliefert werden<br data-start=\"1058\" data-end=\"1061\">- Schutzetui im Lieferumfang enthalten<\/p>\n","protected":false},"featured_media":56536,"template":"","meta":[],"product_brand":[791],"product_cat":[628],"product_tag":[],"class_list":{"0":"post-74550","1":"product","2":"type-product","3":"status-publish","4":"has-post-thumbnail","6":"product_brand-eyres","7":"product_cat-sicherheit","8":"pa_geschikt-voor-frauen","9":"pa_geschikt-voor-manner","10":"pa_kleur-montuur-schwarz","11":"pa_maat-montuur-gross","12":"pa_maat-montuur-medium","13":"pa_soort-bril-op-sterkte-mit-sehstaerke","15":"first","16":"instock","17":"shipping-taxable","18":"purchasable","19":"product-type-simple"},"_links":{"self":[{"href":"https:\/\/www.specialspex.com\/de\/wp-json\/wp\/v2\/product\/74550","targetHints":{"allow":["GET"]}}],"collection":[{"href":"https:\/\/www.specialspex.com\/de\/wp-json\/wp\/v2\/product"}],"about":[{"href":"https:\/\/www.specialspex.com\/de\/wp-json\/wp\/v2\/types\/product"}],"wp:featuredmedia":[{"embeddable":true,"href":"https:\/\/www.specialspex.com\/de\/wp-json\/wp\/v2\/media\/56536"}],"wp:attachment":[{"href":"https:\/\/www.specialspex.com\/de\/wp-json\/wp\/v2\/media?parent=74550"}],"wp:term":[{"taxonomy":"product_brand","embeddable":true,"href":"https:\/\/www.specialspex.com\/de\/wp-json\/wp\/v2\/product_brand?post=74550"},{"taxonomy":"product_cat","embeddable":true,"href":"https:\/\/www.specialspex.com\/de\/wp-json\/wp\/v2\/product_cat?post=74550"},{"taxonomy":"product_tag","embeddable":true,"href":"https:\/\/www.specialspex.com\/de\/wp-json\/wp\/v2\/product_tag?post=74550"}],"curies":[{"name":"wp","href":"https:\/\/api.w.org\/{rel}","templated":true}]}}