{"id":74589,"date":"2025-11-17T13:43:06","date_gmt":"2025-11-17T12:43:06","guid":{"rendered":"https:\/\/specialspex.com\/product\/smash-large\/"},"modified":"2025-11-17T13:43:06","modified_gmt":"2025-11-17T12:43:06","slug":"smash-large","status":"publish","type":"product","link":"https:\/\/www.specialspex.com\/de\/sportbrille\/ballsport\/demetz-smash-large\/","title":{"rendered":"Smash Large"},"content":{"rendered":"<p data-start=\"190\" data-end=\"651\">Die Demetz Smash Medium wurde speziell f\u00fcr Sportler entwickelt, die bei Ballspielen und intensivem Training zus\u00e4tzlichen Schutz und Stabilit\u00e4t ben\u00f6tigen. Anstelle von herk\u00f6mmlichen Federn verf\u00fcgt diese Sportbrille \u00fcber ein elastisches Kopfband, das sie auch bei hohem Tempo fest an ihrem Platz h\u00e4lt. Die flexible, sto\u00dffeste Konstruktion sorgt f\u00fcr Sicherheit und Tragekomfort, w\u00e4hrend die breite Scheibenform klare Sicht in jeder Spielsituation bietet.  <\/p>\n<p data-start=\"653\" data-end=\"1020\">- Elastisches Kopfband f\u00fcr optimale Stabilit\u00e4t beim Sport<br data-start=\"715\" data-end=\"718\">- Flexible und sto\u00dffeste, brillen\u00e4hnliche Konstruktion, ideal f\u00fcr Ballsportarten<br data-start=\"797\" data-end=\"800\">- Bequeme Passform, die sich eng an das Gesicht anschmiegt<br data-start=\"855\" data-end=\"858\">- Breite Scheibenform f\u00fcr ein klares und weites Sichtfeld<br data-start=\"911\" data-end=\"914\">- Erh\u00e4ltlich mit verschreibungspflichtigen Gl\u00e4sern von Specialspex<br data-start=\"980\" data-end=\"983\">- Inklusive Schutzh\u00fclle<\/p>\n","protected":false},"excerpt":{"rendered":"<p data-start=\"190\" data-end=\"651\">Die Demetz Smash Medium wurde speziell f\u00fcr Sportler entwickelt, die bei Ballspielen und intensivem Training zus\u00e4tzlichen Schutz und Stabilit\u00e4t ben\u00f6tigen. Anstelle von herk\u00f6mmlichen Federn verf\u00fcgt diese Sportbrille \u00fcber ein elastisches Kopfband, das sie auch bei schnellem Tempo fest an ihrem Platz h\u00e4lt. Die flexible, sto\u00dffeste Konstruktion sorgt f\u00fcr Sicherheit und Tragekomfort, w\u00e4hrend die breite Scheibenform klare Sicht in jeder Spielsituation bietet.  <\/p>\n<p data-start=\"653\" data-end=\"1020\">- Elastisches Kopfband f\u00fcr optimalen Halt beim Sport<br data-start=\"715\" data-end=\"718\">- Flexible und sto\u00dffeste, brillen\u00e4hnliche Konstruktion, ideal f\u00fcr Ballsportarten<br data-start=\"797\" data-end=\"800\">- Bequeme Passform, die sich eng an das Gesicht anschmiegt<br data-start=\"855\" data-end=\"858\">- Breite Scheibenform f\u00fcr ein klares und weites Sichtfeld<br data-start=\"911\" data-end=\"914\">- Erh\u00e4ltlich mit verschreibungspflichtigen Gl\u00e4sern von Specialspex<br data-start=\"980\" data-end=\"983\">- Inklusive Schutzh\u00fclle<\/p>\n","protected":false},"featured_media":64912,"template":"","meta":[],"product_brand":[795],"product_cat":[584,590,585,589,586,591,593,587,588,592],"product_tag":[],"class_list":{"0":"post-74589","1":"product","2":"type-product","3":"status-publish","4":"has-post-thumbnail","6":"product_brand-demetz","7":"product_cat-sportbrille","8":"product_cat-ballsport","9":"product_cat-basketball","10":"product_cat-fussballbrille","11":"product_cat-hockey","12":"product_cat-padel","13":"product_cat-racket-sportarten","14":"product_cat-squash","15":"product_cat-tennis","16":"product_cat-volleyball","17":"pa_geschikt-voor-frauen","18":"pa_geschikt-voor-manner","19":"pa_kleur-montuur-blau","20":"pa_kleur-montuur-schwarz","21":"pa_maat-montuur-extra-gros","22":"pa_maat-montuur-gross","23":"pa_soort-bril-op-sterkte-geeignet-fuer-hohe-staerken","24":"pa_soort-bril-op-sterkte-mit-sehstaerke","25":"pa_soort-bril-op-sterkte-ohne-sehstaerke","27":"first","28":"instock","29":"shipping-taxable","30":"purchasable","31":"product-type-variable"},"_links":{"self":[{"href":"https:\/\/www.specialspex.com\/de\/wp-json\/wp\/v2\/product\/74589","targetHints":{"allow":["GET"]}}],"collection":[{"href":"https:\/\/www.specialspex.com\/de\/wp-json\/wp\/v2\/product"}],"about":[{"href":"https:\/\/www.specialspex.com\/de\/wp-json\/wp\/v2\/types\/product"}],"wp:featuredmedia":[{"embeddable":true,"href":"https:\/\/www.specialspex.com\/de\/wp-json\/wp\/v2\/media\/64912"}],"wp:attachment":[{"href":"https:\/\/www.specialspex.com\/de\/wp-json\/wp\/v2\/media?parent=74589"}],"wp:term":[{"taxonomy":"product_brand","embeddable":true,"href":"https:\/\/www.specialspex.com\/de\/wp-json\/wp\/v2\/product_brand?post=74589"},{"taxonomy":"product_cat","embeddable":true,"href":"https:\/\/www.specialspex.com\/de\/wp-json\/wp\/v2\/product_cat?post=74589"},{"taxonomy":"product_tag","embeddable":true,"href":"https:\/\/www.specialspex.com\/de\/wp-json\/wp\/v2\/product_tag?post=74589"}],"curies":[{"name":"wp","href":"https:\/\/api.w.org\/{rel}","templated":true}]}}