{"id":74606,"date":"2025-11-17T14:56:04","date_gmt":"2025-11-17T13:56:04","guid":{"rendered":"https:\/\/specialspex.com\/product\/softness-r-medium\/"},"modified":"2026-04-18T12:09:10","modified_gmt":"2026-04-18T10:09:10","slug":"softness-r-medium","status":"publish","type":"product","link":"https:\/\/www.specialspex.com\/de\/sportbrille\/ballsport\/demetz-softness-r-medium\/","title":{"rendered":"Softness R Medium"},"content":{"rendered":"<p data-start=\"187\" data-end=\"652\">Die Demetz Softness R Medium wurde f\u00fcr junge Sportler entwickelt, die eine sichere, flexible und bequeme Sportbrille ben\u00f6tigen. Das Gestell besteht aus nahezu unzerbrechlichem Material, das St\u00f6\u00dfe m\u00fchelos absorbiert, wodurch sich die Brille hervorragend f\u00fcr Ballsportarten und intensives Training eignet. Die Gr\u00f6\u00dfe Medium bietet eine etwas breitere Passform, ideal f\u00fcr Kinder, die bereit f\u00fcr ein etwas gr\u00f6\u00dferes Sportmodell sind, ohne dabei Kompromisse beim Tragekomfort oder Schutz einzugehen.  <\/p>\n<p data-start=\"654\" data-end=\"1018\">- Nahezu unzerbrechlicher und flexibler Rahmen f\u00fcr maximale Sicherheit<br data-start=\"718\" data-end=\"721\">- Mittlere Passform, geeignet f\u00fcr \u00e4ltere Kinder oder Jugendspieler<br data-start=\"784\" data-end=\"787\">- Sto\u00dfd\u00e4mpfendes Design f\u00fcr optimalen Schutz beim Sport<br data-start=\"853\" data-end=\"856\">- Breite Scheibenform f\u00fcr ein klares und weites Sichtfeld<br data-start=\"909\" data-end=\"912\">- Erh\u00e4ltlich mit verschreibungspflichtigen Gl\u00e4sern mit hochwertigen Gl\u00e4sern von Specialspex<br data-start=\"978\" data-end=\"981\">- Inklusive Schutzetui<\/p>\n","protected":false},"excerpt":{"rendered":"<p data-start=\"187\" data-end=\"652\">Die Demetz Softness R Medium wurde f\u00fcr junge Sportler entwickelt, die eine sichere, flexible und bequeme Sportbrille ben\u00f6tigen. Das Gestell besteht aus nahezu unzerbrechlichem Material, das St\u00f6\u00dfe m\u00fchelos absorbiert, wodurch sich die Brille hervorragend f\u00fcr Ballsportarten und intensives Training eignet. Die Gr\u00f6\u00dfe Medium bietet eine etwas breitere Passform, ideal f\u00fcr Kinder, die bereit f\u00fcr ein etwas gr\u00f6\u00dferes Sportmodell sind, ohne dabei Kompromisse beim Tragekomfort oder Schutz einzugehen.  <\/p>\n<p data-start=\"654\" data-end=\"1018\">- Nahezu unzerbrechlicher und flexibler Rahmen f\u00fcr maximale Sicherheit<br data-start=\"718\" data-end=\"721\">- Mittlere Passform, geeignet f\u00fcr \u00e4ltere Kinder oder Jugendspieler<br data-start=\"784\" data-end=\"787\">- Sto\u00dfd\u00e4mpfendes Design f\u00fcr optimalen Schutz beim Sport<br data-start=\"853\" data-end=\"856\">- Breite Scheibenform f\u00fcr ein klares und weites Sichtfeld<br data-start=\"909\" data-end=\"912\">- Erh\u00e4ltlich mit verschreibungspflichtigen Gl\u00e4sern mit hochwertigen Gl\u00e4sern von Specialspex<br data-start=\"978\" data-end=\"981\">- Inklusive Schutzetui<\/p>\n","protected":false},"featured_media":60862,"template":"","meta":[],"product_brand":[795],"product_cat":[584,590,585,589,586,591,593,594,587,588,592],"product_tag":[],"class_list":{"0":"post-74606","1":"product","2":"type-product","3":"status-publish","4":"has-post-thumbnail","6":"product_brand-demetz","7":"product_cat-sportbrille","8":"product_cat-ballsport","9":"product_cat-basketball","10":"product_cat-fussballbrille","11":"product_cat-hockey","12":"product_cat-padel","13":"product_cat-racket-sportarten","14":"product_cat-sportbrillen-fuer-kinder","15":"product_cat-squash","16":"product_cat-tennis","17":"product_cat-volleyball","18":"pa_geschikt-voor-sportbrillen-fuer-kinder","19":"pa_kleur-montuur-blau","20":"pa_kleur-montuur-grau","21":"pa_kleur-montuur-rot","22":"pa_kleur-montuur-schwarz","23":"pa_maat-montuur-extra-klein","24":"pa_maat-montuur-kinder-von-8-12-jahren","25":"pa_soort-bril-op-sterkte-geeignet-fuer-hohe-staerken","26":"pa_soort-bril-op-sterkte-mit-sehstaerke","27":"pa_soort-bril-op-sterkte-ohne-sehstaerke","29":"first","30":"instock","31":"shipping-taxable","32":"purchasable","33":"product-type-variable"},"_links":{"self":[{"href":"https:\/\/www.specialspex.com\/de\/wp-json\/wp\/v2\/product\/74606","targetHints":{"allow":["GET"]}}],"collection":[{"href":"https:\/\/www.specialspex.com\/de\/wp-json\/wp\/v2\/product"}],"about":[{"href":"https:\/\/www.specialspex.com\/de\/wp-json\/wp\/v2\/types\/product"}],"wp:featuredmedia":[{"embeddable":true,"href":"https:\/\/www.specialspex.com\/de\/wp-json\/wp\/v2\/media\/60862"}],"wp:attachment":[{"href":"https:\/\/www.specialspex.com\/de\/wp-json\/wp\/v2\/media?parent=74606"}],"wp:term":[{"taxonomy":"product_brand","embeddable":true,"href":"https:\/\/www.specialspex.com\/de\/wp-json\/wp\/v2\/product_brand?post=74606"},{"taxonomy":"product_cat","embeddable":true,"href":"https:\/\/www.specialspex.com\/de\/wp-json\/wp\/v2\/product_cat?post=74606"},{"taxonomy":"product_tag","embeddable":true,"href":"https:\/\/www.specialspex.com\/de\/wp-json\/wp\/v2\/product_tag?post=74606"}],"curies":[{"name":"wp","href":"https:\/\/api.w.org\/{rel}","templated":true}]}}