{"id":74611,"date":"2025-11-25T10:55:40","date_gmt":"2025-11-25T09:55:40","guid":{"rendered":"https:\/\/specialspex.com\/product\/absolute\/"},"modified":"2025-11-25T10:55:40","modified_gmt":"2025-11-25T09:55:40","slug":"absolute","status":"publish","type":"product","link":"https:\/\/www.specialspex.com\/de\/sicherheit\/eyres-absolute\/","title":{"rendered":"Absolute"},"content":{"rendered":"<p data-start=\"213\" data-end=\"675\">Die Eyres Absolute ist eine klassisch gestaltete Schutzbrille, die zuverl\u00e4ssigen Schutz f\u00fcr eine Vielzahl von Arbeitsumgebungen bietet. Das zeitlose Design mit flachen Gl\u00e4sern bietet eine ruhige und vertraute Sicht, ideal f\u00fcr Arbeiten, bei denen Pr\u00e4zision und Stabilit\u00e4t wichtig sind. Dank der langlebigen Materialauswahl und der bequemen Passform eignet sich die Absolute f\u00fcr den t\u00e4glichen professionellen Einsatz in der Industrie, im Maschinenbau, in Lagerhallen und Laboren.  <\/p>\n<p data-start=\"677\" data-end=\"1004\">- Klassisches und zeitloses Design mit flachen Schutzgl\u00e4sern<br data-start=\"736\" data-end=\"739\">- Robuste Konstruktion f\u00fcr langfristige und intensive Nutzung<br data-start=\"796\" data-end=\"799\">- Bequeme Passform f\u00fcr den Arbeitsalltag<br data-start=\"851\" data-end=\"854\">- Zuverl\u00e4ssiger Schutz vor St\u00f6\u00dfen, Staub und umherfliegenden Partikeln<br data-start=\"924\" data-end=\"927\">- Kann in der St\u00e4rke gem\u00e4\u00df EN-166 Normung erhalten werden<br data-start=\"975\" data-end=\"978\">- Schutzh\u00fclle im Lieferumfang enthalten<\/p>\n","protected":false},"excerpt":{"rendered":"<p data-start=\"213\" data-end=\"675\">Die Eyres Absolute ist eine klassisch gestaltete Schutzbrille, die zuverl\u00e4ssigen Schutz f\u00fcr eine Vielzahl von Arbeitsumgebungen bietet. Das zeitlose Design mit flachen Gl\u00e4sern bietet eine ruhige und vertraute Sicht, ideal f\u00fcr Arbeiten, bei denen Pr\u00e4zision und Stabilit\u00e4t wichtig sind. Dank der langlebigen Materialauswahl und der bequemen Passform eignet sich die Absolute f\u00fcr den t\u00e4glichen professionellen Einsatz in der Industrie, im Maschinenbau, in Lagerhallen und Laboren.  <\/p>\n<p data-start=\"677\" data-end=\"1004\">- Klassisches und zeitloses Design mit flachen Sicherheitsgl\u00e4sern<br data-start=\"736\" data-end=\"739\">- Robuste Konstruktion f\u00fcr langfristige und intensive Nutzung<br data-start=\"796\" data-end=\"799\">- Bequeme Passform f\u00fcr den Arbeitsalltag<br data-start=\"851\" data-end=\"854\">- Zuverl\u00e4ssiger Schutz vor St\u00f6\u00dfen, Staub und umherfliegenden Partikeln<br data-start=\"924\" data-end=\"927\">- Kann in der St\u00e4rke gem\u00e4\u00df EN-166 Normung erhalten werden<br data-start=\"975\" data-end=\"978\">- Schutzh\u00fclle im Lieferumfang enthalten<\/p>\n","protected":false},"featured_media":66214,"template":"","meta":[],"product_brand":[791],"product_cat":[628],"product_tag":[],"class_list":{"0":"post-74611","1":"product","2":"type-product","3":"status-publish","4":"has-post-thumbnail","6":"product_brand-eyres","7":"product_cat-sicherheit","8":"pa_geschikt-voor-frauen","9":"pa_geschikt-voor-manner","10":"pa_kleur-montuur-schwarz","11":"pa_maat-montuur-gross","12":"pa_soort-bril-op-sterkte-mit-sehstaerke","14":"first","15":"instock","16":"shipping-taxable","17":"purchasable","18":"product-type-simple"},"_links":{"self":[{"href":"https:\/\/www.specialspex.com\/de\/wp-json\/wp\/v2\/product\/74611","targetHints":{"allow":["GET"]}}],"collection":[{"href":"https:\/\/www.specialspex.com\/de\/wp-json\/wp\/v2\/product"}],"about":[{"href":"https:\/\/www.specialspex.com\/de\/wp-json\/wp\/v2\/types\/product"}],"wp:featuredmedia":[{"embeddable":true,"href":"https:\/\/www.specialspex.com\/de\/wp-json\/wp\/v2\/media\/66214"}],"wp:attachment":[{"href":"https:\/\/www.specialspex.com\/de\/wp-json\/wp\/v2\/media?parent=74611"}],"wp:term":[{"taxonomy":"product_brand","embeddable":true,"href":"https:\/\/www.specialspex.com\/de\/wp-json\/wp\/v2\/product_brand?post=74611"},{"taxonomy":"product_cat","embeddable":true,"href":"https:\/\/www.specialspex.com\/de\/wp-json\/wp\/v2\/product_cat?post=74611"},{"taxonomy":"product_tag","embeddable":true,"href":"https:\/\/www.specialspex.com\/de\/wp-json\/wp\/v2\/product_tag?post=74611"}],"curies":[{"name":"wp","href":"https:\/\/api.w.org\/{rel}","templated":true}]}}