{"id":74632,"date":"2025-11-25T15:19:29","date_gmt":"2025-11-25T14:19:29","guid":{"rendered":"https:\/\/specialspex.com\/product\/breye\/"},"modified":"2025-11-25T15:19:29","modified_gmt":"2025-11-25T14:19:29","slug":"breye","status":"publish","type":"product","link":"https:\/\/www.specialspex.com\/de\/sportbrille\/bergsteigerbrille\/evil-eye-breye\/","title":{"rendered":"Breye"},"content":{"rendered":"<p data-start=\"204\" data-end=\"655\">Die Evil Eye Breye ist eine Vollrahmen-Sportbrille mit einer breiten, stabilen Passform f\u00fcr Sportler, die maximalen Schutz und ein gro\u00dfes Sichtfeld ben\u00f6tigen. Der Rahmen ist aus dem leichten und extrem stabilen PPX-Material gefertigt, das speziell f\u00fcr den intensiven Sportgebrauch entwickelt wurde. Die nat\u00fcrliche Wrap-Around-Kurve umschlie\u00dft das Gesicht und sch\u00fctzt vor Wind, Staub und grellem Sonnenlicht, ideal f\u00fcr Radfahren, Laufen, Schotter und andere Outdoor-Aktivit\u00e4ten.  <\/p>\n<p data-start=\"657\" data-end=\"1045\">Die Breye ist mit verstellbaren Nasenpads mit doppeltem Druckknopf und griffigen F\u00fc\u00dfen ausgestattet, die auch bei hohen Geschwindigkeiten oder auf rauem Untergrund zus\u00e4tzlichen Halt bieten. Die Form der Gl\u00e4ser bietet eine optimale Bel\u00fcftung und reduziert die Kondensation bei intensivem Sport. Dank des Schnellwechselsystems kannst du die Gl\u00e4ser ganz einfach wechseln, damit du immer die richtige T\u00f6nung f\u00fcr die jeweiligen Bedingungen hast.  <\/p>\n<p data-start=\"1047\" data-end=\"1432\">Die verf\u00fcgbaren LST-Gl\u00e4ser (Light Stabilising Technology) verbessern den Kontrast und geben den Augen bei wechselndem Licht Ruhe. Alle Gl\u00e4ser bieten UV400-Schutz und sind in verschiedenen T\u00f6nungen erh\u00e4ltlich, darunter kontrastverst\u00e4rkende, verspiegelte und Kategorie-3-Varianten f\u00fcr helles Sonnenlicht. Der Rahmen ist in einer Einheitsgr\u00f6\u00dfe erh\u00e4ltlich, die gut zu mittleren bis breiten Gesichtern passt.  <\/p>\n<p data-start=\"1434\" data-end=\"2065\">- Vollrahmen-Design mit maximaler Abschirmung und Stabilit\u00e4t<br data-start=\"1494\" data-end=\"1497\">- PPX-Rahmen: leicht, stabil und flexibel f\u00fcr intensiven Gebrauch<br data-start=\"1557\" data-end=\"1560\">- Einheitsgr\u00f6\u00dfe f\u00fcr mittlere bis breite Gesichter<br data-start=\"1619\" data-end=\"1622\">- Wrap-around-Form mit gro\u00dfem Sichtfeld<br data-start=\"1663\" data-end=\"1666\">- Verstellbarer Nasensteg mit doppeltem Schnappverschluss f\u00fcr eine optimale Positionierung<br data-start=\"1728\" data-end=\"1731\">- Traction-Grip-F\u00fc\u00dfe f\u00fcr festen Halt, auch in Bewegung<br data-start=\"1793\" data-end=\"1796\" data-is-only-node=\"\">- LST-Gl\u00e4ser f\u00fcr besseren Kontrast und UV400-Schutz erh\u00e4ltlich<br data-start=\"1979\" data-end=\"1982\">- Mit verschiedenen Glasprogrammen erh\u00e4ltlich: Kontrast- und oder Spiegelbeschichtung.<\/p>\n","protected":false},"excerpt":{"rendered":"<p data-start=\"204\" data-end=\"655\">Die Evil Eye Breye ist eine Vollrahmen-Sportbrille mit einer breiten, stabilen Passform f\u00fcr Sportler, die maximalen Schutz und ein gro\u00dfes Sichtfeld ben\u00f6tigen. Der Rahmen ist aus dem leichten und extrem stabilen PPX-Material gefertigt, das speziell f\u00fcr den intensiven Sportgebrauch entwickelt wurde. Die nat\u00fcrliche Wrap-Around-Kurve umschlie\u00dft das Gesicht und sch\u00fctzt vor Wind, Staub und grellem Sonnenlicht, ideal f\u00fcr Radfahren, Laufen, Schotter und andere Outdoor-Aktivit\u00e4ten.  <\/p>\n<p data-start=\"657\" data-end=\"1045\">Die Breye ist mit verstellbaren Nasenpads mit doppeltem Druckknopf und griffigen F\u00fc\u00dfen ausgestattet, die auch bei hoher Geschwindigkeit oder auf rauem Untergrund zus\u00e4tzlichen Halt bieten. Die Form der Gl\u00e4ser bietet eine optimale Bel\u00fcftung und reduziert die Kondensation bei intensivem Sport. Dank des Schnellwechselsystems kannst du die Gl\u00e4ser ganz einfach wechseln, damit du immer die richtige T\u00f6nung f\u00fcr die jeweiligen Bedingungen hast.  <\/p>\n<p data-start=\"1047\" data-end=\"1432\">Die verf\u00fcgbaren LST-Gl\u00e4ser (Light Stabilising Technology) verbessern den Kontrast und geben den Augen bei wechselndem Licht Ruhe. Alle Gl\u00e4ser bieten UV400-Schutz und sind in verschiedenen T\u00f6nungen erh\u00e4ltlich, darunter kontrastverst\u00e4rkende, verspiegelte und Kategorie-3-Varianten f\u00fcr helles Sonnenlicht. Der Rahmen ist in einer Einheitsgr\u00f6\u00dfe erh\u00e4ltlich, die gut zu mittleren bis breiten Gesichtern passt.  <\/p>\n<p data-start=\"1434\" data-end=\"2065\">- Vollrahmen-Design mit maximaler Abschirmung und Stabilit\u00e4t<br data-start=\"1494\" data-end=\"1497\">- PPX-Rahmen: Leicht, stabil und flexibel f\u00fcr intensiven Gebrauch<br data-start=\"1557\" data-end=\"1560\">- Einheitsgr\u00f6\u00dfe f\u00fcr mittelgro\u00dfe bis breite Gesichter<br data-start=\"1619\" data-end=\"1622\">- Wrap-around-Form mit gro\u00dfem Sichtfeld<br data-start=\"1663\" data-end=\"1666\">- Verstellbarer Nasensteg mit doppeltem Schnappverschluss f\u00fcr optimale Positionierung<br data-start=\"1728\" data-end=\"1731\">- Griffige F\u00fc\u00dfe f\u00fcr sicheren Halt, auch bei Bewegung<br data-start=\"1793\" data-end=\"1796\" data-is-only-node=\"\">- LST-Gl\u00e4ser f\u00fcr besseren Kontrast und UV400-Schutz erh\u00e4ltlich<br data-start=\"1979\" data-end=\"1982\">- Erh\u00e4ltlich mit verschiedenen Glasprogrammen: Kontrast- und oder Spiegelbeschichtung.<\/p>\n","protected":false},"featured_media":66448,"template":"","meta":[],"product_brand":[808],"product_cat":[659,658,660,639,677,560,638,559,663,584,588,666,661],"product_tag":[],"class_list":{"0":"post-74632","1":"product","2":"type-product","3":"status-publish","4":"has-post-thumbnail","6":"product_brand-evil-eye","7":"product_cat-motorradbrille","8":"product_cat-bergsteigerbrille","9":"product_cat-golfbrille","10":"product_cat-gravelbiker-radfahren","11":"product_cat-kletterbrille","12":"product_cat-laufen","13":"product_cat-mountainbiking","14":"product_cat-radfahrerbrille","15":"product_cat-segeln","16":"product_cat-sportbrille","17":"product_cat-tennis","18":"product_cat-tourenmotorrad","19":"product_cat-wandern","21":"first","22":"instock","23":"shipping-taxable","24":"purchasable","25":"product-type-simple"},"_links":{"self":[{"href":"https:\/\/www.specialspex.com\/de\/wp-json\/wp\/v2\/product\/74632","targetHints":{"allow":["GET"]}}],"collection":[{"href":"https:\/\/www.specialspex.com\/de\/wp-json\/wp\/v2\/product"}],"about":[{"href":"https:\/\/www.specialspex.com\/de\/wp-json\/wp\/v2\/types\/product"}],"wp:featuredmedia":[{"embeddable":true,"href":"https:\/\/www.specialspex.com\/de\/wp-json\/wp\/v2\/media\/66448"}],"wp:attachment":[{"href":"https:\/\/www.specialspex.com\/de\/wp-json\/wp\/v2\/media?parent=74632"}],"wp:term":[{"taxonomy":"product_brand","embeddable":true,"href":"https:\/\/www.specialspex.com\/de\/wp-json\/wp\/v2\/product_brand?post=74632"},{"taxonomy":"product_cat","embeddable":true,"href":"https:\/\/www.specialspex.com\/de\/wp-json\/wp\/v2\/product_cat?post=74632"},{"taxonomy":"product_tag","embeddable":true,"href":"https:\/\/www.specialspex.com\/de\/wp-json\/wp\/v2\/product_tag?post=74632"}],"curies":[{"name":"wp","href":"https:\/\/api.w.org\/{rel}","templated":true}]}}