{"id":74636,"date":"2025-11-26T10:24:25","date_gmt":"2025-11-26T09:24:25","guid":{"rendered":"https:\/\/specialspex.com\/product\/roadsense-s\/"},"modified":"2025-11-26T10:24:25","modified_gmt":"2025-11-26T09:24:25","slug":"roadsense-s","status":"publish","type":"product","link":"https:\/\/www.specialspex.com\/de\/sportbrille\/bergsteigerbrille\/evil-eye-roadsense-s\/","title":{"rendered":"Roadsense S"},"content":{"rendered":"<p data-start=\"133\" data-end=\"665\">Roadsense S<br data-start=\"144\" data-end=\"147\">Der Roadsense ist f\u00fcr pure Leistung auf der Stra\u00dfe konzipiert. Das Vollranddesign bietet dir eine weite, ungehinderte Sicht, w\u00e4hrend die kompakte Passform bei Tempofahrten, Intervallen und langen Fahrten eng und stabil bleibt. Die Curve 5 Wrap-around-Scheibe sch\u00fctzt vor Wind und spritzendem Schmutz und ist gut bel\u00fcftet, damit du auch bei intensivem Radfahren oder Laufen klare Sicht hast. Dank des leichten Rahmens und der pr\u00e4zisen Passform f\u00fchlt sich die Brille sofort vertraut an und bleibt unterwegs perfekt an ihrem Platz.   <\/p>\n<p data-start=\"667\" data-end=\"1123\">- Kompakte Passform mit stabiler Wrap-Around-Kontur<br data-start=\"782\" data-end=\"785\">- Rutschfeste Nasenpads und verstellbare B\u00fcgel f\u00fcr einen sicheren Sitz<br data-start=\"912\" data-end=\"915\">- Schlagfester und leichter Rahmen f\u00fcr das t\u00e4gliche Training mit hoher Intensit\u00e4t<br data-start=\"978\" data-end=\"981\">- Ideal f\u00fcr Mountainbiking, Schotter, Laufen und Multisport<br data-start=\"1038\" data-end=\"1041\">- Erh\u00e4ltlich mit Korrektionsgl\u00e4sern mit Einsatzclip.<\/p>\n<p data-start=\"667\" data-end=\"1123\">Schau dir auch die e-sens an, die Variante mit der elektronischen selbstt\u00f6nenden Linse,<\/p>\n","protected":false},"excerpt":{"rendered":"<p data-start=\"133\" data-end=\"665\">Roadsense S<br data-start=\"144\" data-end=\"147\">Der Roadsense ist f\u00fcr pure Leistung auf der Stra\u00dfe konzipiert. Das Vollranddesign bietet dir eine weite, ungehinderte Sicht, w\u00e4hrend die kompakte Passform bei Tempi, Intervallen und langen Fahrten eng und stabil bleibt. Der  <\/p>\n<p data-start=\"133\" data-end=\"665\">Die Curve 5 Wrap-Around-Scheibe sch\u00fctzt vor Wind und spritzendem Schmutz und ist gut bel\u00fcftet, sodass deine Sicht klar bleibt - auch bei intensivem Radfahren oder Laufen. Dank des leichten Rahmens und der pr\u00e4zisen Passform f\u00fchlt sich die Brille sofort vertraut an und bleibt unterwegs perfekt an ihrem Platz. <\/p>\n<p data-start=\"667\" data-end=\"1123\">- Kompakte Passform mit stabiler Wrap-Around-Kontur<br data-start=\"782\" data-end=\"785\">- Rutschfeste Nasenpads und verstellbare B\u00fcgel f\u00fcr einen sicheren Sitz<br data-start=\"912\" data-end=\"915\">- Schlagfester und leichter Rahmen f\u00fcr das t\u00e4gliche Training mit hoher Intensit\u00e4t<br data-start=\"978\" data-end=\"981\">- Ideal f\u00fcr Mountainbiking, Schotter, Laufen und Multisport<br data-start=\"1038\" data-end=\"1041\">- Erh\u00e4ltlich mit Korrekturgl\u00e4sern mit Einsatzclip.<\/p>\n<p data-start=\"667\" data-end=\"1123\">Schau dir auch die e-sens an, die Variante mit der elektronischen selbstt\u00f6nenden Linse,<\/p>\n","protected":false},"featured_media":66707,"template":"","meta":[],"product_brand":[808],"product_cat":[592,658,639,560,638,561,559,665,662],"product_tag":[],"class_list":{"0":"post-74636","1":"product","2":"type-product","3":"status-publish","4":"has-post-thumbnail","6":"product_brand-evil-eye","7":"product_cat-volleyball","8":"product_cat-bergsteigerbrille","9":"product_cat-gravelbiker-radfahren","10":"product_cat-laufen","11":"product_cat-mountainbiking","12":"product_cat-radfahren","13":"product_cat-radfahrerbrille","14":"product_cat-skilanglauf","15":"product_cat-trailrunning","16":"pa_geschikt-voor-frauen","17":"pa_geschikt-voor-manner","18":"pa_kleur-montuur-grau","19":"pa_kleur-montuur-orange","20":"pa_kleur-montuur-schwarz","21":"pa_kleur-montuur-weiss","22":"pa_maat-montuur-gross","23":"pa_maat-montuur-medium","24":"pa_soort-bril-op-sterkte-ohne-sehstaerke","25":"pa_soort-bril-op-sterkte-with-prescription-insert","27":"first","28":"instock","29":"sale","30":"shipping-taxable","31":"purchasable","32":"product-type-variable"},"_links":{"self":[{"href":"https:\/\/www.specialspex.com\/de\/wp-json\/wp\/v2\/product\/74636","targetHints":{"allow":["GET"]}}],"collection":[{"href":"https:\/\/www.specialspex.com\/de\/wp-json\/wp\/v2\/product"}],"about":[{"href":"https:\/\/www.specialspex.com\/de\/wp-json\/wp\/v2\/types\/product"}],"wp:featuredmedia":[{"embeddable":true,"href":"https:\/\/www.specialspex.com\/de\/wp-json\/wp\/v2\/media\/66707"}],"wp:attachment":[{"href":"https:\/\/www.specialspex.com\/de\/wp-json\/wp\/v2\/media?parent=74636"}],"wp:term":[{"taxonomy":"product_brand","embeddable":true,"href":"https:\/\/www.specialspex.com\/de\/wp-json\/wp\/v2\/product_brand?post=74636"},{"taxonomy":"product_cat","embeddable":true,"href":"https:\/\/www.specialspex.com\/de\/wp-json\/wp\/v2\/product_cat?post=74636"},{"taxonomy":"product_tag","embeddable":true,"href":"https:\/\/www.specialspex.com\/de\/wp-json\/wp\/v2\/product_tag?post=74636"}],"curies":[{"name":"wp","href":"https:\/\/api.w.org\/{rel}","templated":true}]}}