{"id":74648,"date":"2025-11-26T10:49:38","date_gmt":"2025-11-26T09:49:38","guid":{"rendered":"https:\/\/specialspex.com\/product\/e-sense-next-l\/"},"modified":"2026-04-02T17:22:24","modified_gmt":"2026-04-02T15:22:24","slug":"e-sense-next-l","status":"publish","type":"product","link":"https:\/\/www.specialspex.com\/de\/sportbrille\/radfahrerbrille\/gravelbiker-radfahren\/evil-eye-e-sense-next-l\/","title":{"rendered":"e-Sense Next L"},"content":{"rendered":"<p data-start=\"227\" data-end=\"803\">E-Sense Next<br data-start=\"239\" data-end=\"242\">Die E-Sense Next ist das innovativste Modell der Evil Eye Linie und wurde f\u00fcr Sportler entwickelt, die bei allen Lichtverh\u00e4ltnissen H\u00f6chstleistungen erbringen wollen. Die Brille verf\u00fcgt \u00fcber ein elektronisch gesteuertes LCD-Modul, das die T\u00f6nung des Glases automatisch von Kategorie 1 auf Kategorie 3 umstellt. Dieser \u00dcbergang dauert nur 0,6 Sekunden und wird von einer Photovoltaikzelle gespeist, so dass keine Aufladung oder Batterien ben\u00f6tigt werden. Das Ergebnis ist eine stets klare Sicht, auch bei schnell wechselndem Wetter, bei Fahrten durch W\u00e4lder und Tunnel oder beim intensiven Bergsteigen.   <\/p>\n<p data-start=\"805\" data-end=\"1399\">Der Rahmen hat ein leichtes, offenes Design mit effektiver Bel\u00fcftung und einer stabilen Wrap-Around-Kontur. Dank der tri.fit Technologie k\u00f6nnen die Federn in drei Positionen eingestellt werden, sodass die Brille in jeder Sportposition eine optimale Druckverteilung und Stabilit\u00e4t bietet. Die doppelt verstellbaren Nasenpads sorgen f\u00fcr einen pr\u00e4zisen Sitz, w\u00e4hrend das Schnellverschluss-Scharnier die Haltbarkeit erh\u00f6ht und Sch\u00e4den bei einem Sturz oder harten Aufprall verhindert.  <\/p>\n<p data-start=\"1401\" data-end=\"1546\">F\u00fcr Sportler, die eine Korrektur ben\u00f6tigen, gibt es einen Einsatzclip, der es einfach macht, mit Kraft zu sporteln, ohne an Komfort zu verlieren.<\/p>\n<p data-start=\"1548\" data-end=\"2119\">- Elektronisch selbstt\u00f6nende Linse von C1 bis C3 in 0,6 Sekunden<br data-start=\"1611\" data-end=\"1614\">- Stromversorgung durch eine Photovoltaikzelle - keine Batterie oder Aufladung erforderlich<br data-start=\"1688\" data-end=\"1691\">- Wrap-around-Linse mit stabilem Sitz und breitem Sichtfeld<br data-start=\"1835\" data-end=\"1838\">- Tri.fit-Technologie mit dreifach verstellbaren Beinen<br data-start=\"1894\" data-end=\"1897\">- Doppelt verstellbare Nasenpads f\u00fcr pr\u00e4zise Anpassung<br data-start=\"1958\" data-end=\"1961\">- Schnellverschlussscharnier f\u00fcr zus\u00e4tzliche Haltbarkeit<br data-start=\"2010\" data-end=\"2013\">- Leichter, bel\u00fcfteter Rahmen f\u00fcr intensiven Gebrauch<br data-start=\"2062\" data-end=\"2065\">- Clip-in-Option f\u00fcr Sportarten mit Korrektur erh\u00e4ltlich<\/p>\n","protected":false},"excerpt":{"rendered":"<p data-start=\"227\" data-end=\"803\">E-Sense Next<br data-start=\"239\" data-end=\"242\">Die E-Sense Next ist das innovativste Modell der Evil Eye Linie und wurde f\u00fcr Sportler entwickelt, die bei allen Lichtverh\u00e4ltnissen H\u00f6chstleistungen erbringen wollen. Die Brille verf\u00fcgt \u00fcber ein elektronisch gesteuertes LCD-Modul, das die T\u00f6nung des Glases automatisch von Kategorie 1 auf Kategorie 3 umstellt. Dieser \u00dcbergang dauert nur 0,6 Sekunden und wird von einer Photovoltaikzelle gespeist, so dass keine Aufladung oder Batterien ben\u00f6tigt werden. Das Ergebnis ist eine stets klare Sicht, auch bei schnell wechselndem Wetter, bei Fahrten durch W\u00e4lder und Tunnel oder beim intensiven Bergsteigen.   <\/p>\n<p data-start=\"805\" data-end=\"1399\">Der Rahmen hat ein leichtes, offenes Design mit effektiver Bel\u00fcftung und einer stabilen Wrap-Around-Kontur. Dank der tri.fit Technologie k\u00f6nnen die Federn in drei Positionen eingestellt werden, sodass die Brille in jeder Sportposition eine optimale Druckverteilung und Stabilit\u00e4t bietet. Die doppelt verstellbaren Nasenpads sorgen f\u00fcr einen pr\u00e4zisen Sitz, w\u00e4hrend das Schnellverschluss-Scharnier die Haltbarkeit erh\u00f6ht und Sch\u00e4den bei einem Sturz oder harten Aufprall verhindert.  <\/p>\n<p data-start=\"1401\" data-end=\"1546\">F\u00fcr Sportler, die eine Korrektur ben\u00f6tigen, gibt es einen Einsatzclip, der es einfach macht, mit Kraft zu sporteln, ohne an Komfort zu verlieren.<\/p>\n<p data-start=\"1548\" data-end=\"2119\">- Elektronisch selbstt\u00f6nende Linse von C1 bis C3 in 0,6 Sekunden<br data-start=\"1611\" data-end=\"1614\">- Stromversorgung durch eine Photovoltaikzelle - keine Batterie oder Aufladung erforderlich<br data-start=\"1688\" data-end=\"1691\">- Wrap-around-Linse mit stabilem Sitz und breitem Sichtfeld<br data-start=\"1835\" data-end=\"1838\">- Tri.fit-Technologie mit dreifach verstellbaren Beinen<br data-start=\"1894\" data-end=\"1897\">- Doppelt verstellbare Nasenpads f\u00fcr pr\u00e4zise Anpassung<br data-start=\"1958\" data-end=\"1961\">- Schnellverschlussscharnier f\u00fcr zus\u00e4tzliche Haltbarkeit<br data-start=\"2010\" data-end=\"2013\">- Leichter, bel\u00fcfteter Rahmen f\u00fcr intensiven Gebrauch<br data-start=\"2062\" data-end=\"2065\">- Clip-in-Option f\u00fcr Sportarten mit Korrektur erh\u00e4ltlich<\/p>\n","protected":false},"featured_media":66805,"template":"","meta":[],"product_brand":[808],"product_cat":[584,639,638,561,559,662],"product_tag":[],"class_list":{"0":"post-74648","1":"product","2":"type-product","3":"status-publish","4":"has-post-thumbnail","6":"product_brand-evil-eye","7":"product_cat-sportbrille","8":"product_cat-gravelbiker-radfahren","9":"product_cat-mountainbiking","10":"product_cat-radfahren","11":"product_cat-radfahrerbrille","12":"product_cat-trailrunning","13":"pa_geschikt-voor-frauen","14":"pa_geschikt-voor-manner","15":"pa_kleur-montuur-grun","16":"pa_maat-montuur-extra-gros","17":"pa_maat-montuur-gross","18":"pa_soort-bril-op-sterkte-ohne-sehstaerke","19":"pa_soort-bril-op-sterkte-with-prescription-insert","21":"first","22":"instock","23":"sale","24":"shipping-taxable","25":"purchasable","26":"product-type-simple"},"_links":{"self":[{"href":"https:\/\/www.specialspex.com\/de\/wp-json\/wp\/v2\/product\/74648","targetHints":{"allow":["GET"]}}],"collection":[{"href":"https:\/\/www.specialspex.com\/de\/wp-json\/wp\/v2\/product"}],"about":[{"href":"https:\/\/www.specialspex.com\/de\/wp-json\/wp\/v2\/types\/product"}],"wp:featuredmedia":[{"embeddable":true,"href":"https:\/\/www.specialspex.com\/de\/wp-json\/wp\/v2\/media\/66805"}],"wp:attachment":[{"href":"https:\/\/www.specialspex.com\/de\/wp-json\/wp\/v2\/media?parent=74648"}],"wp:term":[{"taxonomy":"product_brand","embeddable":true,"href":"https:\/\/www.specialspex.com\/de\/wp-json\/wp\/v2\/product_brand?post=74648"},{"taxonomy":"product_cat","embeddable":true,"href":"https:\/\/www.specialspex.com\/de\/wp-json\/wp\/v2\/product_cat?post=74648"},{"taxonomy":"product_tag","embeddable":true,"href":"https:\/\/www.specialspex.com\/de\/wp-json\/wp\/v2\/product_tag?post=74648"}],"curies":[{"name":"wp","href":"https:\/\/api.w.org\/{rel}","templated":true}]}}