{"id":74665,"date":"2025-11-26T16:32:25","date_gmt":"2025-11-26T15:32:25","guid":{"rendered":"https:\/\/specialspex.com\/product\/aeko\/"},"modified":"2025-11-26T16:32:25","modified_gmt":"2025-11-26T15:32:25","slug":"aeko","status":"publish","type":"product","link":"https:\/\/www.specialspex.com\/de\/sportbrille\/wassersport\/fisch\/maui-jim-aeko\/","title":{"rendered":"Aeko"},"content":{"rendered":"<p data-start=\"42\" data-end=\"459\">Die Aeko - hawaiianisch f\u00fcr &#8222;Adler&#8220; - ist eine leichte, moderne Sonnenbrille mit einem hellen, freien Look. Der schlanke Titanrahmen f\u00fchlt sich fast schwerelos an und schmiegt sich bequem an dein Gesicht, ideal f\u00fcr den Alltag, Reisen und sonnige Tage am Wasser. Dank der PolarizedPlus2-Gl\u00e4ser erh\u00e4ltst du tiefe Farben, hohen Kontrast und blendfreie Klarheit, selbst bei hellem Sonnenlicht oder Reflexionen auf dem Meer.  <\/p>\n<p data-start=\"461\" data-end=\"831\">- Ultraleichter Titanrahmen: stabil, flexibel und korrosionsbest\u00e4ndig<br data-start=\"526\" data-end=\"529\">- Minimalistisches, modernes Design mit klaren Linien<br data-start=\"585\" data-end=\"588\">- MauiBrilliant- oder MauiPure-Glasoptionen: extrem leicht und optisch scharf<br data-start=\"660\" data-end=\"663\">- PolarizedPlus2-Technologie f\u00fcr maximale Farbe, Kontrast und Blendschutz<br data-start=\"735\" data-end=\"738\">- Bequeme Passform f\u00fcr langes Tragen<br data-start=\"782\" data-end=\"785\">- Hervorragend bei hellem Licht und im Wasser<\/p>\n<p data-start=\"833\" data-end=\"1041\">Erh\u00e4ltlich in verschreibungspflichtigen Gl\u00e4sern<br data-start=\"852\" data-end=\"855\">Du kannst die Maui Jim Aeko in verschreibungspflichtigen Gl\u00e4sern mit Specialspex Custom Gl\u00e4sern oder mit originalen Maui Jim RX Gl\u00e4sern anfertigen lassen. Beide Optionen bieten hervorragende Klarheit und vollen UV-Schutz. <\/p>\n<p data-start=\"1043\" data-end=\"1157\" data-is-last-node=\"\" data-is-only-node=\"\">Willst du mehr wissen? Lies unseren Blog \u00fcber die Originalbrillen von Maui Jim: <br data-start=\"1100\" data-end=\"1103\"><a class=\"decorated-link cursor-pointer\" target=\"_new\" rel=\"noopener\" data-start=\"1103\" data-end=\"1157\" data-is-last-node=\"\">https:\/\/specialspex.com\/blog\/maui-jim-originele-glazen<\/a><\/p>\n","protected":false},"excerpt":{"rendered":"<p data-start=\"42\" data-end=\"459\">Die Aeko - hawaiianisch f\u00fcr &#8222;Adler&#8220; - ist eine leichte, moderne Sonnenbrille mit einem hellen, freien Look. Der schlanke Titanrahmen f\u00fchlt sich fast schwerelos an und schmiegt sich bequem an dein Gesicht, ideal f\u00fcr den Alltag, Reisen und sonnige Tage am Wasser. Dank der PolarizedPlus2-Gl\u00e4ser erh\u00e4ltst du tiefe Farben, hohen Kontrast und blendfreie Klarheit, selbst bei hellem Sonnenlicht oder Reflexionen auf dem Meer.  <\/p>\n<p data-start=\"461\" data-end=\"831\">- Ultraleichter Titanrahmen: stark, flexibel und korrosionsbest\u00e4ndig<br data-start=\"526\" data-end=\"529\">- Minimalistisches, modernes Design mit klaren Linien<br data-start=\"585\" data-end=\"588\">- MauiBrilliant- oder MauiPure-Glasoptionen: extrem leicht und optisch scharf<br data-start=\"660\" data-end=\"663\">- PolarizedPlus2-Technologie f\u00fcr maximale Farbe, Kontrast und Blendschutz<br data-start=\"735\" data-end=\"738\">- Bequeme Passform f\u00fcr langes Tragen<br data-start=\"782\" data-end=\"785\">- Hervorragend geeignet f\u00fcr helles Licht und Wasser<\/p>\n<p data-start=\"833\" data-end=\"1041\">Erh\u00e4ltlich mit verschreibungspflichtigen Gl\u00e4sern<br data-start=\"852\" data-end=\"855\">Du kannst die Maui Jim Aeko mit verschreibungspflichtigen Gl\u00e4sern von Specialspex oder mit originalen Maui Jim RX-Gl\u00e4sern anfertigen lassen. Beide Optionen bieten hervorragende Klarheit und vollen UV-Schutz. <\/p>\n<p data-start=\"1043\" data-end=\"1157\" data-is-last-node=\"\" data-is-only-node=\"\">Willst du mehr wissen? Lies unseren Blog \u00fcber die Originalbrillen von Maui Jim: <br data-start=\"1100\" data-end=\"1103\"><a class=\"decorated-link cursor-pointer\" target=\"_new\" rel=\"noopener\" data-start=\"1103\" data-end=\"1157\" data-is-last-node=\"\">https:\/\/specialspex.com\/blog\/maui-jim-originele-glazen<\/a><\/p>\n","protected":false},"featured_media":67086,"template":"","meta":[],"product_brand":[818],"product_cat":[584,695,660,663,696,666,661],"product_tag":[],"class_list":{"0":"post-74665","1":"product","2":"type-product","3":"status-publish","4":"has-post-thumbnail","6":"product_brand-maui-jim","7":"product_cat-sportbrille","8":"product_cat-fisch","9":"product_cat-golfbrille","10":"product_cat-segeln","11":"product_cat-sport-laessig","12":"product_cat-tourenmotorrad","13":"product_cat-wandern","14":"pa_geschikt-voor-manner","15":"pa_kleur-montuur-grau","16":"pa_maat-montuur-gross","17":"pa_maat-montuur-medium","18":"pa_soort-bril-op-sterkte-mit-sehstaerke","19":"pa_soort-bril-op-sterkte-ohne-sehstaerke","21":"first","22":"instock","23":"shipping-taxable","24":"purchasable","25":"product-type-simple"},"_links":{"self":[{"href":"https:\/\/www.specialspex.com\/de\/wp-json\/wp\/v2\/product\/74665","targetHints":{"allow":["GET"]}}],"collection":[{"href":"https:\/\/www.specialspex.com\/de\/wp-json\/wp\/v2\/product"}],"about":[{"href":"https:\/\/www.specialspex.com\/de\/wp-json\/wp\/v2\/types\/product"}],"wp:featuredmedia":[{"embeddable":true,"href":"https:\/\/www.specialspex.com\/de\/wp-json\/wp\/v2\/media\/67086"}],"wp:attachment":[{"href":"https:\/\/www.specialspex.com\/de\/wp-json\/wp\/v2\/media?parent=74665"}],"wp:term":[{"taxonomy":"product_brand","embeddable":true,"href":"https:\/\/www.specialspex.com\/de\/wp-json\/wp\/v2\/product_brand?post=74665"},{"taxonomy":"product_cat","embeddable":true,"href":"https:\/\/www.specialspex.com\/de\/wp-json\/wp\/v2\/product_cat?post=74665"},{"taxonomy":"product_tag","embeddable":true,"href":"https:\/\/www.specialspex.com\/de\/wp-json\/wp\/v2\/product_tag?post=74665"}],"curies":[{"name":"wp","href":"https:\/\/api.w.org\/{rel}","templated":true}]}}