{"id":74666,"date":"2025-11-26T11:01:05","date_gmt":"2025-11-26T10:01:05","guid":{"rendered":"https:\/\/specialspex.com\/product\/peaklite\/"},"modified":"2026-04-02T17:22:40","modified_gmt":"2026-04-02T15:22:40","slug":"peaklite","status":"publish","type":"product","link":"https:\/\/www.specialspex.com\/de\/sportbrille\/bergsteigerbrille\/peaklite\/","title":{"rendered":"Peaklite"},"content":{"rendered":"<p data-start=\"417\" data-end=\"842\">Die Peaklite ist eine ultraleichte und flexible Skibrille f\u00fcr Wintersportler, die sich maximale Bewegungsfreiheit und klare Sicht w\u00fcnschen. Der minimalistische Rahmen sorgt daf\u00fcr, dass sich die Brille besonders leicht anf\u00fchlt, w\u00e4hrend die Konstruktion so flexibel ist, dass sie sich bequem an verschiedene Gesichter und Helme anpassen l\u00e4sst. So l\u00e4sst sich die Peaklite den ganzen Tag \u00fcber m\u00fchelos tragen, ohne Druckstellen oder zus\u00e4tzliches Gewicht.  <\/p>\n<p data-start=\"844\" data-end=\"1235\">Die Einzelscheibe ist absichtlich dicker als eine herk\u00f6mmliche Skibrille und bietet zus\u00e4tzliche Steifigkeit, besseren Schutz vor St\u00f6\u00dfen und ein stabileres, ruhigeres Bild beim Skifahren mit hoher Geschwindigkeit. Die fortschrittlichen Bel\u00fcftungskan\u00e4le sorgen f\u00fcr eine gute Durchl\u00e4ssigkeit der Scheibe und reduzieren so die Kondensation - ideal f\u00fcr intensives Skifahren, Touren oder wechselnde Wettersituationen. <\/p>\n<p data-start=\"1237\" data-end=\"1427\">Das Design bietet ein weites Sichtfeld und passt sich sowohl dem Helm als auch der Gesichtsmaske eng an. Der weiche, atmungsaktive Gesichtsschaum sorgt f\u00fcr Komfort, W\u00e4rme und einen sicheren Sitz, ohne zu kneifen. <\/p>\n<p data-start=\"1429\" data-end=\"1863\">- Ultraleichte Skibrille mit hochflexiblem Rahmen<br data-start=\"1474\" data-end=\"1477\">- Einzelscheibe, dicker als der Standard f\u00fcr zus\u00e4tzliche Robustheit und klare Sicht<br data-start=\"1550\" data-end=\"1553\">- Effektive Bel\u00fcftungskan\u00e4le gegen Kondenswasser und Hitzestau<br data-start=\"1614\" data-end=\"1617\">- Weites Sichtfeld mit stabilem, helmkompatiblem Sitz<br data-start=\"1675\" data-end=\"1678\">- Komfortabler Gesichtsschaum, der eng anliegt, ohne Druckstellen<br data-start=\"1737\" data-end=\"1740\">- Geeignet zum Skifahren, Snowboarden und Tourengehen<\/p>\n","protected":false},"excerpt":{"rendered":"<p data-start=\"417\" data-end=\"842\">Die Peaklite ist eine ultraleichte und flexible Skibrille f\u00fcr Wintersportler, die sich maximale Bewegungsfreiheit und klare Sicht w\u00fcnschen. Der minimalistische Rahmen sorgt daf\u00fcr, dass sich die Brille besonders leicht anf\u00fchlt, w\u00e4hrend die Konstruktion so flexibel ist, dass sie sich bequem an verschiedene Gesichter und Helme anpassen l\u00e4sst. So l\u00e4sst sich die Peaklite den ganzen Tag \u00fcber m\u00fchelos tragen, ohne Druckstellen oder zus\u00e4tzliches Gewicht.  <\/p>\n<p data-start=\"844\" data-end=\"1235\">Die Einzelscheibe ist absichtlich dicker als eine herk\u00f6mmliche Skibrille und bietet zus\u00e4tzliche Steifigkeit, besseren Schutz vor St\u00f6\u00dfen und ein stabileres, ruhigeres Bild beim Skifahren mit hoher Geschwindigkeit. Die fortschrittlichen Bel\u00fcftungskan\u00e4le sorgen f\u00fcr eine gute Durchl\u00e4ssigkeit der Scheibe und reduzieren so die Kondensation - ideal f\u00fcr intensives Skifahren, Touren oder wechselnde Wettersituationen. <\/p>\n<p data-start=\"1237\" data-end=\"1427\">Das Design bietet ein weites Sichtfeld und passt sich sowohl dem Helm als auch der Gesichtsmaske eng an. Der weiche, atmungsaktive Gesichtsschaum sorgt f\u00fcr Komfort, W\u00e4rme und einen sicheren Sitz, ohne zu kneifen. <\/p>\n<p data-start=\"1429\" data-end=\"1863\">- Ultraleichte Skibrille mit hochflexiblem Rahmen<br data-start=\"1474\" data-end=\"1477\">- Einzelscheibe, dicker als der Standard f\u00fcr zus\u00e4tzliche Stabilit\u00e4t und klare Sicht<br data-start=\"1550\" data-end=\"1553\">- Effektive Bel\u00fcftungskan\u00e4le gegen Kondenswasser und Hitzestau<br data-start=\"1614\" data-end=\"1617\">- Weites Sichtfeld mit stabiler, helmkompatibler Passform<br data-start=\"1675\" data-end=\"1678\">- Komfortabler Gesichtsschaum, der eng anliegt, ohne Druckstellen<br data-start=\"1737\" data-end=\"1740\">- Geeignet zum Skifahren, Snowboarden und Tourengehen<\/p>\n","protected":false},"featured_media":66827,"template":"","meta":[],"product_brand":[],"product_cat":[658,699,664,698,665,700],"product_tag":[],"class_list":{"0":"post-74666","1":"product","2":"type-product","3":"status-publish","4":"has-post-thumbnail","6":"product_cat-bergsteigerbrille","7":"product_cat-gletscher","8":"product_cat-schlittschuhe","9":"product_cat-ski-und-snowboardbrillen","10":"product_cat-skilanglauf","11":"product_cat-wintersport","12":"pa_geschikt-voor-frauen","13":"pa_geschikt-voor-manner","14":"pa_soort-bril-op-sterkte-mit-korrektionsglaesern-im-visier","15":"pa_soort-bril-op-sterkte-ohne-sehstaerke","17":"first","18":"instock","19":"shipping-taxable","20":"purchasable","21":"product-type-simple"},"_links":{"self":[{"href":"https:\/\/www.specialspex.com\/de\/wp-json\/wp\/v2\/product\/74666","targetHints":{"allow":["GET"]}}],"collection":[{"href":"https:\/\/www.specialspex.com\/de\/wp-json\/wp\/v2\/product"}],"about":[{"href":"https:\/\/www.specialspex.com\/de\/wp-json\/wp\/v2\/types\/product"}],"wp:featuredmedia":[{"embeddable":true,"href":"https:\/\/www.specialspex.com\/de\/wp-json\/wp\/v2\/media\/66827"}],"wp:attachment":[{"href":"https:\/\/www.specialspex.com\/de\/wp-json\/wp\/v2\/media?parent=74666"}],"wp:term":[{"taxonomy":"product_brand","embeddable":true,"href":"https:\/\/www.specialspex.com\/de\/wp-json\/wp\/v2\/product_brand?post=74666"},{"taxonomy":"product_cat","embeddable":true,"href":"https:\/\/www.specialspex.com\/de\/wp-json\/wp\/v2\/product_cat?post=74666"},{"taxonomy":"product_tag","embeddable":true,"href":"https:\/\/www.specialspex.com\/de\/wp-json\/wp\/v2\/product_tag?post=74666"}],"curies":[{"name":"wp","href":"https:\/\/api.w.org\/{rel}","templated":true}]}}