{"id":74667,"date":"2025-11-26T10:55:32","date_gmt":"2025-11-26T09:55:32","guid":{"rendered":"https:\/\/specialspex.com\/product\/adrenaline\/"},"modified":"2026-04-18T12:08:47","modified_gmt":"2026-04-18T10:08:47","slug":"adrenaline","status":"publish","type":"product","link":"https:\/\/www.specialspex.com\/de\/sportbrille\/bergsteigerbrille\/nike-adrenaline\/","title":{"rendered":"Adrenaline"},"content":{"rendered":"<p data-start=\"181\" data-end=\"700\">Die Nike Adrenaline ist eine sportliche und leichte Sonnenbrille, die f\u00fcr maximale Stabilit\u00e4t, Komfort und klare Sicht bei intensiven Aktivit\u00e4ten entwickelt wurde. Das stromlinienf\u00f6rmige Design passt sich gut an das Gesicht an und bietet hervorragenden Schutz vor hellem Licht und Wind. Dank der gummierten Nasenpads und griffigen Beinenden bleibt die Brille auch beim Laufen, Radfahren oder bei schnellen Bewegungen fest an ihrem Platz. Die Form der Gl\u00e4ser bietet ein weites Sichtfeld und sorgt f\u00fcr scharfe Sicht unter verschiedenen Bedingungen.   <\/p>\n<p data-start=\"702\" data-end=\"1040\">- Leichtes Design f\u00fcr langanhaltenden Tragekomfort<br data-start=\"752\" data-end=\"755\">- Gummierte Nasenpads und Fu\u00dfspitzen f\u00fcr stabilen Halt beim Sport<br data-start=\"824\" data-end=\"827\">- Breite Scheibenform f\u00fcr ein weites und klares Sichtfeld<br data-start=\"880\" data-end=\"883\">- Geeignet zum Laufen, Radfahren und f\u00fcr den t\u00e4glichen Gebrauch<br data-start=\"938\" data-end=\"941\">- Kann mit hochwertigen Specialspex-Gl\u00e4sern best\u00fcckt werden<br data-start=\"1000\" data-end=\"1003\">- Inklusive sch\u00fctzendem Aufbewahrungsetui<\/p>\n","protected":false},"excerpt":{"rendered":"<p data-start=\"181\" data-end=\"700\">Die Nike Adrenaline ist eine sportliche und leichte Sonnenbrille, die f\u00fcr maximale Stabilit\u00e4t, Komfort und klare Sicht bei intensiven Aktivit\u00e4ten entwickelt wurde. Das stromlinienf\u00f6rmige Design passt sich gut an das Gesicht an und bietet hervorragenden Schutz vor hellem Licht und Wind. Dank der gummierten Nasenpads und griffigen Beinenden bleibt die Brille auch beim Laufen, Radfahren oder bei schnellen Bewegungen fest an ihrem Platz. Die Form der Gl\u00e4ser bietet ein weites Sichtfeld und sorgt f\u00fcr scharfe Sicht unter verschiedenen Bedingungen.   <\/p>\n<p data-start=\"702\" data-end=\"1040\">- Leichtes Design f\u00fcr langanhaltenden Tragekomfort<br data-start=\"752\" data-end=\"755\">- Gummierte Nasenpads und Fu\u00dfspitzen f\u00fcr stabilen Halt beim Sport<br data-start=\"824\" data-end=\"827\">- Breite Scheibenform f\u00fcr ein weites und klares Sichtfeld<br data-start=\"880\" data-end=\"883\">- Geeignet zum Laufen, Radfahren und f\u00fcr den t\u00e4glichen Gebrauch<br data-start=\"938\" data-end=\"941\">- Kann mit hochwertigen Specialspex-Gl\u00e4sern best\u00fcckt werden<br data-start=\"1000\" data-end=\"1003\">- Inklusive sch\u00fctzendem Aufbewahrungsetui<\/p>\n","protected":false},"featured_media":66796,"template":"","meta":[],"product_brand":[788],"product_cat":[659,658,660,560,663,584,661,688,700],"product_tag":[],"class_list":{"0":"post-74667","1":"product","2":"type-product","3":"status-publish","4":"has-post-thumbnail","6":"product_brand-nike","7":"product_cat-motorradbrille","8":"product_cat-bergsteigerbrille","9":"product_cat-golfbrille","10":"product_cat-laufen","11":"product_cat-segeln","12":"product_cat-sportbrille","13":"product_cat-wandern","14":"product_cat-wassersport","15":"product_cat-wintersport","16":"pa_geschikt-voor-frauen","17":"pa_geschikt-voor-manner","18":"pa_kleur-montuur-blau","19":"pa_kleur-montuur-rot","20":"pa_kleur-montuur-schwarz","21":"pa_maat-montuur-gross","22":"pa_maat-montuur-medium","23":"pa_soort-bril-op-sterkte-mit-sehstaerke","24":"pa_soort-bril-op-sterkte-ohne-sehstaerke","26":"first","27":"instock","28":"shipping-taxable","29":"purchasable","30":"product-type-variable"},"_links":{"self":[{"href":"https:\/\/www.specialspex.com\/de\/wp-json\/wp\/v2\/product\/74667","targetHints":{"allow":["GET"]}}],"collection":[{"href":"https:\/\/www.specialspex.com\/de\/wp-json\/wp\/v2\/product"}],"about":[{"href":"https:\/\/www.specialspex.com\/de\/wp-json\/wp\/v2\/types\/product"}],"wp:featuredmedia":[{"embeddable":true,"href":"https:\/\/www.specialspex.com\/de\/wp-json\/wp\/v2\/media\/66796"}],"wp:attachment":[{"href":"https:\/\/www.specialspex.com\/de\/wp-json\/wp\/v2\/media?parent=74667"}],"wp:term":[{"taxonomy":"product_brand","embeddable":true,"href":"https:\/\/www.specialspex.com\/de\/wp-json\/wp\/v2\/product_brand?post=74667"},{"taxonomy":"product_cat","embeddable":true,"href":"https:\/\/www.specialspex.com\/de\/wp-json\/wp\/v2\/product_cat?post=74667"},{"taxonomy":"product_tag","embeddable":true,"href":"https:\/\/www.specialspex.com\/de\/wp-json\/wp\/v2\/product_tag?post=74667"}],"curies":[{"name":"wp","href":"https:\/\/api.w.org\/{rel}","templated":true}]}}