{"id":74672,"date":"2025-11-25T15:22:39","date_gmt":"2025-11-25T14:22:39","guid":{"rendered":"https:\/\/specialspex.com\/product\/g30\/"},"modified":"2025-11-25T15:22:39","modified_gmt":"2025-11-25T14:22:39","slug":"g30","status":"publish","type":"product","link":"https:\/\/www.specialspex.com\/de\/sportbrille\/gloryfy-g30\/","title":{"rendered":"G30"},"content":{"rendered":"<p data-start=\"274\" data-end=\"736\">Die Gloryfy G30 ist eine unzerbrechliche Sportbrille, die maximalen Schutz, hohen Kontrast und au\u00dfergew\u00f6hnlichen Tragekomfort vereint. Dank ihrer flexiblen und nahezu unzerst\u00f6rbaren Konstruktion bleiben sowohl der Rahmen als auch die Gl\u00e4ser bei einem Aufprall unversehrt, was sie ideal f\u00fcr sportliche Aktivit\u00e4ten, den Alltag und Reisen macht. Die kontrastreichen Gl\u00e4ser sorgen f\u00fcr klare Sicht unter verschiedenen Bedingungen, w\u00e4hrend die stabile Passform Sicherheit bei Bewegung bietet.  <\/p>\n<p data-start=\"738\" data-end=\"880\">Die G30 wird in Tirol (\u00d6sterreich) hergestellt, wo Hightech-Fertigung und pr\u00e4zise Handwerkskunst zu einer hochwertigen Brille zusammenkommen.<\/p>\n<p data-start=\"882\" data-end=\"1232\">- Unzerbrechliche Konstruktion und unzerbrechliche Gl\u00e4ser f\u00fcr maximale Sicherheit<br data-start=\"954\" data-end=\"957\">- Kontrastverst\u00e4rkende Optik f\u00fcr klare Sicht beim Sport und im Alltag<br data-start=\"1034\" data-end=\"1037\">- Stabile Passform und hoher Tragekomfort<br data-start=\"1076\" data-end=\"1079\">- Geeignet f\u00fcr Sport, Arbeit und Reisen<br data-start=\"1116\" data-end=\"1119\">- Erh\u00e4ltlich mit original Gloryfy Gl\u00e4sern, die in den Rahmen eingeschliffen sind<br data-start=\"1196\" data-end=\"1199\">- Hergestellt in Tirol (\u00d6sterreich)<\/p>\n","protected":false},"excerpt":{"rendered":"<p data-start=\"274\" data-end=\"736\">Die Gloryfy G30 ist eine unzerbrechliche Sportbrille, die maximalen Schutz, hohen Kontrast und au\u00dfergew\u00f6hnlichen Tragekomfort vereint. Dank ihrer flexiblen und nahezu unzerst\u00f6rbaren Konstruktion bleiben sowohl der Rahmen als auch die Gl\u00e4ser bei einem Aufprall unversehrt, was sie ideal f\u00fcr sportliche Aktivit\u00e4ten, den Alltag und Reisen macht. Die kontrastreichen Gl\u00e4ser sorgen f\u00fcr klare Sicht unter verschiedenen Bedingungen, w\u00e4hrend die stabile Passform Sicherheit bei Bewegung bietet.  <\/p>\n<p data-start=\"738\" data-end=\"880\">Die G30 wird in Tirol (\u00d6sterreich) hergestellt, wo Hightech-Fertigung und pr\u00e4zise Handwerkskunst zu einer hochwertigen Brille zusammenkommen.<\/p>\n<p data-start=\"882\" data-end=\"1232\">- Unzerbrechliche Konstruktion und unzerbrechliche Gl\u00e4ser f\u00fcr maximale Sicherheit<br data-start=\"954\" data-end=\"957\">- Kontrastverst\u00e4rkende Optik f\u00fcr klare Sicht beim Sport und im Alltag<br data-start=\"1034\" data-end=\"1037\">- Stabile Passform und hoher Tragekomfort<br data-start=\"1076\" data-end=\"1079\">- Geeignet f\u00fcr Sport, Arbeit und Reisen<br data-start=\"1116\" data-end=\"1119\">- Erh\u00e4ltlich mit original Gloryfy Gl\u00e4sern, die in den Rahmen eingeschliffen sind<br data-start=\"1196\" data-end=\"1199\">- Hergestellt in Tirol (\u00d6sterreich)<\/p>\n","protected":false},"featured_media":66457,"template":"","meta":[],"product_brand":[823],"product_cat":[584],"product_tag":[],"class_list":{"0":"post-74672","1":"product","2":"type-product","3":"status-publish","4":"has-post-thumbnail","6":"product_brand-gloryfy","7":"product_cat-sportbrille","8":"pa_geschikt-voor-frauen","9":"pa_kleur-montuur-grau","10":"pa_kleur-montuur-schwarz","11":"pa_maat-montuur-klein","12":"pa_maat-montuur-medium","13":"pa_soort-bril-op-sterkte-mit-sehstaerke","14":"pa_soort-bril-op-sterkte-ohne-sehstaerke","16":"first","17":"instock","18":"shipping-taxable","19":"purchasable","20":"product-type-variable"},"_links":{"self":[{"href":"https:\/\/www.specialspex.com\/de\/wp-json\/wp\/v2\/product\/74672","targetHints":{"allow":["GET"]}}],"collection":[{"href":"https:\/\/www.specialspex.com\/de\/wp-json\/wp\/v2\/product"}],"about":[{"href":"https:\/\/www.specialspex.com\/de\/wp-json\/wp\/v2\/types\/product"}],"wp:featuredmedia":[{"embeddable":true,"href":"https:\/\/www.specialspex.com\/de\/wp-json\/wp\/v2\/media\/66457"}],"wp:attachment":[{"href":"https:\/\/www.specialspex.com\/de\/wp-json\/wp\/v2\/media?parent=74672"}],"wp:term":[{"taxonomy":"product_brand","embeddable":true,"href":"https:\/\/www.specialspex.com\/de\/wp-json\/wp\/v2\/product_brand?post=74672"},{"taxonomy":"product_cat","embeddable":true,"href":"https:\/\/www.specialspex.com\/de\/wp-json\/wp\/v2\/product_cat?post=74672"},{"taxonomy":"product_tag","embeddable":true,"href":"https:\/\/www.specialspex.com\/de\/wp-json\/wp\/v2\/product_tag?post=74672"}],"curies":[{"name":"wp","href":"https:\/\/api.w.org\/{rel}","templated":true}]}}