{"id":74701,"date":"2025-11-28T12:06:44","date_gmt":"2025-11-28T11:06:44","guid":{"rendered":"https:\/\/specialspex.com\/product\/double-edge\/"},"modified":"2026-04-18T12:08:29","modified_gmt":"2026-04-18T10:08:29","slug":"double-edge","status":"publish","type":"product","link":"https:\/\/www.specialspex.com\/de\/motorradbrille\/oakley-double-edge\/","title":{"rendered":"Double Edge"},"content":{"rendered":"<p data-start=\"263\" data-end=\"835\">Die Oakley Double Edge ist eine robuste, breitrandige Motorradbrille, die f\u00fcr maximale Stabilit\u00e4t, Schutz und Sicht beim Fahren entwickelt wurde. Dank der gro\u00dfen Scheibenfl\u00e4che bietet dieses Modell ein weites Sichtfeld und einen hervorragenden Schutz vor Wind, Sonne und Fahrtwindvibrationen. Das Wrap-around-Design liegt eng am Gesicht an, wodurch die Double Edge besonders f\u00fcr Motorradfahrer geeignet ist und bequem unter einem Helm getragen werden kann. Der leichte O Matter-Rahmen sorgt f\u00fcr lang anhaltenden Tragekomfort, w\u00e4hrend die Unobtainium-Ohrst\u00f6psel f\u00fcr zus\u00e4tzlichen Halt beim Schwitzen sorgen.   <\/p>\n<p data-start=\"837\" data-end=\"1276\">- Breites Modell mit gro\u00dfer Glasfl\u00e4che f\u00fcr zus\u00e4tzlichen Windschutz<br data-start=\"901\" data-end=\"904\">- Wrap-around-Design f\u00fcr Stabilit\u00e4t und ein weites Sichtfeld<br data-start=\"967\" data-end=\"970\">- Leichter und strapazierf\u00e4higer O Matter-Rahmen<br data-start=\"1013\" data-end=\"1016\">- Unobtainium-Ohrst\u00f6psel f\u00fcr rutschfesten Halt, auch wenn du schwitzt<br data-start=\"1077\" data-end=\"1080\">- Ideal f\u00fcr Motorradfahrer dank des breiten, stabilen Designs<br data-start=\"1142\" data-end=\"1145\">- Erh\u00e4ltlich mit verschreibungspflichtigen Gl\u00e4sern, sowohl mit Specialspex-Gl\u00e4sern als auch mit Original-Oakley-Gl\u00e4sern<br data-start=\"1236\" data-end=\"1239\">- Inklusive sch\u00fctzendem Aufbewahrungsetui<\/p>\n","protected":false},"excerpt":{"rendered":"<p data-start=\"263\" data-end=\"835\">Die Oakley Double Edge ist eine robuste, breitrandige Motorradbrille, die f\u00fcr maximale Stabilit\u00e4t, Schutz und Sicht beim Fahren entwickelt wurde. Dank der gro\u00dfen Scheibenfl\u00e4che bietet dieses Modell ein weites Sichtfeld und einen hervorragenden Schutz vor Wind, Sonne und Fahrtwindvibrationen. Das Wrap-around-Design liegt eng am Gesicht an, wodurch die Double Edge besonders f\u00fcr Motorradfahrer geeignet ist und bequem unter einem Helm getragen werden kann. Der leichte O Matter-Rahmen sorgt f\u00fcr lang anhaltenden Tragekomfort, w\u00e4hrend die Unobtainium-Ohrst\u00f6psel f\u00fcr zus\u00e4tzlichen Halt beim Schwitzen sorgen.   <\/p>\n<p data-start=\"837\" data-end=\"1276\">- Breites Modell mit gro\u00dfer Glasfl\u00e4che f\u00fcr zus\u00e4tzlichen Windschutz<br data-start=\"901\" data-end=\"904\">- Wrap-around-Design f\u00fcr Stabilit\u00e4t und ein weites Sichtfeld<br data-start=\"967\" data-end=\"970\">- Leichter und strapazierf\u00e4higer O Matter-Rahmen<br data-start=\"1013\" data-end=\"1016\">- Unobtainium-Ohrst\u00f6psel f\u00fcr rutschfesten Halt, auch wenn du schwitzt<br data-start=\"1077\" data-end=\"1080\">- Ideal f\u00fcr Motorradfahrer dank des breiten, stabilen Designs<br data-start=\"1142\" data-end=\"1145\">- Erh\u00e4ltlich mit verschreibungspflichtigen Gl\u00e4sern, sowohl mit Specialspex-Gl\u00e4sern als auch mit Original-Oakley-Gl\u00e4sern<br data-start=\"1236\" data-end=\"1239\">- Inklusive sch\u00fctzendem Aufbewahrungsetui<\/p>\n","protected":false},"featured_media":56482,"template":"","meta":[],"product_brand":[806],"product_cat":[659],"product_tag":[],"class_list":{"0":"post-74701","1":"product","2":"type-product","3":"status-publish","4":"has-post-thumbnail","6":"product_brand-oakley","7":"product_cat-motorradbrille","8":"pa_geschikt-voor-manner","9":"pa_kleur-montuur-schwarz","10":"pa_maat-montuur-extra-gros","11":"pa_soort-bril-op-sterkte-mit-sehstaerke","12":"pa_soort-bril-op-sterkte-ohne-sehstaerke","14":"first","15":"instock","16":"sale","17":"shipping-taxable","18":"purchasable","19":"product-type-simple"},"_links":{"self":[{"href":"https:\/\/www.specialspex.com\/de\/wp-json\/wp\/v2\/product\/74701","targetHints":{"allow":["GET"]}}],"collection":[{"href":"https:\/\/www.specialspex.com\/de\/wp-json\/wp\/v2\/product"}],"about":[{"href":"https:\/\/www.specialspex.com\/de\/wp-json\/wp\/v2\/types\/product"}],"wp:featuredmedia":[{"embeddable":true,"href":"https:\/\/www.specialspex.com\/de\/wp-json\/wp\/v2\/media\/56482"}],"wp:attachment":[{"href":"https:\/\/www.specialspex.com\/de\/wp-json\/wp\/v2\/media?parent=74701"}],"wp:term":[{"taxonomy":"product_brand","embeddable":true,"href":"https:\/\/www.specialspex.com\/de\/wp-json\/wp\/v2\/product_brand?post=74701"},{"taxonomy":"product_cat","embeddable":true,"href":"https:\/\/www.specialspex.com\/de\/wp-json\/wp\/v2\/product_cat?post=74701"},{"taxonomy":"product_tag","embeddable":true,"href":"https:\/\/www.specialspex.com\/de\/wp-json\/wp\/v2\/product_tag?post=74701"}],"curies":[{"name":"wp","href":"https:\/\/api.w.org\/{rel}","templated":true}]}}