{"id":74708,"date":"2025-11-28T12:06:52","date_gmt":"2025-11-28T11:06:52","guid":{"rendered":"https:\/\/specialspex.com\/product\/breach\/"},"modified":"2025-11-28T12:06:52","modified_gmt":"2025-11-28T11:06:52","slug":"breach","status":"publish","type":"product","link":"https:\/\/www.specialspex.com\/de\/sportbrille\/schiessbrille\/airsoft\/wiley-x-breach\/","title":{"rendered":"Breach"},"content":{"rendered":"<p data-start=\"404\" data-end=\"841\">Die Wiley X Breach wurde f\u00fcr Motorradfahrer entwickelt, die bei jeder Fahrt maximalen Schutz und Kontrolle w\u00fcnschen. Dank der robusten Wrap-Around-Form und der Facial Cavity\u2122 Seal schlie\u00dft die Brille eng um das Gesicht und h\u00e4lt Wind, Staub, Turbulenzen und Pollen effektiv ab. Besonders bei h\u00f6heren Geschwindigkeiten oder offenem Visier bietet dies enormen Komfort: keine tr\u00e4nenden Augen, kein flatternder Fahrtwind und immer ein stabiles, ruhiges Seherlebnis.  <\/p>\n<p data-start=\"843\" data-end=\"1169\">Einzigartig sind die dynamischen Bel\u00fcftungskan\u00e4le im Rahmen. Mit diesen Schiebern kannst du den Luftstrom hinter der Scheibe steuern und so das Beschlagen bei Kaltstart, Regenwetter oder intensiven Fahrten minimieren. Der Rahmen ist leicht, strapazierf\u00e4hig und helmfreundlich und bleibt auch bei Vibrationen oder holprigen Stra\u00dfen fest an seinem Platz.  <\/p>\n<p data-start=\"1171\" data-end=\"1620\">- Wrap-around-Design, das perfekt unter Motorradhelme passt<br data-start=\"1231\" data-end=\"1234\">- Facial Cavity\u2122 Seal f\u00fcr winddichten Schutz und zus\u00e4tzlichen Fahrkomfort<br data-start=\"1303\" data-end=\"1306\">- Dynamic Ventilation System zur aktiven Verhinderung von Beschlag<br data-start=\"1365\" data-end=\"1368\">- Schlagfeste Polycarbonat-Gl\u00e4ser<br data-start=\"1427\" data-end=\"1430\">- Ideal f\u00fcr Motorradfahren, Touren, Stadtfahrten und Allwettereinsatz<br data-start=\"1501\" data-end=\"1504\">- Auch f\u00fcr MTB, taktische Eins\u00e4tze und Outdoor geeignet<br data-start=\"1556\" data-end=\"1559\">- EN166-zertifiziert f\u00fcr pers\u00f6nlichen Augenschutz (nicht mit Sehst\u00e4rke erh\u00e4ltlich)<\/p>\n<p data-start=\"1622\" data-end=\"1887\">Erh\u00e4ltlich in verschreibungspflichtigen<br data-start=\"1641\" data-end=\"1644\">Die Wiley X Breach ist voll verschreibungspflichtig mit gebogenen Sportgl\u00e4sern in der von dir gew\u00e4hlten T\u00f6nung, einschlie\u00dflich Co-T\u00f6nungsoptionen.<\/p>\n","protected":false},"excerpt":{"rendered":"<p data-start=\"404\" data-end=\"841\">Die Wiley X Breach wurde f\u00fcr Motorradfahrer entwickelt, die bei jeder Fahrt maximalen Schutz und Kontrolle w\u00fcnschen. Dank der stabilen Wrap-Around-Form und dem Facial Cavity\u2122 Seal schlie\u00dft die Brille eng um das Gesicht und h\u00e4lt Wind, Staub, Turbulenzen und Pollen effektiv ab. Besonders bei h\u00f6heren Geschwindigkeiten oder offenem Visier bietet dies enormen Komfort: keine tr\u00e4nenden Augen, kein flatternder Fahrtwind und immer ein stabiles, ruhiges Seherlebnis.  <\/p>\n<p data-start=\"843\" data-end=\"1169\">Einzigartig sind die dynamischen Bel\u00fcftungskan\u00e4le im Rahmen. Mit diesen Schiebern kannst du den Luftstrom hinter der Scheibe steuern und so das Beschlagen bei Kaltstart, Regenwetter oder intensiven Fahrten minimieren. Der Rahmen ist leicht, strapazierf\u00e4hig und helmfreundlich und bleibt auch bei Vibrationen oder holprigen Stra\u00dfen fest an seinem Platz.  <\/p>\n<p data-start=\"1171\" data-end=\"1620\">- Wrap-around-Design, das perfekt unter Motorradhelme passt<br data-start=\"1231\" data-end=\"1234\">- Facial Cavity\u2122 Seal f\u00fcr winddichten Schutz und zus\u00e4tzlichen Fahrkomfort<br data-start=\"1303\" data-end=\"1306\">- Dynamic Ventilation System zur aktiven Verhinderung von Beschlag<br data-start=\"1365\" data-end=\"1368\">- Schlagfeste Polycarbonat-Gl\u00e4ser<br data-start=\"1427\" data-end=\"1430\">- Ideal f\u00fcr Motorradfahren, Touren, Stadtfahrten und Allwettereinsatz<br data-start=\"1501\" data-end=\"1504\">- Auch f\u00fcr MTB, taktische Eins\u00e4tze und Outdoor geeignet<br data-start=\"1556\" data-end=\"1559\">- EN166-zertifiziert f\u00fcr pers\u00f6nlichen Augenschutz (nicht mit Sehst\u00e4rke erh\u00e4ltlich)<\/p>\n<p data-start=\"1622\" data-end=\"1887\">Erh\u00e4ltlich in verschreibungspflichtigen<br data-start=\"1641\" data-end=\"1644\">Die Wiley X Breach ist voll verschreibungspflichtig mit gebogenen Sportgl\u00e4sern in der von dir gew\u00e4hlten T\u00f6nung, einschlie\u00dflich Co-T\u00f6nungsoptionen.<\/p>\n","protected":false},"featured_media":67986,"template":"","meta":[],"product_brand":[793],"product_cat":[659,710,712,711,709,687,666],"product_tag":[],"class_list":{"0":"post-74708","1":"product","2":"type-product","3":"status-publish","4":"has-post-thumbnail","6":"product_brand-wiley-x","7":"product_cat-motorradbrille","8":"product_cat-airsoft","9":"product_cat-jagen","10":"product_cat-pistolenschiessen","11":"product_cat-schiessbrille","12":"product_cat-surfen-kite-surfen","13":"product_cat-tourenmotorrad","14":"pa_geschikt-voor-frauen","15":"pa_geschikt-voor-manner","16":"pa_kleur-montuur-braun","17":"pa_kleur-montuur-camouflage","18":"pa_kleur-montuur-schwarz","19":"pa_maat-montuur-gross","20":"pa_maat-montuur-medium","21":"pa_soort-bril-op-sterkte-mit-sehstaerke","22":"pa_soort-bril-op-sterkte-ohne-sehstaerke","24":"first","25":"instock","26":"sale","27":"shipping-taxable","28":"purchasable","29":"product-type-variable"},"_links":{"self":[{"href":"https:\/\/www.specialspex.com\/de\/wp-json\/wp\/v2\/product\/74708","targetHints":{"allow":["GET"]}}],"collection":[{"href":"https:\/\/www.specialspex.com\/de\/wp-json\/wp\/v2\/product"}],"about":[{"href":"https:\/\/www.specialspex.com\/de\/wp-json\/wp\/v2\/types\/product"}],"wp:featuredmedia":[{"embeddable":true,"href":"https:\/\/www.specialspex.com\/de\/wp-json\/wp\/v2\/media\/67986"}],"wp:attachment":[{"href":"https:\/\/www.specialspex.com\/de\/wp-json\/wp\/v2\/media?parent=74708"}],"wp:term":[{"taxonomy":"product_brand","embeddable":true,"href":"https:\/\/www.specialspex.com\/de\/wp-json\/wp\/v2\/product_brand?post=74708"},{"taxonomy":"product_cat","embeddable":true,"href":"https:\/\/www.specialspex.com\/de\/wp-json\/wp\/v2\/product_cat?post=74708"},{"taxonomy":"product_tag","embeddable":true,"href":"https:\/\/www.specialspex.com\/de\/wp-json\/wp\/v2\/product_tag?post=74708"}],"curies":[{"name":"wp","href":"https:\/\/api.w.org\/{rel}","templated":true}]}}