{"id":74721,"date":"2025-11-28T13:57:41","date_gmt":"2025-11-28T12:57:41","guid":{"rendered":"https:\/\/specialspex.com\/product\/boomerang\/"},"modified":"2026-04-18T12:08:28","modified_gmt":"2026-04-18T10:08:28","slug":"boomerang","status":"publish","type":"product","link":"https:\/\/www.specialspex.com\/de\/sport-laessig\/julbo-boomerang\/","title":{"rendered":"Boomerang"},"content":{"rendered":"<p data-start=\"134\" data-end=\"387\">Kinder werden immer stilbewusster, ob in der Schule, auf der Stra\u00dfe, auf dem Sportplatz oder am Strand. Der Boomerang kombiniert eine trendige Silhouette mit optimalem Schutz und Komfort, damit die Kids gut aussehen und sicher sind. <\/p>\n<p data-start=\"389\" data-end=\"723\" data-is-last-node=\"\" data-is-only-node=\"\">- Ergonomisch geschwungene Beine f\u00fcr perfekten Sitz<br data-start=\"441\" data-end=\"444\">- M\u00f6glichkeit zur Befestigung eines Brillenbandes<br data-start=\"491\" data-end=\"494\">- Flexible, sto\u00dffeste Nasenpads (Grip Nose)<br data-start=\"547\" data-end=\"550\">- Grip Tech Beine mit weichem Material f\u00fcr Komfort und Halt<br data-start=\"617\" data-end=\"620\">- Bleibt bei aktivem Gebrauch sicher an Ort und Stelle<br data-start=\"663\" data-end=\"666\">- Geeignet f\u00fcr den t\u00e4glichen Gebrauch und Outdoor-Aktivit\u00e4ten<\/p>\n<p data-start=\"389\" data-end=\"723\" data-is-last-node=\"\" data-is-only-node=\"\">- Geeignet f\u00fcr Kinder von 4-8 Jahren<\/p>\n<p>&nbsp;<\/p>\n","protected":false},"excerpt":{"rendered":"<p data-start=\"134\" data-end=\"387\">Kinder werden immer stilbewusster, ob in der Schule, auf der Stra\u00dfe, auf dem Sportplatz oder am Strand. Der Boomerang kombiniert eine trendige Silhouette mit optimalem Schutz und Komfort, damit die Kids gut aussehen und sicher sind. <\/p>\n<p data-start=\"389\" data-end=\"723\" data-is-last-node=\"\" data-is-only-node=\"\">- Ergonomisch geschwungene Beine f\u00fcr perfekten Sitz<br data-start=\"441\" data-end=\"444\">- M\u00f6glichkeit zur Befestigung eines Brillenbandes<br data-start=\"491\" data-end=\"494\">- Flexible, sto\u00dffeste Nasenpads (Grip Nose)<br data-start=\"547\" data-end=\"550\">- Grip Tech Beine mit weichem Material f\u00fcr Komfort und Halt<br data-start=\"617\" data-end=\"620\">- Bleibt bei aktivem Gebrauch sicher an Ort und Stelle<br data-start=\"663\" data-end=\"666\">- Geeignet f\u00fcr den t\u00e4glichen Gebrauch und Outdoor-Aktivit\u00e4ten<\/p>\n<p data-start=\"481\" data-end=\"704\" data-is-last-node=\"\" data-is-only-node=\"\">- Geeignet f\u00fcr Kinder von 4-8 Jahren<\/p>\n","protected":false},"featured_media":68202,"template":"","meta":[],"product_brand":[790],"product_cat":[584,696,594],"product_tag":[],"class_list":{"0":"post-74721","1":"product","2":"type-product","3":"status-publish","4":"has-post-thumbnail","6":"product_brand-julbo","7":"product_cat-sportbrille","8":"product_cat-sport-laessig","9":"product_cat-sportbrillen-fuer-kinder","10":"pa_geschikt-voor-sportbrillen-fuer-kinder","11":"pa_kleur-montuur-braun","12":"pa_kleur-montuur-grau","13":"pa_kleur-montuur-lila","14":"pa_maat-montuur-kinder-4-8-jahre","15":"pa_soort-bril-op-sterkte-mit-sehstaerke","16":"pa_soort-bril-op-sterkte-ohne-sehstaerke","18":"first","19":"instock","20":"shipping-taxable","21":"purchasable","22":"product-type-variable"},"_links":{"self":[{"href":"https:\/\/www.specialspex.com\/de\/wp-json\/wp\/v2\/product\/74721","targetHints":{"allow":["GET"]}}],"collection":[{"href":"https:\/\/www.specialspex.com\/de\/wp-json\/wp\/v2\/product"}],"about":[{"href":"https:\/\/www.specialspex.com\/de\/wp-json\/wp\/v2\/types\/product"}],"wp:featuredmedia":[{"embeddable":true,"href":"https:\/\/www.specialspex.com\/de\/wp-json\/wp\/v2\/media\/68202"}],"wp:attachment":[{"href":"https:\/\/www.specialspex.com\/de\/wp-json\/wp\/v2\/media?parent=74721"}],"wp:term":[{"taxonomy":"product_brand","embeddable":true,"href":"https:\/\/www.specialspex.com\/de\/wp-json\/wp\/v2\/product_brand?post=74721"},{"taxonomy":"product_cat","embeddable":true,"href":"https:\/\/www.specialspex.com\/de\/wp-json\/wp\/v2\/product_cat?post=74721"},{"taxonomy":"product_tag","embeddable":true,"href":"https:\/\/www.specialspex.com\/de\/wp-json\/wp\/v2\/product_tag?post=74721"}],"curies":[{"name":"wp","href":"https:\/\/api.w.org\/{rel}","templated":true}]}}