{"id":74776,"date":"2025-11-28T14:39:23","date_gmt":"2025-11-28T13:39:23","guid":{"rendered":"https:\/\/specialspex.com\/product\/fall-line-m-snow-goggles\/"},"modified":"2025-11-28T14:39:23","modified_gmt":"2025-11-28T13:39:23","slug":"fall-line-m-snow-goggles","status":"publish","type":"product","link":"https:\/\/www.specialspex.com\/de\/sportbrille\/wintersport\/ski-und-snowboardbrillen\/oakley-fall-line-m-snow-goggles\/","title":{"rendered":"Fall Line M Snow Goggles"},"content":{"rendered":"<p data-start=\"256\" data-end=\"702\">Die Oakley Fall Line M ist eine technische Skibrille f\u00fcr Wintersportler, die auf der Piste klare Sicht, Schutz und Komfort brauchen. Die gro\u00dfe zylindrische Scheibe bietet ein weites Sichtfeld, w\u00e4hrend der bel\u00fcftete Rahmen f\u00fcr eine optimale Luftzirkulation sorgt, um das Beschlagen zu minimieren. Das helmkompatible Band und die weiche Dreifach-Schaumstoffschicht sorgen f\u00fcr einen stabilen und bequemen Sitz, auch bei intensiven Abfahrten.  <\/p>\n<p data-start=\"704\" data-end=\"852\">Die Fall Line M kombiniert einen robusten rahmenlosen Look mit zuverl\u00e4ssiger Oakley-Performance f\u00fcr den Einsatz bei unterschiedlichen Schnee- und Lichtverh\u00e4ltnissen.<\/p>\n<p data-start=\"854\" data-end=\"1325\">- Zylindrische Panoramascheibe f\u00fcr ein weites und klares Sichtfeld<br data-start=\"919\" data-end=\"922\">- Bel\u00fcftungsrahmen f\u00fcr optimale Luftzirkulation und reduziertes Beschlagen<br data-start=\"991\" data-end=\"994\">- Dreifache Schaumstoffschicht f\u00fcr Komfort und gute Abdichtung gegen K\u00e4lte und Schnee<br data-start=\"1069\" data-end=\"1072\">- Helmkompatibles, elastisches Band f\u00fcr einen stabilen Sitz<br data-start=\"1132\" data-end=\"1135\">- Erh\u00e4ltlich mit Prizm Snow Technologie f\u00fcr besseren Kontrast und Details<br data-start=\"1206\" data-end=\"1209\">- Erh\u00e4ltlich mit einem Specialspex Skiclip mit Korrekturgl\u00e4sern<br data-start=\"1285\" data-end=\"1288\">- Inklusive Mikrofaserbrillenetui<\/p>\n","protected":false},"excerpt":{"rendered":"<p data-start=\"256\" data-end=\"702\">Die Oakley Fall Line M ist eine technische Skibrille f\u00fcr Wintersportler, die auf der Piste klare Sicht, Schutz und Komfort brauchen. Die gro\u00dfe zylindrische Scheibe bietet ein weites Sichtfeld, w\u00e4hrend der bel\u00fcftete Rahmen f\u00fcr eine optimale Luftzirkulation sorgt, um das Beschlagen zu minimieren. Das helmkompatible Band und die weiche Dreifach-Schaumstoffschicht sorgen f\u00fcr einen stabilen und bequemen Sitz, auch bei intensiven Abfahrten.  <\/p>\n<p data-start=\"704\" data-end=\"852\">Die Fall Line M kombiniert einen robusten rahmenlosen Look mit zuverl\u00e4ssiger Oakley-Performance f\u00fcr den Einsatz bei unterschiedlichen Schnee- und Lichtverh\u00e4ltnissen.<\/p>\n<p data-start=\"854\" data-end=\"1325\">- Zylindrische Panoramascheibe f\u00fcr ein weites und klares Sichtfeld<br data-start=\"919\" data-end=\"922\">- Bel\u00fcftungsrahmen f\u00fcr optimale Luftzirkulation und reduziertes Beschlagen<br data-start=\"991\" data-end=\"994\">- Dreifache Schaumstoffschicht f\u00fcr Komfort und gute Abdichtung gegen K\u00e4lte und Schnee<br data-start=\"1069\" data-end=\"1072\">- Helmkompatibles, elastisches Band f\u00fcr einen stabilen Sitz<br data-start=\"1132\" data-end=\"1135\">- Erh\u00e4ltlich mit Prizm Snow Technologie f\u00fcr besseren Kontrast und Details<br data-start=\"1206\" data-end=\"1209\">- Erh\u00e4ltlich mit einem Specialspex Skiclip mit Korrekturgl\u00e4sern<br data-start=\"1285\" data-end=\"1288\">- Inklusive Mikrofaserbrillenetui<\/p>\n","protected":false},"featured_media":7594,"template":"","meta":[],"product_brand":[806],"product_cat":[584,698,700],"product_tag":[],"class_list":{"0":"post-74776","1":"product","2":"type-product","3":"status-publish","4":"has-post-thumbnail","6":"product_brand-oakley","7":"product_cat-sportbrille","8":"product_cat-ski-und-snowboardbrillen","9":"product_cat-wintersport","10":"pa_geschikt-voor-frauen","11":"pa_geschikt-voor-manner","12":"pa_kleur-montuur-blau","13":"pa_kleur-montuur-grau","14":"pa_kleur-montuur-grun","15":"pa_kleur-montuur-schwarz","16":"pa_kleur-montuur-schwarz-2","17":"pa_kleur-montuur-schwarz-3","18":"pa_kleur-montuur-wei","19":"pa_kleur-montuur-weiss-2","20":"pa_kleur-montuur-weiss","21":"pa_maat-montuur-extra-gros","22":"pa_maat-montuur-gross","23":"pa_maat-montuur-medium","24":"pa_soort-bril-op-sterkte-ohne-sehstaerke","25":"pa_soort-bril-op-sterkte-with-prescription-insert","27":"first","28":"instock","29":"shipping-taxable","30":"purchasable","31":"product-type-variable"},"_links":{"self":[{"href":"https:\/\/www.specialspex.com\/de\/wp-json\/wp\/v2\/product\/74776","targetHints":{"allow":["GET"]}}],"collection":[{"href":"https:\/\/www.specialspex.com\/de\/wp-json\/wp\/v2\/product"}],"about":[{"href":"https:\/\/www.specialspex.com\/de\/wp-json\/wp\/v2\/types\/product"}],"wp:featuredmedia":[{"embeddable":true,"href":"https:\/\/www.specialspex.com\/de\/wp-json\/wp\/v2\/media\/7594"}],"wp:attachment":[{"href":"https:\/\/www.specialspex.com\/de\/wp-json\/wp\/v2\/media?parent=74776"}],"wp:term":[{"taxonomy":"product_brand","embeddable":true,"href":"https:\/\/www.specialspex.com\/de\/wp-json\/wp\/v2\/product_brand?post=74776"},{"taxonomy":"product_cat","embeddable":true,"href":"https:\/\/www.specialspex.com\/de\/wp-json\/wp\/v2\/product_cat?post=74776"},{"taxonomy":"product_tag","embeddable":true,"href":"https:\/\/www.specialspex.com\/de\/wp-json\/wp\/v2\/product_tag?post=74776"}],"curies":[{"name":"wp","href":"https:\/\/api.w.org\/{rel}","templated":true}]}}