{"id":74833,"date":"2025-12-03T13:58:23","date_gmt":"2025-12-03T12:58:23","guid":{"rendered":"https:\/\/specialspex.com\/product\/sylas\/"},"modified":"2025-12-03T13:58:23","modified_gmt":"2025-12-03T12:58:23","slug":"sylas","status":"publish","type":"product","link":"https:\/\/www.specialspex.com\/de\/sportbrille\/bergsteigerbrille\/oakley-sylas\/","title":{"rendered":"Sylas"},"content":{"rendered":"<p data-start=\"171\" data-end=\"601\">Die Oakley Sylas ist eine klassische, stylische Brille, die f\u00fcr t\u00e4glichen Komfort und zuverl\u00e4ssige Leistung entwickelt wurde. Das leichte O Matter-Material macht die Brille langlebig und bequem f\u00fcr langes Tragen, w\u00e4hrend der Drei-Punkt-Sitz f\u00fcr eine pr\u00e4zise und stabile Scheibenausrichtung sorgt. Dank des cap-kompatiblen Designs kannst du die Sylas m\u00fchelos mit einer Kappe tragen, ohne dass die periphere Sicht beeintr\u00e4chtigt wird.  <\/p>\n<p data-start=\"603\" data-end=\"746\">Die Sylas kombiniert einen zeitlosen Look mit moderner Oakley-Technologie und ist damit sowohl f\u00fcr den Alltag als auch f\u00fcr aktive Momente geeignet.<\/p>\n<p data-start=\"748\" data-end=\"1144\">- Klassisches Design mit modernen Oakley-Details<br data-start=\"793\" data-end=\"796\">- Kappenkompatibles Design, das die periphere Sicht frei h\u00e4lt<br data-start=\"849\" data-end=\"852\">- Drei-Punkt-Sitz f\u00fcr eine stabile und bequeme Ausrichtung<br data-start=\"910\" data-end=\"913\">- Leichter und langlebiger O Matter-Rahmen<br data-start=\"956\" data-end=\"959\">- Erh\u00e4ltlich mit Prizm-Gl\u00e4sern f\u00fcr besseren Kontrast und mehr Details<br data-start=\"1021\" data-end=\"1024\">- Erh\u00e4ltlich sowohl mit Specialspex-Gl\u00e4sern als auch mit Original-Oakley-Gl\u00e4sern<br data-start=\"1104\" data-end=\"1107\">- Inklusive Schutzh\u00fclle<\/p>\n","protected":false},"excerpt":{"rendered":"<p data-start=\"171\" data-end=\"601\">Die Oakley Sylas ist eine klassische, stylische Brille, die f\u00fcr t\u00e4glichen Komfort und zuverl\u00e4ssige Leistung entwickelt wurde. Das leichte O Matter-Material macht die Brille langlebig und bequem f\u00fcr langes Tragen, w\u00e4hrend der Drei-Punkt-Sitz f\u00fcr eine pr\u00e4zise und stabile Scheibenausrichtung sorgt. Dank des cap-kompatiblen Designs kannst du die Sylas m\u00fchelos mit einer Kappe tragen, ohne dass die periphere Sicht beeintr\u00e4chtigt wird.  <\/p>\n<p data-start=\"603\" data-end=\"746\">Die Sylas kombiniert einen zeitlosen Look mit moderner Oakley-Technologie und ist damit sowohl f\u00fcr den Alltag als auch f\u00fcr aktive Momente geeignet.<\/p>\n<p data-start=\"748\" data-end=\"1144\">- Klassisches Design mit modernen Oakley-Details<br data-start=\"793\" data-end=\"796\">- Kappenkompatibles Design, das die periphere Sicht frei h\u00e4lt<br data-start=\"849\" data-end=\"852\">- Drei-Punkt-Sitz f\u00fcr eine stabile und bequeme Ausrichtung<br data-start=\"910\" data-end=\"913\">- Leichter und langlebiger O Matter-Rahmen<br data-start=\"956\" data-end=\"959\">- Erh\u00e4ltlich mit Prizm-Gl\u00e4sern f\u00fcr besseren Kontrast und mehr Details<br data-start=\"1021\" data-end=\"1024\">- Erh\u00e4ltlich sowohl mit Specialspex-Gl\u00e4sern als auch mit Original-Oakley-Gl\u00e4sern<br data-start=\"1104\" data-end=\"1107\">- Inklusive Schutzh\u00fclle<\/p>\n","protected":false},"featured_media":71169,"template":"","meta":[],"product_brand":[806],"product_cat":[659,658,660,584,661],"product_tag":[],"class_list":{"0":"post-74833","1":"product","2":"type-product","3":"status-publish","4":"has-post-thumbnail","6":"product_brand-oakley","7":"product_cat-motorradbrille","8":"product_cat-bergsteigerbrille","9":"product_cat-golfbrille","10":"product_cat-sportbrille","11":"product_cat-wandern","12":"pa_geschikt-voor-frauen","13":"pa_geschikt-voor-manner","14":"pa_kleur-montuur-grau","15":"pa_kleur-montuur-schwarz-2","16":"pa_kleur-montuur-schwarz","17":"pa_kleur-montuur-transparent-klar","18":"pa_soort-bril-op-sterkte-mit-sehstaerke","19":"pa_soort-bril-op-sterkte-ohne-sehstaerke","21":"first","22":"instock","23":"sale","24":"shipping-taxable","25":"purchasable","26":"product-type-variable"},"_links":{"self":[{"href":"https:\/\/www.specialspex.com\/de\/wp-json\/wp\/v2\/product\/74833","targetHints":{"allow":["GET"]}}],"collection":[{"href":"https:\/\/www.specialspex.com\/de\/wp-json\/wp\/v2\/product"}],"about":[{"href":"https:\/\/www.specialspex.com\/de\/wp-json\/wp\/v2\/types\/product"}],"wp:featuredmedia":[{"embeddable":true,"href":"https:\/\/www.specialspex.com\/de\/wp-json\/wp\/v2\/media\/71169"}],"wp:attachment":[{"href":"https:\/\/www.specialspex.com\/de\/wp-json\/wp\/v2\/media?parent=74833"}],"wp:term":[{"taxonomy":"product_brand","embeddable":true,"href":"https:\/\/www.specialspex.com\/de\/wp-json\/wp\/v2\/product_brand?post=74833"},{"taxonomy":"product_cat","embeddable":true,"href":"https:\/\/www.specialspex.com\/de\/wp-json\/wp\/v2\/product_cat?post=74833"},{"taxonomy":"product_tag","embeddable":true,"href":"https:\/\/www.specialspex.com\/de\/wp-json\/wp\/v2\/product_tag?post=74833"}],"curies":[{"name":"wp","href":"https:\/\/api.w.org\/{rel}","templated":true}]}}