{"id":74851,"date":"2025-12-03T13:43:31","date_gmt":"2025-12-03T12:43:31","guid":{"rendered":"https:\/\/specialspex.com\/product\/renegade\/"},"modified":"2026-04-18T12:08:06","modified_gmt":"2026-04-18T10:08:06","slug":"renegade","status":"publish","type":"product","link":"https:\/\/www.specialspex.com\/de\/sportbrille\/radfahrerbrille\/mountainbiking\/julbo-renegade\/","title":{"rendered":"Renegade"},"content":{"rendered":"<p data-start=\"59\" data-end=\"277\">Die Julbo RENEGADE ist eine vielseitige Brille, die auf jedem Terrain zu Hause ist. Ihr robuster Rahmen, das weite Sichtfeld und die bequeme Passform machen sie perfekt f\u00fcr sportliche Abenteuer und entspannte Momente. <\/p>\n<p data-start=\"279\" data-end=\"558\"><br data-start=\"306\" data-end=\"309\">- Breites Sichtfeld f\u00fcr optimale Sicht<br data-start=\"349\" data-end=\"352\">- Bleibt w\u00e4hrend der Bewegung fest an seinem Platz<br data-start=\"397\" data-end=\"400\">- Bequemes und stabiles Design<br data-start=\"432\" data-end=\"435\">- Sowohl f\u00fcr den Einsatz in der Stadt als auch f\u00fcr Outdoor-Aktivit\u00e4ten geeignet<br data-start=\"493\" data-end=\"496\">- Ideal f\u00fcr Radfahren, Trailrunning und Abenteuertouren<\/p>\n","protected":false},"excerpt":{"rendered":"<p data-start=\"59\" data-end=\"277\">Die Julbo RENEGADE ist eine vielseitige Brille, die auf jedem Terrain zu Hause ist. Ihr robuster Rahmen, das weite Sichtfeld und die bequeme Passform machen sie perfekt f\u00fcr sportliche Abenteuer und entspannte Momente. <\/p>\n<p data-start=\"279\" data-end=\"558\"><br data-start=\"306\" data-end=\"309\">- Breites Sichtfeld f\u00fcr optimale Sicht<br data-start=\"349\" data-end=\"352\">- Bleibt w\u00e4hrend der Bewegung fest an seinem Platz<br data-start=\"397\" data-end=\"400\">- Bequemes und stabiles Design<br data-start=\"432\" data-end=\"435\">- Sowohl f\u00fcr den Einsatz in der Stadt als auch f\u00fcr Outdoor-Aktivit\u00e4ten geeignet<br data-start=\"493\" data-end=\"496\">- Ideal f\u00fcr Radfahren, Trailrunning und Abenteuertouren<\/p>\n","protected":false},"featured_media":45223,"template":"","meta":[],"product_brand":[790],"product_cat":[584,638,559],"product_tag":[],"class_list":{"0":"post-74851","1":"product","2":"type-product","3":"status-publish","4":"has-post-thumbnail","6":"product_brand-julbo","7":"product_cat-sportbrille","8":"product_cat-mountainbiking","9":"product_cat-radfahrerbrille","10":"pa_geschikt-voor-manner","11":"pa_kleur-montuur-blau","12":"pa_kleur-montuur-schwarz","13":"pa_maat-montuur-gross","14":"pa_maat-montuur-medium","15":"pa_soort-bril-op-sterkte-mit-sehstaerke","16":"pa_soort-bril-op-sterkte-ohne-sehstaerke","18":"first","19":"instock","20":"shipping-taxable","21":"purchasable","22":"product-type-variable"},"_links":{"self":[{"href":"https:\/\/www.specialspex.com\/de\/wp-json\/wp\/v2\/product\/74851","targetHints":{"allow":["GET"]}}],"collection":[{"href":"https:\/\/www.specialspex.com\/de\/wp-json\/wp\/v2\/product"}],"about":[{"href":"https:\/\/www.specialspex.com\/de\/wp-json\/wp\/v2\/types\/product"}],"wp:featuredmedia":[{"embeddable":true,"href":"https:\/\/www.specialspex.com\/de\/wp-json\/wp\/v2\/media\/45223"}],"wp:attachment":[{"href":"https:\/\/www.specialspex.com\/de\/wp-json\/wp\/v2\/media?parent=74851"}],"wp:term":[{"taxonomy":"product_brand","embeddable":true,"href":"https:\/\/www.specialspex.com\/de\/wp-json\/wp\/v2\/product_brand?post=74851"},{"taxonomy":"product_cat","embeddable":true,"href":"https:\/\/www.specialspex.com\/de\/wp-json\/wp\/v2\/product_cat?post=74851"},{"taxonomy":"product_tag","embeddable":true,"href":"https:\/\/www.specialspex.com\/de\/wp-json\/wp\/v2\/product_tag?post=74851"}],"curies":[{"name":"wp","href":"https:\/\/api.w.org\/{rel}","templated":true}]}}