{"id":74858,"date":"2025-12-04T14:30:59","date_gmt":"2025-12-04T13:30:59","guid":{"rendered":"https:\/\/specialspex.com\/product\/rydon\/"},"modified":"2025-12-04T14:30:59","modified_gmt":"2025-12-04T13:30:59","slug":"rydon","status":"publish","type":"product","link":"https:\/\/www.specialspex.com\/de\/sportbrille\/golfbrille\/rudy-project-rydon\/","title":{"rendered":"Rydon"},"content":{"rendered":"<p data-start=\"177\" data-end=\"611\">Die Rudy Project Rydon ist eine der vielseitigsten und beliebtesten Sportbrillen im Sortiment von Rudy Project. Der Rahmen kombiniert leichte Flexibilit\u00e4t mit einer stabilen Passform und macht die Brille ideal f\u00fcr eine Vielzahl von Sportarten wie Radfahren, Laufen, Triathlon und Outdoor-Training. Mit ihrer Wrap-Around-Glasform bietet die Rydon ein weites Sichtfeld und hervorragenden Schutz vor Sonne, Wind und Spritzwasser.  <\/p>\n<p data-start=\"613\" data-end=\"942\">Die verstellbaren Nasenpads und Ohrst\u00f6psel erm\u00f6glichen eine pr\u00e4zise Anpassung der Brille f\u00fcr einen bequemen und stabilen Sitz, selbst bei intensivem Training. Dank ihres modularen Designs kann die Rydon mit verschiedenen Scheibentypen ausgestattet werden, darunter bel\u00fcftete und leistungsstarke Optionen, die das Beschlagen reduzieren. <\/p>\n<p data-start=\"944\" data-end=\"1413\">- Leichter und flexibler Rahmen mit stabiler Passform<br data-start=\"1003\" data-end=\"1006\">- Wrap-around-Glasdesign f\u00fcr weite Sicht und optimalen Schutz<br data-start=\"1072\" data-end=\"1075\">- Verstellbare Nasenpads und Ohrst\u00f6psel f\u00fcr eine individuelle Passform<br data-start=\"1138\" data-end=\"1141\">- Ideal f\u00fcr Radfahren, Laufen, Triathlon und Outdoor-Aktivit\u00e4ten<br data-start=\"1206\" data-end=\"1209\">- Kompatibel mit verschiedenen Glasoptionen, einschlie\u00dflich bel\u00fcfteter Varianten<br data-start=\"1279\" data-end=\"1282\">- Erh\u00e4ltlich mit verschreibungspflichtigen Gl\u00e4sern mit hochwertigen Specialspex-Gl\u00e4sern sowie Rudy Project-Originalgl\u00e4sern<br data-start=\"1373\" data-end=\"1376\">- Inklusive sch\u00fctzendem Aufbewahrungsetui<\/p>\n","protected":false},"excerpt":{"rendered":"<p data-start=\"177\" data-end=\"611\">Die Rudy Project Rydon ist eine der vielseitigsten und beliebtesten Sportbrillen im Sortiment von Rudy Project. Der Rahmen kombiniert leichte Flexibilit\u00e4t mit einer stabilen Passform und macht die Brille ideal f\u00fcr eine Vielzahl von Sportarten wie Radfahren, Laufen, Triathlon und Outdoor-Training. Mit ihrer Wrap-Around-Glasform bietet die Rydon ein weites Sichtfeld und hervorragenden Schutz vor Sonne, Wind und Spritzwasser.  <\/p>\n<p data-start=\"613\" data-end=\"942\">Die verstellbaren Nasenpads und Ohrst\u00f6psel erm\u00f6glichen eine pr\u00e4zise Anpassung der Brille f\u00fcr einen bequemen und stabilen Sitz, selbst bei intensivem Training. Dank ihres modularen Designs kann die Rydon mit verschiedenen Scheibentypen ausgestattet werden, darunter bel\u00fcftete und leistungsstarke Optionen, die das Beschlagen reduzieren. <\/p>\n<p data-start=\"944\" data-end=\"1413\">- Leichter und flexibler Rahmen mit stabiler Passform<br data-start=\"1003\" data-end=\"1006\">- Wrap-around-Glasdesign f\u00fcr weite Sicht und optimalen Schutz<br data-start=\"1072\" data-end=\"1075\">- Verstellbare Nasenpads und Ohrst\u00f6psel f\u00fcr eine individuelle Passform<br data-start=\"1138\" data-end=\"1141\">- Ideal f\u00fcr Radfahren, Laufen, Triathlon und Outdoor-Aktivit\u00e4ten<br data-start=\"1206\" data-end=\"1209\">- Kompatibel mit verschiedenen Glasoptionen, einschlie\u00dflich bel\u00fcfteter Varianten<br data-start=\"1279\" data-end=\"1282\">- Erh\u00e4ltlich mit verschreibungspflichtigen Gl\u00e4sern mit hochwertigen Specialspex-Gl\u00e4sern sowie Rudy Project-Originalgl\u00e4sern<br data-start=\"1373\" data-end=\"1376\">- Inklusive sch\u00fctzendem Aufbewahrungsetui<\/p>\n","protected":false},"featured_media":64696,"template":"","meta":[],"product_brand":[797],"product_cat":[584,660,639,560,638,561,559,662],"product_tag":[],"class_list":{"0":"post-74858","1":"product","2":"type-product","3":"status-publish","4":"has-post-thumbnail","6":"product_brand-rudy-project","7":"product_cat-sportbrille","8":"product_cat-golfbrille","9":"product_cat-gravelbiker-radfahren","10":"product_cat-laufen","11":"product_cat-mountainbiking","12":"product_cat-radfahren","13":"product_cat-radfahrerbrille","14":"product_cat-trailrunning","15":"pa_geschikt-voor-frauen","16":"pa_geschikt-voor-manner","17":"pa_kleur-montuur-blau","18":"pa_kleur-montuur-grau","19":"pa_kleur-montuur-schwarz","20":"pa_maat-montuur-gross","21":"pa_maat-montuur-medium","22":"pa_soort-bril-op-sterkte-mit-sehstaerke","23":"pa_soort-bril-op-sterkte-ohne-sehstaerke","25":"first","26":"instock","27":"sale","28":"shipping-taxable","29":"purchasable","30":"product-type-variable"},"_links":{"self":[{"href":"https:\/\/www.specialspex.com\/de\/wp-json\/wp\/v2\/product\/74858","targetHints":{"allow":["GET"]}}],"collection":[{"href":"https:\/\/www.specialspex.com\/de\/wp-json\/wp\/v2\/product"}],"about":[{"href":"https:\/\/www.specialspex.com\/de\/wp-json\/wp\/v2\/types\/product"}],"wp:featuredmedia":[{"embeddable":true,"href":"https:\/\/www.specialspex.com\/de\/wp-json\/wp\/v2\/media\/64696"}],"wp:attachment":[{"href":"https:\/\/www.specialspex.com\/de\/wp-json\/wp\/v2\/media?parent=74858"}],"wp:term":[{"taxonomy":"product_brand","embeddable":true,"href":"https:\/\/www.specialspex.com\/de\/wp-json\/wp\/v2\/product_brand?post=74858"},{"taxonomy":"product_cat","embeddable":true,"href":"https:\/\/www.specialspex.com\/de\/wp-json\/wp\/v2\/product_cat?post=74858"},{"taxonomy":"product_tag","embeddable":true,"href":"https:\/\/www.specialspex.com\/de\/wp-json\/wp\/v2\/product_tag?post=74858"}],"curies":[{"name":"wp","href":"https:\/\/api.w.org\/{rel}","templated":true}]}}