{"id":74869,"date":"2025-12-04T14:42:59","date_gmt":"2025-12-04T13:42:59","guid":{"rendered":"https:\/\/specialspex.com\/product\/rydon-slim-docks\/"},"modified":"2025-12-04T14:42:59","modified_gmt":"2025-12-04T13:42:59","slug":"rydon-slim-docks","status":"publish","type":"product","link":"https:\/\/www.specialspex.com\/de\/sportbrille\/golfbrille\/rudy-project-rydon-slim-docks\/","title":{"rendered":"Rydon Slim Docks"},"content":{"rendered":"<p data-start=\"206\" data-end=\"695\">Die Rudy Project Rydon Slim Docks ist die Small-Fit-Version der kultigen Rydon-Fassung, die speziell f\u00fcr Sportler mit einem schmaleren Gesicht entwickelt wurde, die eine L\u00f6sung f\u00fcr h\u00f6here St\u00e4rken suchen. Das Docks-System erm\u00f6glicht optische Eins\u00e4tze, die deutlich h\u00f6here Korrekturen erlauben als Standard-Sportgl\u00e4ser. Das macht die Rydon Slim Docks ideal f\u00fcr Radfahrer, L\u00e4ufer und Multisportler, die maximale Leistung mit scharfer Sicht kombinieren wollen.  <\/p>\n<p data-start=\"697\" data-end=\"1089\">Der Rahmen ist leicht, flexibel und bequem, w\u00e4hrend die verstellbaren Nasenpads und Ohrst\u00f6psel f\u00fcr einen stabilen Sitz bei intensiven Aktivit\u00e4ten sorgen. Die Wrap-Around-Glasform bietet einen hervorragenden Schutz vor Sonne, Wind und Schmutz und ein breites und stabiles Sichtfeld. Die Docks k\u00f6nnen problemlos mit Korrekturgl\u00e4sern angepasst werden und bleiben bei jedem Training fest an ihrem Platz.  <\/p>\n<p data-start=\"1091\" data-end=\"1567\">- Small-fit-Variante des kultigen Rydon-Rahmens<br data-start=\"1142\" data-end=\"1145\">- Docks-System erm\u00f6glicht h\u00f6here St\u00e4rken durch optische Eins\u00e4tze<br data-start=\"1211\" data-end=\"1214\">- Ideal f\u00fcr Radfahren, Laufen und intensiven Outdoor-Einsatz<br data-start=\"1274\" data-end=\"1277\">- Leichter und flexibler Rahmen f\u00fcr lang anhaltenden Tragekomfort<br data-start=\"1334\" data-end=\"1337\">- Verstellbare Nasenpads und Ohrst\u00f6psel f\u00fcr optimalen Halt<br data-start=\"1396\" data-end=\"1399\">- Wrap-around-Glasform f\u00fcr weite Sicht und Schutz<br data-start=\"1453\" data-end=\"1456\">- Kann mit hochwertigen Specialspex-Gl\u00e4sern in den Docks auf Korrektionsst\u00e4rke aufger\u00fcstet werden<br data-start=\"1527\" data-end=\"1530\">- Schutzetui im Lieferumfang enthalten<\/p>\n","protected":false},"excerpt":{"rendered":"<p data-start=\"206\" data-end=\"695\">Die Rudy Project Rydon Slim Docks ist die Small-Fit-Version der kultigen Rydon-Fassung, die speziell f\u00fcr Sportler mit einem schmaleren Gesicht entwickelt wurde, die eine L\u00f6sung f\u00fcr h\u00f6here St\u00e4rken suchen. Das Docks-System erm\u00f6glicht optische Eins\u00e4tze, die deutlich h\u00f6here Korrekturen erlauben als Standard-Sportgl\u00e4ser. Das macht die Rydon Slim Docks ideal f\u00fcr Radfahrer, L\u00e4ufer und Multisportler, die maximale Leistung mit scharfer Sicht kombinieren wollen.  <\/p>\n<p data-start=\"697\" data-end=\"1089\">Der Rahmen ist leicht, flexibel und bequem, w\u00e4hrend die verstellbaren Nasenpads und Ohrst\u00f6psel f\u00fcr einen stabilen Sitz bei intensiven Aktivit\u00e4ten sorgen. Die Wrap-Around-Glasform bietet einen hervorragenden Schutz vor Sonne, Wind und Schmutz und ein breites und stabiles Sichtfeld. Die Docks k\u00f6nnen problemlos mit Korrekturgl\u00e4sern angepasst werden und bleiben bei jedem Training fest an ihrem Platz.  <\/p>\n<p data-start=\"1091\" data-end=\"1567\">- Small-fit-Variante des kultigen Rydon-Rahmens<br data-start=\"1142\" data-end=\"1145\">- Docks-System erm\u00f6glicht h\u00f6here St\u00e4rken durch optische Eins\u00e4tze<br data-start=\"1211\" data-end=\"1214\">- Ideal f\u00fcr Radfahren, Laufen und intensiven Outdoor-Einsatz<br data-start=\"1274\" data-end=\"1277\">- Leichter und flexibler Rahmen f\u00fcr lang anhaltenden Tragekomfort<br data-start=\"1334\" data-end=\"1337\">- Verstellbare Nasenpads und Ohrst\u00f6psel f\u00fcr optimalen Halt<br data-start=\"1396\" data-end=\"1399\">- Wrap-around-Glasform f\u00fcr weite Sicht und Schutz<br data-start=\"1453\" data-end=\"1456\">- Kann mit hochwertigen Specialspex-Gl\u00e4sern in den Docks auf Korrekturgl\u00e4ser aufger\u00fcstet werden<br data-start=\"1527\" data-end=\"1530\">- Sch\u00fctzendes Aufbewahrungsetui enthalten<\/p>\n","protected":false},"featured_media":64735,"template":"","meta":[],"product_brand":[797],"product_cat":[584,660,639,560,638,561,559,662],"product_tag":[],"class_list":{"0":"post-74869","1":"product","2":"type-product","3":"status-publish","4":"has-post-thumbnail","6":"product_brand-rudy-project","7":"product_cat-sportbrille","8":"product_cat-golfbrille","9":"product_cat-gravelbiker-radfahren","10":"product_cat-laufen","11":"product_cat-mountainbiking","12":"product_cat-radfahren","13":"product_cat-radfahrerbrille","14":"product_cat-trailrunning","15":"pa_geschikt-voor-frauen","16":"pa_geschikt-voor-manner","17":"pa_kleur-montuur-schwarz","18":"pa_maat-montuur-klein","19":"pa_maat-montuur-medium","20":"pa_soort-bril-op-sterkte-geeignet-fuer-hohe-staerken","21":"pa_soort-bril-op-sterkte-mit-sehstaerke","23":"first","24":"instock","25":"sale","26":"shipping-taxable","27":"purchasable","28":"product-type-simple"},"_links":{"self":[{"href":"https:\/\/www.specialspex.com\/de\/wp-json\/wp\/v2\/product\/74869","targetHints":{"allow":["GET"]}}],"collection":[{"href":"https:\/\/www.specialspex.com\/de\/wp-json\/wp\/v2\/product"}],"about":[{"href":"https:\/\/www.specialspex.com\/de\/wp-json\/wp\/v2\/types\/product"}],"wp:featuredmedia":[{"embeddable":true,"href":"https:\/\/www.specialspex.com\/de\/wp-json\/wp\/v2\/media\/64735"}],"wp:attachment":[{"href":"https:\/\/www.specialspex.com\/de\/wp-json\/wp\/v2\/media?parent=74869"}],"wp:term":[{"taxonomy":"product_brand","embeddable":true,"href":"https:\/\/www.specialspex.com\/de\/wp-json\/wp\/v2\/product_brand?post=74869"},{"taxonomy":"product_cat","embeddable":true,"href":"https:\/\/www.specialspex.com\/de\/wp-json\/wp\/v2\/product_cat?post=74869"},{"taxonomy":"product_tag","embeddable":true,"href":"https:\/\/www.specialspex.com\/de\/wp-json\/wp\/v2\/product_tag?post=74869"}],"curies":[{"name":"wp","href":"https:\/\/api.w.org\/{rel}","templated":true}]}}