{"id":74900,"date":"2025-12-18T14:51:43","date_gmt":"2025-12-18T13:51:43","guid":{"rendered":"https:\/\/specialspex.com\/product\/rush-reactiv\/"},"modified":"2025-12-18T14:51:43","modified_gmt":"2025-12-18T13:51:43","slug":"rush-reactiv","status":"publish","type":"product","link":"https:\/\/www.specialspex.com\/de\/sportbrille\/radfahrerbrille\/gravelbiker-radfahren\/julbo-rush-reactiv\/","title":{"rendered":"Rush Reactiv"},"content":{"rendered":"<p data-start=\"55\" data-end=\"303\">Die Julbo RUSH ist f\u00fcr maximale Leistung beim Radfahren und anderen Ausdauersportarten konzipiert. Der bel\u00fcftete Rahmen, das breite Sichtfeld und die verstellbaren Flex\u00b3-Beine sorgen f\u00fcr Komfort, Stabilit\u00e4t und optimale Sicht bei intensiven Aktivit\u00e4ten. <\/p>\n<p data-start=\"305\" data-end=\"617\"><br data-start=\"332\" data-end=\"335\">- Breites Sichtfeld f\u00fcr maximale Sicht in allen Positionen<br data-start=\"392\" data-end=\"395\">- Perfekt bel\u00fcftete Gl\u00e4ser, um ein Beschlagen zu verhindern<br data-start=\"452\" data-end=\"455\">- Flex\u00b3 Beine f\u00fcr optimalen Sitz und Helmkompatibilit\u00e4t<br data-start=\"513\" data-end=\"516\">- Komfortabel und stabil bei l\u00e4ngeren Fahrten<br data-start=\"566\" data-end=\"569\">- Ideal f\u00fcr Radfahren und andere Ausdauersportarten<\/p>\n<p data-start=\"305\" data-end=\"617\">- <strong data-start=\"735\" data-end=\"760\">Julbo REACTIV\u2122 Gl\u00e4ser<\/strong>: Diese innovativen Gl\u00e4ser passen sich automatisch an die wechselnden Lichtverh\u00e4ltnisse an. Sie verdunkeln sich bei hellem Sonnenlicht und hellen sich bei Schatten oder Bew\u00f6lkung auf, sodass du immer optimale Sicht hast, ohne die Brille wechseln zu m\u00fcssen. <\/p>\n<p data-start=\"305\" data-end=\"617\">- Kann mit Brillengl\u00e4sern im Visier oder mit einem Brillenclip angepasst werden<\/p>\n<p>&nbsp;<\/p>\n","protected":false},"excerpt":{"rendered":"<p data-start=\"55\" data-end=\"303\">Die Julbo RUSH ist f\u00fcr maximale Leistung beim Radfahren und anderen Ausdauersportarten konzipiert. Der bel\u00fcftete Rahmen, das breite Sichtfeld und die verstellbaren Flex\u00b3-Beine sorgen f\u00fcr Komfort, Stabilit\u00e4t und optimale Sicht bei intensiven Aktivit\u00e4ten. <\/p>\n<p data-start=\"305\" data-end=\"617\"><br data-start=\"332\" data-end=\"335\">- Breites Sichtfeld f\u00fcr maximale Sicht in allen Positionen<br data-start=\"392\" data-end=\"395\">- Perfekt bel\u00fcftete Gl\u00e4ser, um ein Beschlagen zu verhindern<br data-start=\"452\" data-end=\"455\">- Flex\u00b3 Beine f\u00fcr optimalen Sitz und Helmkompatibilit\u00e4t<br data-start=\"513\" data-end=\"516\">- Komfortabel und stabil bei l\u00e4ngeren Fahrten<br data-start=\"566\" data-end=\"569\">- Ideal f\u00fcr Radfahren und andere Ausdauersportarten<\/p>\n<p data-start=\"305\" data-end=\"617\">- <strong data-start=\"735\" data-end=\"760\">Julbo REACTIV\u2122 Gl\u00e4ser<\/strong>: Diese innovativen Gl\u00e4ser passen sich automatisch an wechselnde Lichtverh\u00e4ltnisse an. Sie verdunkeln sich bei hellem Sonnenlicht und hellen sich bei Schatten oder Bew\u00f6lkung auf. So hast du immer eine optimale Sicht, ohne die Brille wechseln zu m\u00fcssen. <\/p>\n<p data-start=\"305\" data-end=\"617\">- Kann mit Brillengl\u00e4sern im Visier oder mit einem Brillenclip angepasst werden<\/p>\n","protected":false},"featured_media":71263,"template":"","meta":[],"product_brand":[790],"product_cat":[584,639,638,559],"product_tag":[],"class_list":{"0":"post-74900","1":"product","2":"type-product","3":"status-publish","4":"has-post-thumbnail","6":"product_brand-julbo","7":"product_cat-sportbrille","8":"product_cat-gravelbiker-radfahren","9":"product_cat-mountainbiking","10":"product_cat-radfahrerbrille","11":"pa_geschikt-voor-frauen","12":"pa_geschikt-voor-manner","13":"pa_kleur-montuur-braun","14":"pa_kleur-montuur-grau","15":"pa_kleur-montuur-grun","16":"pa_kleur-montuur-rot","17":"pa_kleur-montuur-schwarz-2","18":"pa_kleur-montuur-schwarz","19":"pa_kleur-montuur-weiss","20":"pa_maat-montuur-gross","21":"pa_soort-bril-op-sterkte-mit-korrektionsglaesern-im-visier","22":"pa_soort-bril-op-sterkte-ohne-sehstaerke","23":"pa_soort-bril-op-sterkte-with-prescription-insert","25":"first","26":"instock","27":"sale","28":"shipping-taxable","29":"purchasable","30":"product-type-variable"},"_links":{"self":[{"href":"https:\/\/www.specialspex.com\/de\/wp-json\/wp\/v2\/product\/74900","targetHints":{"allow":["GET"]}}],"collection":[{"href":"https:\/\/www.specialspex.com\/de\/wp-json\/wp\/v2\/product"}],"about":[{"href":"https:\/\/www.specialspex.com\/de\/wp-json\/wp\/v2\/types\/product"}],"wp:featuredmedia":[{"embeddable":true,"href":"https:\/\/www.specialspex.com\/de\/wp-json\/wp\/v2\/media\/71263"}],"wp:attachment":[{"href":"https:\/\/www.specialspex.com\/de\/wp-json\/wp\/v2\/media?parent=74900"}],"wp:term":[{"taxonomy":"product_brand","embeddable":true,"href":"https:\/\/www.specialspex.com\/de\/wp-json\/wp\/v2\/product_brand?post=74900"},{"taxonomy":"product_cat","embeddable":true,"href":"https:\/\/www.specialspex.com\/de\/wp-json\/wp\/v2\/product_cat?post=74900"},{"taxonomy":"product_tag","embeddable":true,"href":"https:\/\/www.specialspex.com\/de\/wp-json\/wp\/v2\/product_tag?post=74900"}],"curies":[{"name":"wp","href":"https:\/\/api.w.org\/{rel}","templated":true}]}}