{"id":74914,"date":"2025-12-18T14:22:31","date_gmt":"2025-12-18T13:22:31","guid":{"rendered":"https:\/\/specialspex.com\/product\/ultimate-reactive\/"},"modified":"2025-12-18T14:22:31","modified_gmt":"2025-12-18T13:22:31","slug":"ultimate-reactive","status":"publish","type":"product","link":"https:\/\/www.specialspex.com\/de\/sportbrille\/laufen\/julbo-ultimate-reactive\/","title":{"rendered":"Ultimate Reactiv"},"content":{"rendered":"<p data-start=\"99\" data-end=\"513\">Die Julbo ULTIMATE wurde f\u00fcr Sportler entwickelt, die maximale Leistung und unvergleichliche Bewegungsfreiheit verlangen. Dank des dynamischen, konischen Designs und des ultraleichten Rahmens bleibt die Brille auch bei voller Anstrengung stabil. Perfekt f\u00fcr begeisterte Radfahrer, L\u00e4ufer und alle Athleten, die sich ohne Ablenkung voll konzentrieren wollen.  <\/p>\n<p data-start=\"515\" data-end=\"1163\">- <strong data-start=\"517\" data-end=\"558\">Leichter und aerodynamischer Rahmen<\/strong> mit CustomFIT-Beinen f\u00fcr eine pr\u00e4zise, dauerhafte, individuelle Passform.<br data-start=\"626\" data-end=\"629\">- <strong data-start=\"631\" data-end=\"666\">Optisch verschreibungspflichtige Gl\u00e4ser<\/strong> mit <strong data-start=\"735\" data-end=\"760\">Julbo REACTIV\u2122 Gl\u00e4sern<\/strong> <strong data-start=\"631\" data-end=\"666\">erh\u00e4ltlich<\/strong>: Diese innovativen Gl\u00e4ser passen sich automatisch an wechselnde Lichtverh\u00e4ltnisse an. Sie verdunkeln sich bei hellem Sonnenlicht und hellen sich im Schatten oder bei bew\u00f6lktem Himmel auf, so dass du immer eine optimale Sicht hast, ohne die Brille wechseln zu m\u00fcssen.<br data-start=\"993\" data-end=\"996\" data-is-only-node=\"\">- <strong data-start=\"998\" data-end=\"1030\">3D Nose und Grip Tech Details<\/strong> f\u00fcr perfekte Stabilit\u00e4t, mit oder ohne Helm.<br data-start=\"1077\" data-end=\"1080\">- Ideal f\u00fcr <strong data-start=\"1094\" data-end=\"1160\">Radfahren, Laufen, Outdoor-Training und intensive Sporteinheiten<\/strong>. <\/p>\n<p>&nbsp;<\/p>\n","protected":false},"excerpt":{"rendered":"<p data-start=\"99\" data-end=\"513\">Die Julbo ULTIMATE wurde f\u00fcr Sportler entwickelt, die maximale Leistung und unvergleichliche Bewegungsfreiheit verlangen. Dank des dynamischen, konischen Designs und des ultraleichten Rahmens bleibt die Brille auch bei voller Anstrengung stabil. Perfekt f\u00fcr begeisterte Radfahrer, L\u00e4ufer und alle Athleten, die sich ohne Ablenkung voll konzentrieren wollen.  <\/p>\n<p data-start=\"515\" data-end=\"1163\">- <strong data-start=\"517\" data-end=\"558\">Leichter und aerodynamischer Rahmen<\/strong> mit CustomFIT-Beinen f\u00fcr eine pr\u00e4zise, dauerhafte, individuelle Passform.<br data-start=\"626\" data-end=\"629\">- <strong data-start=\"631\" data-end=\"666\">Optisch verschreibungspflichtige Gl\u00e4ser<\/strong> mit <strong data-start=\"735\" data-end=\"760\">Julbo REACTIV\u2122 Gl\u00e4sern<\/strong> <strong data-start=\"631\" data-end=\"666\">erh\u00e4ltlich<\/strong>: Diese innovativen Gl\u00e4ser passen sich automatisch an wechselnde Lichtverh\u00e4ltnisse an. Sie verdunkeln sich bei hellem Sonnenlicht und hellen sich im Schatten oder bei bew\u00f6lktem Himmel auf, so dass du immer eine optimale Sicht hast, ohne die Brille wechseln zu m\u00fcssen.<br data-start=\"993\" data-end=\"996\" data-is-only-node=\"\">- <strong data-start=\"998\" data-end=\"1030\">3D Nose und Grip Tech Details<\/strong> f\u00fcr perfekte Stabilit\u00e4t, mit oder ohne Helm.<br data-start=\"1077\" data-end=\"1080\">- Ideal f\u00fcr <strong data-start=\"1094\" data-end=\"1160\">Radfahren, Laufen, Outdoor-Training und intensive Sporteinheiten<\/strong>. <\/p>\n","protected":false},"featured_media":67584,"template":"","meta":[],"product_brand":[790],"product_cat":[584,560,638,561,559],"product_tag":[],"class_list":{"0":"post-74914","1":"product","2":"type-product","3":"status-publish","4":"has-post-thumbnail","6":"product_brand-julbo","7":"product_cat-sportbrille","8":"product_cat-laufen","9":"product_cat-mountainbiking","10":"product_cat-radfahren","11":"product_cat-radfahrerbrille","12":"pa_geschikt-voor-frauen","13":"pa_geschikt-voor-manner","14":"pa_kleur-montuur-blau","15":"pa_kleur-montuur-grau","16":"pa_kleur-montuur-grun","17":"pa_kleur-montuur-lila","18":"pa_kleur-montuur-rot","19":"pa_kleur-montuur-schwarz-2","20":"pa_kleur-montuur-schwarz","21":"pa_kleur-montuur-weiss","22":"pa_maat-montuur-gross","23":"pa_maat-montuur-medium","24":"pa_soort-bril-op-sterkte-mit-korrektionsglaesern-im-visier","25":"pa_soort-bril-op-sterkte-ohne-sehstaerke","26":"pa_soort-bril-op-sterkte-with-prescription-insert","28":"first","29":"instock","30":"sale","31":"shipping-taxable","32":"purchasable","33":"product-type-variable"},"_links":{"self":[{"href":"https:\/\/www.specialspex.com\/de\/wp-json\/wp\/v2\/product\/74914","targetHints":{"allow":["GET"]}}],"collection":[{"href":"https:\/\/www.specialspex.com\/de\/wp-json\/wp\/v2\/product"}],"about":[{"href":"https:\/\/www.specialspex.com\/de\/wp-json\/wp\/v2\/types\/product"}],"wp:featuredmedia":[{"embeddable":true,"href":"https:\/\/www.specialspex.com\/de\/wp-json\/wp\/v2\/media\/67584"}],"wp:attachment":[{"href":"https:\/\/www.specialspex.com\/de\/wp-json\/wp\/v2\/media?parent=74914"}],"wp:term":[{"taxonomy":"product_brand","embeddable":true,"href":"https:\/\/www.specialspex.com\/de\/wp-json\/wp\/v2\/product_brand?post=74914"},{"taxonomy":"product_cat","embeddable":true,"href":"https:\/\/www.specialspex.com\/de\/wp-json\/wp\/v2\/product_cat?post=74914"},{"taxonomy":"product_tag","embeddable":true,"href":"https:\/\/www.specialspex.com\/de\/wp-json\/wp\/v2\/product_tag?post=74914"}],"curies":[{"name":"wp","href":"https:\/\/api.w.org\/{rel}","templated":true}]}}