{"id":74934,"date":"2026-01-30T09:29:25","date_gmt":"2026-01-30T08:29:25","guid":{"rendered":"https:\/\/specialspex.com\/product\/zeus-rise\/"},"modified":"2026-04-18T12:07:45","modified_gmt":"2026-04-18T10:07:45","slug":"zeus-rise","status":"publish","type":"product","link":"https:\/\/www.specialspex.com\/de\/sportbrille\/golfbrille\/nike-zeus-rise\/","title":{"rendered":"Zeus Rise"},"content":{"rendered":"<p data-start=\"92\" data-end=\"390\">Die Nike Zeus Rise ist eine sportliche Sonnenbrille, die auf Leistung und Komfort ausgelegt ist. Der leichte Rahmen bietet einen stabilen Sitz und bleibt auch bei intensiver Bewegung an Ort und Stelle. Dank des Wrap-Around-Designs liegt die Brille gut auf dem Gesicht und bietet ein breites Sichtfeld.  <\/p>\n<p data-start=\"392\" data-end=\"630\">Diese Brille ist f\u00fcr Korrekturgl\u00e4ser geeignet und ideal f\u00fcr Sportarten wie Laufen, Radfahren und Mannschaftssportarten. Die Zeus Rise kombiniert einen modernen, sportlichen Look mit der Qualit\u00e4t und Innovation, die du von Nike erwarten w\u00fcrdest. <\/p>\n<p data-start=\"632\" data-end=\"727\">- Sport und Outdoor-Aktivit\u00e4ten<br data-start=\"108\" data-end=\"111\">- Aktiver und allt\u00e4glicher Gebrauch<br data-start=\"140\" data-end=\"143\" data-is-only-node=\"\">- Kann mit hochwertigen Specialspex-Gl\u00e4sern verst\u00e4rkt werden<br data-start=\"202\" data-end=\"205\">- Inklusive sch\u00fctzendem Aufbewahrungsetui<\/p>\n<ul>\n<li>\n<\/li>\n<\/ul>\n","protected":false},"excerpt":{"rendered":"<p data-start=\"92\" data-end=\"390\">Die Nike Zeus Rise ist eine sportliche Sonnenbrille, die auf Leistung und Komfort ausgelegt ist. Der leichte Rahmen bietet einen stabilen Sitz und bleibt auch bei intensiver Bewegung an Ort und Stelle. Dank des Wrap-Around-Designs liegt die Brille gut auf dem Gesicht und bietet ein breites Sichtfeld.  <\/p>\n<p data-start=\"392\" data-end=\"630\">Diese Brille ist f\u00fcr Korrekturgl\u00e4ser geeignet und eignet sich ideal f\u00fcr Sportarten wie Laufen, Radfahren und Mannschaftssportarten. Die Zeus Rise kombiniert einen modernen, sportlichen Look mit der Qualit\u00e4t und Innovation, die du von Nike erwarten w\u00fcrdest. <\/p>\n<p data-start=\"632\" data-end=\"727\">- Sport und Outdoor-Aktivit\u00e4ten<br data-start=\"108\" data-end=\"111\">- Aktiver und allt\u00e4glicher Gebrauch<br data-start=\"140\" data-end=\"143\" data-is-only-node=\"\">- Kann mit hochwertigen Specialspex-Gl\u00e4sern verst\u00e4rkt werden<br data-start=\"202\" data-end=\"205\">- Inklusive sch\u00fctzendem Aufbewahrungsetui<\/p>\n","protected":false},"featured_media":72893,"template":"","meta":[],"product_brand":[788],"product_cat":[584,660,560],"product_tag":[],"class_list":{"0":"post-74934","1":"product","2":"type-product","3":"status-publish","4":"has-post-thumbnail","6":"product_brand-nike","7":"product_cat-sportbrille","8":"product_cat-golfbrille","9":"product_cat-laufen","10":"pa_geschikt-voor-frauen","11":"pa_geschikt-voor-manner","12":"pa_kleur-montuur-grau","13":"pa_kleur-montuur-grun","14":"pa_kleur-montuur-schwarz","15":"pa_kleur-montuur-weiss","16":"pa_maat-montuur-gross","17":"pa_maat-montuur-medium","18":"pa_soort-bril-op-sterkte-mit-sehstaerke","19":"pa_soort-bril-op-sterkte-ohne-sehstaerke","21":"first","22":"instock","23":"shipping-taxable","24":"purchasable","25":"product-type-variable"},"_links":{"self":[{"href":"https:\/\/www.specialspex.com\/de\/wp-json\/wp\/v2\/product\/74934","targetHints":{"allow":["GET"]}}],"collection":[{"href":"https:\/\/www.specialspex.com\/de\/wp-json\/wp\/v2\/product"}],"about":[{"href":"https:\/\/www.specialspex.com\/de\/wp-json\/wp\/v2\/types\/product"}],"wp:featuredmedia":[{"embeddable":true,"href":"https:\/\/www.specialspex.com\/de\/wp-json\/wp\/v2\/media\/72893"}],"wp:attachment":[{"href":"https:\/\/www.specialspex.com\/de\/wp-json\/wp\/v2\/media?parent=74934"}],"wp:term":[{"taxonomy":"product_brand","embeddable":true,"href":"https:\/\/www.specialspex.com\/de\/wp-json\/wp\/v2\/product_brand?post=74934"},{"taxonomy":"product_cat","embeddable":true,"href":"https:\/\/www.specialspex.com\/de\/wp-json\/wp\/v2\/product_cat?post=74934"},{"taxonomy":"product_tag","embeddable":true,"href":"https:\/\/www.specialspex.com\/de\/wp-json\/wp\/v2\/product_tag?post=74934"}],"curies":[{"name":"wp","href":"https:\/\/api.w.org\/{rel}","templated":true}]}}