{"id":75154,"date":"2025-11-26T14:03:32","date_gmt":"2025-11-26T13:03:32","guid":{"rendered":"https:\/\/specialspex.com\/product\/7015\/"},"modified":"2025-11-26T14:03:32","modified_gmt":"2025-11-26T13:03:32","slug":"7015","status":"publish","type":"product","link":"https:\/\/www.specialspex.com\/de\/sport-laessig\/nike-7015\/","title":{"rendered":"7015"},"content":{"rendered":"<p data-start=\"247\" data-end=\"733\">Die Nike 7015 ist eine leichte und sportliche Brille, die sowohl f\u00fcr Jugendliche als auch f\u00fcr junge Erwachsene entwickelt wurde. Das robuste Design bietet eine bequeme, flexible Passform, die sich ideal f\u00fcr Schule, Arbeit, Sport und den Alltag eignet. Dank der gummierten Nasenpads und griffigen Beinenden bleibt die Brille auch bei intensiver Bewegung oder Hitze sicher an ihrem Platz. Das klare, moderne Design mit dezenten Nike-Details verleiht der 7015 einen vielseitigen und zeitlosen Look.   <\/p>\n<p data-start=\"735\" data-end=\"1105\">- Leichte und strapazierf\u00e4hige Fassung f\u00fcr den t\u00e4glichen und sportlichen Gebrauch<br data-start=\"804\" data-end=\"807\">- Gummierte Nasenpads und griffige Beinenden f\u00fcr zus\u00e4tzliche Stabilit\u00e4t<br data-start=\"876\" data-end=\"879\">- Bequeme Passform, geeignet f\u00fcr Jugendliche und junge Erwachsene<br data-start=\"945\" data-end=\"948\">- Modernes und sportliches Design mit erkennbarem Nike-Styling<br data-start=\"1003\" data-end=\"1006\">- Erh\u00e4ltlich mit hochwertigen Specialspex-Gl\u00e4sern<br data-start=\"1065\" data-end=\"1068\">- Inklusive sch\u00fctzendem Aufbewahrungsetui<\/p>\n","protected":false},"excerpt":{"rendered":"<p data-start=\"247\" data-end=\"733\">Die Nike 7015 ist eine leichte und sportliche Brille, die sowohl f\u00fcr Jugendliche als auch f\u00fcr junge Erwachsene entwickelt wurde. Das robuste Design bietet eine bequeme, flexible Passform, die sich ideal f\u00fcr Schule, Arbeit, Sport und den Alltag eignet. Dank der gummierten Nasenpads und griffigen Beinenden bleibt die Brille auch bei intensiver Bewegung oder Hitze sicher an ihrem Platz. Das schlanke, moderne Design mit dezenten Nike-Details verleiht der 7015 einen vielseitigen und zeitlosen Look.   <\/p>\n<p data-start=\"735\" data-end=\"1105\">- Leichte und strapazierf\u00e4hige Fassung f\u00fcr den t\u00e4glichen und sportlichen Gebrauch<br data-start=\"804\" data-end=\"807\">- Gummierte Nasenpads und griffige Beinenden f\u00fcr zus\u00e4tzliche Stabilit\u00e4t<br data-start=\"876\" data-end=\"879\">- Bequeme Passform, geeignet f\u00fcr Jugendliche und junge Erwachsene<br data-start=\"945\" data-end=\"948\">- Modernes und sportliches Design mit erkennbarem Nike-Styling<br data-start=\"1003\" data-end=\"1006\">- Erh\u00e4ltlich mit hochwertigen Specialspex-Gl\u00e4sern<br data-start=\"1065\" data-end=\"1068\">- Inklusive sch\u00fctzendem Aufbewahrungsetui<\/p>\n","protected":false},"featured_media":66988,"template":"","meta":[],"product_brand":[788],"product_cat":[584,696,594],"product_tag":[],"class_list":{"0":"post-75154","1":"product","2":"type-product","3":"status-publish","4":"has-post-thumbnail","6":"product_brand-nike","7":"product_cat-sportbrille","8":"product_cat-sport-laessig","9":"product_cat-sportbrillen-fuer-kinder","10":"pa_geschikt-voor-frauen","11":"pa_geschikt-voor-manner","12":"pa_geschikt-voor-sportbrillen-fuer-kinder","13":"pa_kleur-montuur-blau","14":"pa_kleur-montuur-grau","15":"pa_kleur-montuur-rot","16":"pa_kleur-montuur-schwarz","17":"pa_maat-montuur-junge-erwachsene-10-16-jahre","18":"pa_maat-montuur-medium","19":"pa_soort-bril-op-sterkte-mit-sehstaerke","21":"first","22":"instock","23":"shipping-taxable","24":"purchasable","25":"product-type-variable"},"_links":{"self":[{"href":"https:\/\/www.specialspex.com\/de\/wp-json\/wp\/v2\/product\/75154","targetHints":{"allow":["GET"]}}],"collection":[{"href":"https:\/\/www.specialspex.com\/de\/wp-json\/wp\/v2\/product"}],"about":[{"href":"https:\/\/www.specialspex.com\/de\/wp-json\/wp\/v2\/types\/product"}],"wp:featuredmedia":[{"embeddable":true,"href":"https:\/\/www.specialspex.com\/de\/wp-json\/wp\/v2\/media\/66988"}],"wp:attachment":[{"href":"https:\/\/www.specialspex.com\/de\/wp-json\/wp\/v2\/media?parent=75154"}],"wp:term":[{"taxonomy":"product_brand","embeddable":true,"href":"https:\/\/www.specialspex.com\/de\/wp-json\/wp\/v2\/product_brand?post=75154"},{"taxonomy":"product_cat","embeddable":true,"href":"https:\/\/www.specialspex.com\/de\/wp-json\/wp\/v2\/product_cat?post=75154"},{"taxonomy":"product_tag","embeddable":true,"href":"https:\/\/www.specialspex.com\/de\/wp-json\/wp\/v2\/product_tag?post=75154"}],"curies":[{"name":"wp","href":"https:\/\/api.w.org\/{rel}","templated":true}]}}