{"id":75189,"date":"2025-12-02T16:10:49","date_gmt":"2025-12-02T15:10:49","guid":{"rendered":"https:\/\/specialspex.com\/product\/bbb-optische-clip-bsg-72\/"},"modified":"2026-04-18T12:08:17","modified_gmt":"2026-04-18T10:08:17","slug":"bbb-optische-clip-bsg-72","status":"publish","type":"product","link":"https:\/\/www.specialspex.com\/de\/optischer-clip\/bbb-optische-clip-bsg-72\/","title":{"rendered":"BBB Optische clip BSG-72"},"content":{"rendered":"<p data-start=\"0\" data-end=\"88\">Optischer Clip f\u00fcr deine BBB-Brille<br \/>\nKomplettes Set aus einem Rahmen f\u00fcr Korrektionsgl\u00e4ser und einem Nasenst\u00fcck.<br \/>\nDas Optic Set ist ideal f\u00fcr Menschen, die im Alltag eine Brille tragen. Wenn du das Optic Set zu deiner BBB-Brille BSG-61\/62\/64\/69\/71 hinzuf\u00fcgst, wird aus deiner normalen Sportbrille eine Brille mit Korrekturgl\u00e4sern. So kannst du deine Sportbrille auch auf dem Rad mit klarer Sicht genie\u00dfen!<br \/>\nF\u00fcr Korrektionsgl\u00e4ser, geeignet f\u00fcr Gl\u00e4ser mit Dioptrien von -6 bis +6<br \/>\nNasenst\u00fcck mit 4mm extra Platz<br \/>\nPasst auf verschiedene BBB-Radbrillenfassungen: BSG-61\/62\/64\/69\/71<br \/>\nF\u00fcge deine Optik einfach hier zur Bestellung hinzu und schlie\u00dfe sie gleich ab. Du kannst die Brillengl\u00e4ser auf Gleitsichtgl\u00e4ser (mit Leseteil) und eine Antibeschlagbeschichtung im Gl\u00e4serbereich aufr\u00fcsten.   <\/p>\n<p data-start=\"224\" data-end=\"387\">M\u00f6chtest du sowohl die Brille als auch den Clip bestellen? W\u00e4hle zuerst die Brille in der verschreibungspflichtigen Version. Dann f\u00fcge im Konfigurationsprogramm einfach den Clip hinzu.  <\/p>\n<p data-start=\"389\" data-end=\"506\" data-is-last-node=\"\" data-is-only-node=\"\">Du m\u00f6chtest nur den Clip und die Gl\u00e4ser lieber von deinem eigenen Optiker anpassen lassen? Dann bestelle den Clip ohne das Rezept. <\/p>\n","protected":false},"excerpt":{"rendered":"<p data-start=\"0\" data-end=\"88\">BSG-72 Sportbrille Optic Set, Optic Rahmen+Nasenst\u00fcck transparent<br \/>\nKomplettes Set aus einem Rahmen f\u00fcr verschreibungspflichtige Gl\u00e4ser und einem Nasenst\u00fcck<br \/>\nDas Optic Set ist ideal f\u00fcr Brillentr\u00e4ger im Alltag. Wenn du das Optic Set zu deiner BBB-Brille BSG-61\/62\/64\/69\/71 hinzuf\u00fcgst, kannst du deine normale Sportbrille in eine Korrektionsbrille verwandeln. So kannst du deine Sportbrille auf dem Rad zusammen mit klarer Sicht genie\u00dfen!<br \/>\nF\u00fcr Korrektionsgl\u00e4ser, geeignet f\u00fcr Gl\u00e4ser mit Dioptrien von -6 bis +6<br \/>\nNasensteg mit 4mm extra Platz<br \/>\nPasst auf verschiedene BBB-Radbrillenfassungen: BSG-61\/62\/64\/69\/71<br \/>\nF\u00fcge deine Optik einfach hier zur Bestellung hinzu und schlie\u00dfe sie gleich ab. Du kannst die Brillengl\u00e4ser auf Gleitsichtgl\u00e4ser (mit Leseteil) und eine Antibeschlagbeschichtung im Gl\u00e4serbereich aufr\u00fcsten.   <\/p>\n<p data-start=\"224\" data-end=\"387\">M\u00f6chtest du sowohl die Brille als auch den Clip bestellen? W\u00e4hle zuerst die Brille in der verschreibungspflichtigen Version. Dann f\u00fcge im Konfigurationsprogramm einfach den Clip hinzu.  <\/p>\n<p data-start=\"389\" data-end=\"506\" data-is-last-node=\"\" data-is-only-node=\"\">Du m\u00f6chtest nur den Clip und die Gl\u00e4ser lieber von deinem eigenen Optiker anpassen lassen? Dann bestelle den Clip ohne das Rezept. <\/p>\n","protected":false},"featured_media":60601,"template":"","meta":[],"product_brand":[809],"product_cat":[682],"product_tag":[],"class_list":{"0":"post-75189","1":"product","2":"type-product","3":"status-publish","4":"has-post-thumbnail","6":"product_brand-bbb","7":"product_cat-optischer-clip","8":"pa_geschikt-voor-frauen","9":"pa_geschikt-voor-manner","11":"first","12":"instock","13":"shipping-taxable","14":"purchasable","15":"product-type-simple"},"_links":{"self":[{"href":"https:\/\/www.specialspex.com\/de\/wp-json\/wp\/v2\/product\/75189","targetHints":{"allow":["GET"]}}],"collection":[{"href":"https:\/\/www.specialspex.com\/de\/wp-json\/wp\/v2\/product"}],"about":[{"href":"https:\/\/www.specialspex.com\/de\/wp-json\/wp\/v2\/types\/product"}],"wp:featuredmedia":[{"embeddable":true,"href":"https:\/\/www.specialspex.com\/de\/wp-json\/wp\/v2\/media\/60601"}],"wp:attachment":[{"href":"https:\/\/www.specialspex.com\/de\/wp-json\/wp\/v2\/media?parent=75189"}],"wp:term":[{"taxonomy":"product_brand","embeddable":true,"href":"https:\/\/www.specialspex.com\/de\/wp-json\/wp\/v2\/product_brand?post=75189"},{"taxonomy":"product_cat","embeddable":true,"href":"https:\/\/www.specialspex.com\/de\/wp-json\/wp\/v2\/product_cat?post=75189"},{"taxonomy":"product_tag","embeddable":true,"href":"https:\/\/www.specialspex.com\/de\/wp-json\/wp\/v2\/product_tag?post=75189"}],"curies":[{"name":"wp","href":"https:\/\/api.w.org\/{rel}","templated":true}]}}