{"id":75217,"date":"2025-12-02T13:38:46","date_gmt":"2025-12-02T12:38:46","guid":{"rendered":"https:\/\/specialspex.com\/product\/masseter\/"},"modified":"2025-12-02T13:38:46","modified_gmt":"2025-12-02T12:38:46","slug":"masseter","status":"publish","type":"product","link":"https:\/\/www.specialspex.com\/de\/motorradbrille\/oakley-masseter\/","title":{"rendered":"Masseter"},"content":{"rendered":"<p data-start=\"208\" data-end=\"640\">Die Oakley Masseter ist eine moderne und schlank designte Motorradbrille, die leichten Komfort mit der zuverl\u00e4ssigen Leistung von Oakley kombiniert. Dank des robusten O Matter-Rahmens und der subtilen Wrap-Form liegt die Brille eng am Gesicht an und bietet dir w\u00e4hrend der Fahrt zus\u00e4tzlichen Schutz vor Wind, Sonne und Seitenlicht. Durch die geraden Linien und das kompakte Design l\u00e4sst sich die Masseter auch bequem unter einem Motorradhelm tragen.  <\/p>\n<p data-start=\"642\" data-end=\"906\">Unobtainium-Ohrst\u00f6psel sorgen f\u00fcr zus\u00e4tzlichen Halt bei Bewegung oder Schwei\u00df und halten die Brille bei jeder Fahrt stabil. Die Masseter bietet somit eine perfekte Balance aus Style, Stabilit\u00e4t und Funktionalit\u00e4t f\u00fcr kurze Fahrten und lange Touren. <\/p>\n<p data-start=\"908\" data-end=\"1295\">- Leichter O Matter-Rahmen, der bequem unter den Helm passt<br data-start=\"974\" data-end=\"977\">- Subtile Wrap-Form f\u00fcr besseren Schutz vor Wind und Seitenlicht<br data-start=\"1044\" data-end=\"1047\">- Unobtainium-Ohrst\u00f6psel f\u00fcr festen Halt, auch wenn du schwitzt<br data-start=\"1108\" data-end=\"1111\">- Schlankes, modernes Design f\u00fcr den Alltag und das Motorradfahren<br data-start=\"1172\" data-end=\"1175\">- Kann sowohl mit Specialspex-Gl\u00e4sern als auch mit Original-Oakley-Gl\u00e4sern ausgestattet werden<br data-start=\"1255\" data-end=\"1258\">- Schutzetui im Lieferumfang<\/p>\n","protected":false},"excerpt":{"rendered":"<p data-start=\"208\" data-end=\"640\">Die Oakley Masseter ist eine moderne und schlank designte Motorradbrille, die leichten Komfort mit der zuverl\u00e4ssigen Leistung von Oakley kombiniert. Dank des robusten O Matter-Rahmens und der subtilen Wrap-Form liegt die Brille eng am Gesicht an und bietet dir w\u00e4hrend der Fahrt zus\u00e4tzlichen Schutz vor Wind, Sonne und Seitenlicht. Durch die geraden Linien und das kompakte Design l\u00e4sst sich die Masseter auch bequem unter einem Motorradhelm tragen.  <\/p>\n<p data-start=\"642\" data-end=\"906\">Unobtainium-Ohrst\u00f6psel sorgen f\u00fcr zus\u00e4tzlichen Halt bei Bewegung oder Schwei\u00df und halten die Brille bei jeder Fahrt stabil. Die Masseter bietet somit eine perfekte Balance aus Style, Stabilit\u00e4t und Funktionalit\u00e4t f\u00fcr kurze Fahrten und lange Touren. <\/p>\n<p data-start=\"908\" data-end=\"1295\">- Leichter O Matter-Rahmen, der bequem unter den Helm passt<br data-start=\"974\" data-end=\"977\">- Subtile Wrap-Form f\u00fcr besseren Schutz vor Wind und Seitenlicht<br data-start=\"1044\" data-end=\"1047\">- Unobtainium-Ohrst\u00f6psel f\u00fcr festen Halt, auch wenn du schwitzt<br data-start=\"1108\" data-end=\"1111\">- Schlankes, modernes Design f\u00fcr den Alltag und das Motorradfahren<br data-start=\"1172\" data-end=\"1175\">- Kann sowohl mit Specialspex-Gl\u00e4sern als auch mit Original-Oakley-Gl\u00e4sern ausgestattet werden<br data-start=\"1255\" data-end=\"1258\">- Schutzetui im Lieferumfang<\/p>\n","protected":false},"featured_media":69971,"template":"","meta":[],"product_brand":[806],"product_cat":[659],"product_tag":[],"class_list":{"0":"post-75217","1":"product","2":"type-product","3":"status-publish","4":"has-post-thumbnail","6":"product_brand-oakley","7":"product_cat-motorradbrille","8":"pa_geschikt-voor-frauen","9":"pa_geschikt-voor-manner","10":"pa_kleur-montuur-schwarz","11":"pa_maat-montuur-extra-gros","12":"pa_maat-montuur-gross","13":"pa_soort-bril-op-sterkte-mit-sehstaerke","14":"pa_soort-bril-op-sterkte-ohne-sehstaerke","16":"first","17":"instock","18":"sale","19":"shipping-taxable","20":"purchasable","21":"product-type-simple"},"_links":{"self":[{"href":"https:\/\/www.specialspex.com\/de\/wp-json\/wp\/v2\/product\/75217","targetHints":{"allow":["GET"]}}],"collection":[{"href":"https:\/\/www.specialspex.com\/de\/wp-json\/wp\/v2\/product"}],"about":[{"href":"https:\/\/www.specialspex.com\/de\/wp-json\/wp\/v2\/types\/product"}],"wp:featuredmedia":[{"embeddable":true,"href":"https:\/\/www.specialspex.com\/de\/wp-json\/wp\/v2\/media\/69971"}],"wp:attachment":[{"href":"https:\/\/www.specialspex.com\/de\/wp-json\/wp\/v2\/media?parent=75217"}],"wp:term":[{"taxonomy":"product_brand","embeddable":true,"href":"https:\/\/www.specialspex.com\/de\/wp-json\/wp\/v2\/product_brand?post=75217"},{"taxonomy":"product_cat","embeddable":true,"href":"https:\/\/www.specialspex.com\/de\/wp-json\/wp\/v2\/product_cat?post=75217"},{"taxonomy":"product_tag","embeddable":true,"href":"https:\/\/www.specialspex.com\/de\/wp-json\/wp\/v2\/product_tag?post=75217"}],"curies":[{"name":"wp","href":"https:\/\/api.w.org\/{rel}","templated":true}]}}