{"id":75219,"date":"2025-11-27T16:25:30","date_gmt":"2025-11-27T15:25:30","guid":{"rendered":"https:\/\/specialspex.com\/product\/keokea\/"},"modified":"2025-11-27T16:25:30","modified_gmt":"2025-11-27T15:25:30","slug":"keokea","status":"publish","type":"product","link":"https:\/\/www.specialspex.com\/de\/sportbrille\/wassersport\/fisch\/maui-jim-keokea\/","title":{"rendered":"Keokea"},"content":{"rendered":"<p data-start=\"42\" data-end=\"566\">Die Keokea - benannt nach einem ruhigen, sonnenverw\u00f6hnten Dorf auf Maui - hat einen leichten, modernen Look und eine W\u00f6lbung, die dein Sichtfeld \u00f6ffnet. Der Rahmen besteht aus flexiblem, haltbarem Grilamid und ist auch an hei\u00dfen Tagen oder bei l\u00e4ngeren Outdoor-Aktivit\u00e4ten sofort bequem. Dank der PolarizedPlus2-Gl\u00e4ser von Maui Jim siehst du Farben klarer, erlebst mehr Kontraste und wirst auf Wasser oder Stra\u00dfenoberfl\u00e4chen nicht geblendet. Perfekt f\u00fcr den t\u00e4glichen Gebrauch, am Strand, im Wasser, auf dem Fahrrad und auf dem Golfplatz.   <\/p>\n<p data-start=\"568\" data-end=\"956\">- Halbrahmenloses, ultraleichtes Design f\u00fcr weite und offene Sicht<br data-start=\"633\" data-end=\"636\">- Leichter und flexibler Grilamid-Rahmen, der bequem an Ort und Stelle bleibt<br data-start=\"698\" data-end=\"701\">- PolarizedPlus2-Technologie f\u00fcr satte Farben, hohen Kontrast und Blendschutz<br data-start=\"777\" data-end=\"780\">- Stabiler Sitz f\u00fcr Outdoor, Sport und Reisen<br data-start=\"903\" data-end=\"906\">- Ideal f\u00fcr Strand, Wasser, Motorradfahren und Golf<\/p>\n<p data-start=\"958\" data-end=\"1190\">Erh\u00e4ltlich in verschreibungspflichtigen Gl\u00e4sern<br data-start=\"977\" data-end=\"980\">Du kannst die Maui Jim Keokea in verschreibungspflichtigen Gl\u00e4sern mit Specialspex Custom Gl\u00e4sern oder mit originalen Maui Jim RX Gl\u00e4sern anfertigen lassen. Beide Optionen bieten hervorragende Klarheit, vollen UV-Schutz und optimalen Sehkomfort. <\/p>\n<p data-start=\"1192\" data-end=\"1306\" data-is-last-node=\"\" data-is-only-node=\"\">Willst du mehr wissen? Lies unseren Blog \u00fcber die Originalbrillen von Maui Jim: <br data-start=\"1249\" data-end=\"1252\"><a class=\"decorated-link cursor-pointer\" target=\"_new\" rel=\"noopener\" data-start=\"1252\" data-end=\"1306\" data-is-last-node=\"\">https:\/\/specialspex.com\/blog\/maui-jim-originele-glazen<\/a><\/p>\n","protected":false},"excerpt":{"rendered":"<p data-start=\"42\" data-end=\"566\">Die Keokea - benannt nach einem ruhigen, sonnenverw\u00f6hnten Dorf auf Maui - hat einen leichten, modernen Look und eine W\u00f6lbung, die dein Sichtfeld \u00f6ffnet. Der Rahmen besteht aus flexiblem, haltbarem Grilamid und ist auch an hei\u00dfen Tagen oder bei l\u00e4ngeren Outdoor-Aktivit\u00e4ten sofort bequem. Dank der PolarizedPlus2-Gl\u00e4ser von Maui Jim siehst du Farben klarer, erlebst mehr Kontraste und wirst auf Wasser oder Stra\u00dfenoberfl\u00e4chen nicht geblendet. Perfekt f\u00fcr den t\u00e4glichen Gebrauch, am Strand, im Wasser, auf dem Fahrrad und auf dem Golfplatz.   <\/p>\n<p data-start=\"568\" data-end=\"956\">- Halbrahmenloses, ultraleichtes Design f\u00fcr weite und offene Sicht<br data-start=\"633\" data-end=\"636\">- Leichter und flexibler Grilamid-Rahmen, der bequem an Ort und Stelle bleibt<br data-start=\"698\" data-end=\"701\">- PolarizedPlus2-Technologie f\u00fcr satte Farben, hohen Kontrast und Blendschutz<br data-start=\"777\" data-end=\"780\">- Stabiler Sitz f\u00fcr Outdoor, Sport und Reisen<br data-start=\"903\" data-end=\"906\">- Ideal f\u00fcr Strand, Wasser, Motorradfahren und Golf<\/p>\n<p data-start=\"958\" data-end=\"1190\">Erh\u00e4ltlich in verschreibungspflichtigen Gl\u00e4sern<br data-start=\"977\" data-end=\"980\">Du kannst die Maui Jim Keokea in verschreibungspflichtigen Gl\u00e4sern mit Specialspex Custom Gl\u00e4sern oder mit original Maui Jim RX Gl\u00e4sern anfertigen lassen. Beide Optionen bieten hervorragende Klarheit, vollen UV-Schutz und optimalen Sehkomfort. <\/p>\n<p data-start=\"1192\" data-end=\"1306\" data-is-last-node=\"\" data-is-only-node=\"\">Willst du mehr wissen? Lies unseren Blog \u00fcber die Originalbrillen von Maui Jim: <br data-start=\"1249\" data-end=\"1252\"><a class=\"decorated-link cursor-pointer\" target=\"_new\" rel=\"noopener\" data-start=\"1252\" data-end=\"1306\" data-is-last-node=\"\">https:\/\/specialspex.com\/blog\/maui-jim-originele-glazen<\/a><\/p>\n","protected":false},"featured_media":67032,"template":"","meta":[],"product_brand":[818],"product_cat":[660,695,659,663,666,661],"product_tag":[],"class_list":{"0":"post-75219","1":"product","2":"type-product","3":"status-publish","4":"has-post-thumbnail","6":"product_brand-maui-jim","7":"product_cat-golfbrille","8":"product_cat-fisch","9":"product_cat-motorradbrille","10":"product_cat-segeln","11":"product_cat-tourenmotorrad","12":"product_cat-wandern","14":"first","15":"instock","16":"shipping-taxable","17":"purchasable","18":"product-type-simple"},"_links":{"self":[{"href":"https:\/\/www.specialspex.com\/de\/wp-json\/wp\/v2\/product\/75219","targetHints":{"allow":["GET"]}}],"collection":[{"href":"https:\/\/www.specialspex.com\/de\/wp-json\/wp\/v2\/product"}],"about":[{"href":"https:\/\/www.specialspex.com\/de\/wp-json\/wp\/v2\/types\/product"}],"wp:featuredmedia":[{"embeddable":true,"href":"https:\/\/www.specialspex.com\/de\/wp-json\/wp\/v2\/media\/67032"}],"wp:attachment":[{"href":"https:\/\/www.specialspex.com\/de\/wp-json\/wp\/v2\/media?parent=75219"}],"wp:term":[{"taxonomy":"product_brand","embeddable":true,"href":"https:\/\/www.specialspex.com\/de\/wp-json\/wp\/v2\/product_brand?post=75219"},{"taxonomy":"product_cat","embeddable":true,"href":"https:\/\/www.specialspex.com\/de\/wp-json\/wp\/v2\/product_cat?post=75219"},{"taxonomy":"product_tag","embeddable":true,"href":"https:\/\/www.specialspex.com\/de\/wp-json\/wp\/v2\/product_tag?post=75219"}],"curies":[{"name":"wp","href":"https:\/\/api.w.org\/{rel}","templated":true}]}}