{"id":75225,"date":"2025-12-02T13:29:53","date_gmt":"2025-12-02T12:29:53","guid":{"rendered":"https:\/\/specialspex.com\/product\/m2-frame-xl\/"},"modified":"2025-12-02T13:29:53","modified_gmt":"2025-12-02T12:29:53","slug":"m2-frame-xl","status":"publish","type":"product","link":"https:\/\/www.specialspex.com\/de\/sportbrille\/wintersport\/schlittschuhe\/oakley-m2-frame-xl\/","title":{"rendered":"M2 Frame\u00ae XL"},"content":{"rendered":"<p><span style=\"font-size: 1rem;\">Die Oakley M2 Frame XL ist eine leichte und sportliche Performance-Scheibe, die f\u00fcr maximale Stabilit\u00e4t, weite Sicht und Schutz bei intensiven Aktivit\u00e4ten entwickelt wurde. Die vergr\u00f6\u00dferte XL-Scheibe bietet zus\u00e4tzliche Abdeckung im unteren Bereich und sch\u00fctzt deine Augen besser vor Sonne, Wind und Spritzwasser. Dank der Halbscheiben-Konstruktion bleibt die Sicht nach unten v\u00f6llig ungehindert, ideal f\u00fcr Radfahren, Laufen und Feldsport.  <\/span><\/p>\n<p data-start=\"600\" data-end=\"851\">Der leichte O Matter-Rahmen sorgt f\u00fcr langanhaltenden Komfort, w\u00e4hrend die Unobtainium-Nasenpads und -Ohrst\u00f6psel einen festen Halt beim Schwitzen bieten. Die M2 Frame XL schmiegt sich bequem an das Gesicht an und bleibt unter allen Bedingungen stabil. <\/p>\n<p data-start=\"853\" data-end=\"1286\">- XL-Glas f\u00fcr zus\u00e4tzliche Abdeckung und besseren Schutz<br data-start=\"911\" data-end=\"914\">- Halbrahmen-Design f\u00fcr ungehinderte Sicht nach unten<br data-start=\"966\" data-end=\"969\">- Leichter und strapazierf\u00e4higer O Matter-Rahmen<br data-start=\"1012\" data-end=\"1015\">- Nasenpads und Ohrst\u00f6psel aus Unobtainium f\u00fcr guten Halt beim Schwitzen<br data-start=\"1075\" data-end=\"1078\">- Ideal zum Radfahren, Laufen, Golfen und f\u00fcr intensive Outdoor-Sportarten<br data-start=\"1144\" data-end=\"1147\">- Erh\u00e4ltlich mit Prizm-Gl\u00e4sern f\u00fcr besseren Kontrast und mehr Details<br data-start=\"1213\" data-end=\"1216\">- Nicht mit verschreibungspflichtigen Gl\u00e4sern erh\u00e4ltlich<br data-start=\"1246\" data-end=\"1249\">- Inklusive Schutzh\u00fclle<\/p>\n","protected":false},"excerpt":{"rendered":"<p>Die Oakley M2 Frame XL ist eine leichte und sportliche Performance-Scheibe, die f\u00fcr maximale Stabilit\u00e4t, weite Sicht und Schutz bei intensiven Aktivit\u00e4ten entwickelt wurde. Die vergr\u00f6\u00dferte XL-Scheibe bietet zus\u00e4tzliche Abdeckung im unteren Bereich und sch\u00fctzt deine Augen besser vor Sonne, Wind und Spritzwasser. Dank der Halbscheiben-Konstruktion bleibt die Sicht nach unten v\u00f6llig ungehindert, ideal f\u00fcr &hellip; <a href=\"https:\/\/www.specialspex.com\/de\/sportbrille\/wintersport\/schlittschuhe\/oakley-m2-frame-xl\/\">Fortsetzung<\/a><\/p>\n","protected":false},"featured_media":69955,"template":"","meta":[],"product_brand":[806],"product_cat":[584,664,700],"product_tag":[],"class_list":{"0":"post-75225","1":"product","2":"type-product","3":"status-publish","4":"has-post-thumbnail","6":"product_brand-oakley","7":"product_cat-sportbrille","8":"product_cat-schlittschuhe","9":"product_cat-wintersport","10":"pa_geschikt-voor-frauen","11":"pa_geschikt-voor-manner","12":"pa_kleur-montuur-blau","13":"pa_kleur-montuur-rot","14":"pa_kleur-montuur-schwarz","15":"pa_kleur-montuur-weiss","16":"pa_soort-bril-op-sterkte-ohne-sehstaerke","18":"first","19":"instock","20":"sale","21":"shipping-taxable","22":"purchasable","23":"product-type-variable"},"_links":{"self":[{"href":"https:\/\/www.specialspex.com\/de\/wp-json\/wp\/v2\/product\/75225","targetHints":{"allow":["GET"]}}],"collection":[{"href":"https:\/\/www.specialspex.com\/de\/wp-json\/wp\/v2\/product"}],"about":[{"href":"https:\/\/www.specialspex.com\/de\/wp-json\/wp\/v2\/types\/product"}],"wp:featuredmedia":[{"embeddable":true,"href":"https:\/\/www.specialspex.com\/de\/wp-json\/wp\/v2\/media\/69955"}],"wp:attachment":[{"href":"https:\/\/www.specialspex.com\/de\/wp-json\/wp\/v2\/media?parent=75225"}],"wp:term":[{"taxonomy":"product_brand","embeddable":true,"href":"https:\/\/www.specialspex.com\/de\/wp-json\/wp\/v2\/product_brand?post=75225"},{"taxonomy":"product_cat","embeddable":true,"href":"https:\/\/www.specialspex.com\/de\/wp-json\/wp\/v2\/product_cat?post=75225"},{"taxonomy":"product_tag","embeddable":true,"href":"https:\/\/www.specialspex.com\/de\/wp-json\/wp\/v2\/product_tag?post=75225"}],"curies":[{"name":"wp","href":"https:\/\/api.w.org\/{rel}","templated":true}]}}