{"id":75234,"date":"2025-11-27T15:30:04","date_gmt":"2025-11-27T14:30:04","guid":{"rendered":"https:\/\/specialspex.com\/product\/byron-bay\/"},"modified":"2025-11-27T15:30:04","modified_gmt":"2025-11-27T14:30:04","slug":"byron-bay","status":"publish","type":"product","link":"https:\/\/www.specialspex.com\/de\/sportbrille\/wassersport\/fisch\/maui-jim-byron-bay\/","title":{"rendered":"Byron Bay"},"content":{"rendered":"<p data-start=\"42\" data-end=\"478\">Die Byron Bay ist ein robustes, unkompliziertes Modell, das St\u00e4rke und Schlichtheit vereint. Der Rahmen hat eine etwas breitere, robuste Passform und ist damit ideal f\u00fcr gr\u00f6\u00dfere Gesichtsformen oder alle, die eine robuste, zuverl\u00e4ssige Sonnenbrille suchen. Dank der PolarizedPlus2-Gl\u00e4ser von Maui Jim erlebst du lebendige Farben, hohen Kontrast und blendfreie Klarheit - perfekt f\u00fcr den Strand, das Wasser, den Alltag, auf dem Fahrrad und auf dem Golfplatz.  <\/p>\n<p data-start=\"480\" data-end=\"730\">Der leichte, aber stabile Rahmen sorgt f\u00fcr lang anhaltenden Komfort, w\u00e4hrend die geraden Linien und matten Akzente einen modernen, zeitlosen Look schaffen. Der Byron Bay wirkt entspannt und funktional zugleich: eine solide Wahl f\u00fcr Outdoor-Fans. <\/p>\n<p data-start=\"732\" data-end=\"1122\">- Strapazierf\u00e4higer und robuster Rahmen mit bequemer Passform<br data-start=\"783\" data-end=\"786\">- Geeignet f\u00fcr gr\u00f6\u00dfere Gesichtsformen oder diejenigen, die einen robusteren Look suchen<br data-start=\"856\" data-end=\"859\">- PolarizedPlus2 Technologie f\u00fcr satte Farben, hohen Kontrast und Blendschutz<br data-start=\"935\" data-end=\"938\">- Perfekt f\u00fcr Strand, Wasser, Motorradfahren und Golf<br data-start=\"1066\" data-end=\"1069\">- Zeitloses Design f\u00fcr den t\u00e4glichen Gebrauch und auf Reisen<\/p>\n<p data-start=\"1124\" data-end=\"1359\">Verschreibung m\u00f6glich<br data-start=\"1143\" data-end=\"1146\">Du kannst die Maui Jim Byron Bay mit Specialspex Custom-Gl\u00e4sern oder mit original Maui Jim RX-Gl\u00e4sern anfertigen lassen. Beide Optionen bieten hervorragende Klarheit, vollen UV-Schutz und optimalen Sehkomfort. <\/p>\n<p data-start=\"1361\" data-end=\"1440\" data-is-last-node=\"\" data-is-only-node=\"\">Willst du mehr wissen? Lies unseren Blog \u00fcber die Originalbrillen von Maui Jim: <br data-start=\"1418\" data-end=\"1421\"><a class=\"decorated-link cursor-pointer\" target=\"_new\" rel=\"noopener\" data-start=\"1421\" data-end=\"1440\" data-is-last-node=\"\">https:\/\/specialspex<\/a><\/p>\n","protected":false},"excerpt":{"rendered":"<p data-start=\"42\" data-end=\"478\">Die Byron Bay ist ein robustes, schn\u00f6rkelloses Modell, das St\u00e4rke und Schlichtheit vereint. Der Rahmen hat eine etwas breitere, robuste Passform und ist damit ideal f\u00fcr gr\u00f6\u00dfere Gesichtsformen oder alle, die eine robuste, zuverl\u00e4ssige Sonnenbrille suchen. Dank der PolarizedPlus2-Gl\u00e4ser von Maui Jim erlebst du lebendige Farben, hohe Kontraste und blendfreie Klarheit - perfekt f\u00fcr den Strand, das Wasser, den t\u00e4glichen Gebrauch, auf dem Fahrrad und auf dem Golfplatz.  <\/p>\n<p data-start=\"480\" data-end=\"730\">Der leichte, aber stabile Rahmen sorgt f\u00fcr lang anhaltenden Komfort, w\u00e4hrend die geraden Linien und matten Akzente einen modernen, zeitlosen Look schaffen. Der Byron Bay wirkt entspannt und funktional zugleich: eine solide Wahl f\u00fcr Outdoor-Fans. <\/p>\n<p data-start=\"732\" data-end=\"1122\">- Strapazierf\u00e4higer und robuster Rahmen mit bequemer Passform<br data-start=\"783\" data-end=\"786\">- Geeignet f\u00fcr gr\u00f6\u00dfere Gesichtsformen oder diejenigen, die einen robusteren Look suchen<br data-start=\"856\" data-end=\"859\">- PolarizedPlus2 Technologie f\u00fcr satte Farben, hohen Kontrast und Blendschutz<br data-start=\"935\" data-end=\"938\">- Perfekt f\u00fcr Strand, Wasser, Motorradfahren und Golf<br data-start=\"1066\" data-end=\"1069\">- Zeitloses Design f\u00fcr den Alltag und die Reise<\/p>\n<p data-start=\"1124\" data-end=\"1359\">Verschreibung m\u00f6glich<br data-start=\"1143\" data-end=\"1146\">Du kannst die Maui Jim Byron Bay mit Specialspex Custom-Gl\u00e4sern oder mit originalen Maui Jim RX-Gl\u00e4sern anfertigen lassen. Beide Optionen bieten hervorragende Klarheit, vollen UV-Schutz und optimalen Sehkomfort. <\/p>\n<p data-start=\"1361\" data-end=\"1440\" data-is-last-node=\"\" data-is-only-node=\"\">Willst du mehr wissen? Lies unseren Blog \u00fcber die Originalbrillen von Maui Jim: <br data-start=\"1418\" data-end=\"1421\"><a class=\"decorated-link cursor-pointer\" target=\"_new\" rel=\"noopener\" data-start=\"1421\" data-end=\"1440\" data-is-last-node=\"\">https:\/\/specialspex<\/a><\/p>\n","protected":false},"featured_media":67068,"template":"","meta":[],"product_brand":[818],"product_cat":[666,695,660,659,663,696],"product_tag":[],"class_list":{"0":"post-75234","1":"product","2":"type-product","3":"status-publish","4":"has-post-thumbnail","6":"product_brand-maui-jim","7":"product_cat-tourenmotorrad","8":"product_cat-fisch","9":"product_cat-golfbrille","10":"product_cat-motorradbrille","11":"product_cat-segeln","12":"product_cat-sport-laessig","13":"pa_geschikt-voor-manner","14":"pa_kleur-montuur-braun","15":"pa_kleur-montuur-grun","16":"pa_kleur-montuur-schwarz","17":"pa_maat-montuur-gross","18":"pa_maat-montuur-medium","19":"pa_soort-bril-op-sterkte-mit-sehstaerke","20":"pa_soort-bril-op-sterkte-ohne-sehstaerke","22":"first","23":"instock","24":"shipping-taxable","25":"purchasable","26":"product-type-variable"},"_links":{"self":[{"href":"https:\/\/www.specialspex.com\/de\/wp-json\/wp\/v2\/product\/75234","targetHints":{"allow":["GET"]}}],"collection":[{"href":"https:\/\/www.specialspex.com\/de\/wp-json\/wp\/v2\/product"}],"about":[{"href":"https:\/\/www.specialspex.com\/de\/wp-json\/wp\/v2\/types\/product"}],"wp:featuredmedia":[{"embeddable":true,"href":"https:\/\/www.specialspex.com\/de\/wp-json\/wp\/v2\/media\/67068"}],"wp:attachment":[{"href":"https:\/\/www.specialspex.com\/de\/wp-json\/wp\/v2\/media?parent=75234"}],"wp:term":[{"taxonomy":"product_brand","embeddable":true,"href":"https:\/\/www.specialspex.com\/de\/wp-json\/wp\/v2\/product_brand?post=75234"},{"taxonomy":"product_cat","embeddable":true,"href":"https:\/\/www.specialspex.com\/de\/wp-json\/wp\/v2\/product_cat?post=75234"},{"taxonomy":"product_tag","embeddable":true,"href":"https:\/\/www.specialspex.com\/de\/wp-json\/wp\/v2\/product_tag?post=75234"}],"curies":[{"name":"wp","href":"https:\/\/api.w.org\/{rel}","templated":true}]}}