{"id":75269,"date":"2025-11-27T11:37:47","date_gmt":"2025-11-27T10:37:47","guid":{"rendered":"https:\/\/specialspex.com\/product\/makamae\/"},"modified":"2025-11-27T11:37:47","modified_gmt":"2025-11-27T10:37:47","slug":"makamae","status":"publish","type":"product","link":"https:\/\/www.specialspex.com\/de\/sportbrille\/wassersport\/fisch\/maui-jim-makamae\/","title":{"rendered":"Makamae"},"content":{"rendered":"<div class=\"flex max-w-full flex-col grow\">\n<div class=\"min-h-8 text-message relative flex w-full flex-col items-end gap-2 text-start break-words whitespace-normal [.text-message+&amp;]:mt-1\" dir=\"auto\" data-message-author-role=\"assistant\" data-message-id=\"b42ce958-8377-44ca-9c4e-e1a87583b6e1\" data-message-model-slug=\"gpt-5-1\">\n<div class=\"flex w-full flex-col gap-1 empty:hidden first:pt-[1px]\">\n<div class=\"markdown prose dark:prose-invert w-full break-words light markdown-new-styling\">\n<p data-start=\"42\" data-end=\"500\">Die Makamae - hawaiianisch f\u00fcr kostbar oder wertvoll - hat einen modernen, anspruchsvollen Look mit weichen Linien und einer leichten Passform. Dieses Modell kombiniert eine elegante Form mit den charakteristischen PolarizedPlus2-Gl\u00e4sern von Maui Jim, die Farben zum Leben erwecken, Kontraste verst\u00e4rken und Blendeffekte vollst\u00e4ndig eliminieren. Ideal f\u00fcr den Alltag, Golf, Strand und Wasser, aber dank der scharfen, entspannten Sicht auch perfekt zum Biken und Golfen.  <\/p>\n<p data-start=\"502\" data-end=\"838\">- Leichter, bequemer Rahmen mit moderner, flie\u00dfender Form<br data-start=\"558\" data-end=\"561\">- PolarizedPlus2-Glas-Technologie f\u00fcr satte Farben, hohen Kontrast und Blendschutz<br data-start=\"641\" data-end=\"644\">- Stabiler Sitz f\u00fcr lange Tage im Freien und auf Reisen<br data-start=\"783\" data-end=\"786\">- Geeignet f\u00fcr Strand, Wasser, Motorradfahren und Golf<\/p>\n<p data-start=\"840\" data-end=\"1080\">Verschreibung m\u00f6glich<br data-start=\"859\" data-end=\"862\">Du kannst die Maui Jim Makamae mit Specialspex Custom Gl\u00e4sern oder mit original Maui Jim RX Gl\u00e4sern verschreiben lassen. Beide Optionen bieten hervorragende Klarheit, vollen UV-Schutz und ein entspanntes Seherlebnis. <\/p>\n<p data-start=\"1082\" data-end=\"1196\" data-is-last-node=\"\" data-is-only-node=\"\">Willst du mehr wissen? Lies unseren Blog \u00fcber die Originalbrillen von Maui Jim: <br data-start=\"1139\" data-end=\"1142\"><a class=\"decorated-link cursor-pointer\" target=\"_new\" rel=\"noopener\" data-start=\"1142\" data-end=\"1196\" data-is-last-node=\"\">https:\/\/specialspex.com\/blog\/maui-jim-originele-glazen<\/a><\/p>\n<\/div>\n<\/div>\n<\/div>\n<\/div>\n<div class=\"z-0 flex min-h-[46px] justify-start\"><\/div>\n","protected":false},"excerpt":{"rendered":"<article class=\"text-token-text-primary w-full focus:outline-none [--shadow-height:45px] has-data-writing-block:pointer-events-none has-data-writing-block:-mt-(--shadow-height) has-data-writing-block:pt-(--shadow-height) [&amp;:has([data-writing-block])&gt;*]:pointer-events-auto [content-visibility:auto] supports-[content-visibility:auto]:[contain-intrinsic-size:auto_100lvh] scroll-mt-[calc(var(--header-height)+min(200px,max(70px,20svh)))]\" dir=\"auto\" data-turn-id=\"request-WEB:394e5f05-6073-4f3d-8ca5-4100958eb71d-42\" data-testid=\"conversation-turn-34\" data-scroll-anchor=\"true\" data-turn=\"assistant\">\n<div class=\"text-base my-auto mx-auto pb-10 [--thread-content-margin:--spacing(4)] thread-sm:[--thread-content-margin:--spacing(6)] thread-lg:[--thread-content-margin:--spacing(16)] px-(--thread-content-margin)\">\n<div class=\"[--thread-content-max-width:40rem] thread-lg:[--thread-content-max-width:48rem] mx-auto max-w-(--thread-content-max-width) flex-1 group\/turn-messages focus-visible:outline-hidden relative flex w-full min-w-0 flex-col agent-turn\">\n<div class=\"flex max-w-full flex-col grow\">\n<div class=\"min-h-8 text-message relative flex w-full flex-col items-end gap-2 text-start break-words whitespace-normal [.text-message+&amp;]:mt-1\" dir=\"auto\" data-message-author-role=\"assistant\" data-message-id=\"b42ce958-8377-44ca-9c4e-e1a87583b6e1\" data-message-model-slug=\"gpt-5-1\">\n<div class=\"flex w-full flex-col gap-1 empty:hidden first:pt-[1px]\">\n<div class=\"markdown prose dark:prose-invert w-full break-words light markdown-new-styling\">\n<p data-start=\"42\" data-end=\"500\">Die Makamae - hawaiianisch f\u00fcr kostbar oder wertvoll - hat einen modernen, anspruchsvollen Look mit weichen Linien und einer leichten Passform. Dieses Modell kombiniert eine elegante Form mit den charakteristischen PolarizedPlus2-Gl\u00e4sern von Maui Jim, die Farben lebendiger machen, Kontraste verst\u00e4rken und Blendeffekte vollst\u00e4ndig verschwinden lassen. Ideal f\u00fcr den Alltag, Golf, Strand und Wasser, aber dank der scharfen, entspannten Sicht auch perfekt zum Biken und Golfen.  <\/p>\n<p data-start=\"502\" data-end=\"838\">- Leichter, bequemer Rahmen mit moderner, flie\u00dfender Form<br data-start=\"558\" data-end=\"561\">- PolarizedPlus2-Glas-Technologie f\u00fcr satte Farben, hohen Kontrast und Blendschutz<br data-start=\"641\" data-end=\"644\">- Stabiler Sitz f\u00fcr lange Tage im Freien und auf Reisen<br data-start=\"783\" data-end=\"786\">- Geeignet f\u00fcr Strand, Wasser, Motorradfahren und Golf<\/p>\n<p data-start=\"840\" data-end=\"1080\">Verschreibung m\u00f6glich<br data-start=\"859\" data-end=\"862\">Du kannst die Maui Jim Makamae mit Specialspex Custom Gl\u00e4sern oder mit original Maui Jim RX Gl\u00e4sern verschreiben lassen. Beide Optionen bieten hervorragende Klarheit, vollen UV-Schutz und ein entspanntes Seherlebnis. <\/p>\n<p data-start=\"1082\" data-end=\"1196\" data-is-last-node=\"\" data-is-only-node=\"\">Willst du mehr wissen? Lies unseren Blog \u00fcber die Originalbrillen von Maui Jim: <br data-start=\"1139\" data-end=\"1142\"><a class=\"decorated-link cursor-pointer\" target=\"_new\" rel=\"noopener\" data-start=\"1142\" data-end=\"1196\" data-is-last-node=\"\">https:\/\/specialspex.com\/blog\/maui-jim-originele-glazen<\/a><\/p>\n<\/div>\n<\/div>\n<\/div>\n<\/div>\n<div class=\"z-0 flex min-h-[46px] justify-start\"><\/div>\n<div class=\"mt-3 w-full empty:hidden\">\n<div class=\"text-center\"><\/div>\n<\/div>\n<\/div>\n<\/div>\n<\/article>\n<div class=\"pointer-events-none h-px w-px\" aria-hidden=\"true\" data-edge=\"true\"><\/div>\n","protected":false},"featured_media":67041,"template":"","meta":[],"product_brand":[818],"product_cat":[660,695,659,663,696,666],"product_tag":[],"class_list":{"0":"post-75269","1":"product","2":"type-product","3":"status-publish","4":"has-post-thumbnail","6":"product_brand-maui-jim","7":"product_cat-golfbrille","8":"product_cat-fisch","9":"product_cat-motorradbrille","10":"product_cat-segeln","11":"product_cat-sport-laessig","12":"product_cat-tourenmotorrad","13":"pa_geschikt-voor-manner","14":"pa_kleur-montuur-schwarz","15":"pa_maat-montuur-gross","16":"pa_soort-bril-op-sterkte-mit-sehstaerke","17":"pa_soort-bril-op-sterkte-ohne-sehstaerke","19":"first","20":"instock","21":"shipping-taxable","22":"purchasable","23":"product-type-simple"},"_links":{"self":[{"href":"https:\/\/www.specialspex.com\/de\/wp-json\/wp\/v2\/product\/75269","targetHints":{"allow":["GET"]}}],"collection":[{"href":"https:\/\/www.specialspex.com\/de\/wp-json\/wp\/v2\/product"}],"about":[{"href":"https:\/\/www.specialspex.com\/de\/wp-json\/wp\/v2\/types\/product"}],"wp:featuredmedia":[{"embeddable":true,"href":"https:\/\/www.specialspex.com\/de\/wp-json\/wp\/v2\/media\/67041"}],"wp:attachment":[{"href":"https:\/\/www.specialspex.com\/de\/wp-json\/wp\/v2\/media?parent=75269"}],"wp:term":[{"taxonomy":"product_brand","embeddable":true,"href":"https:\/\/www.specialspex.com\/de\/wp-json\/wp\/v2\/product_brand?post=75269"},{"taxonomy":"product_cat","embeddable":true,"href":"https:\/\/www.specialspex.com\/de\/wp-json\/wp\/v2\/product_cat?post=75269"},{"taxonomy":"product_tag","embeddable":true,"href":"https:\/\/www.specialspex.com\/de\/wp-json\/wp\/v2\/product_tag?post=75269"}],"curies":[{"name":"wp","href":"https:\/\/api.w.org\/{rel}","templated":true}]}}