{"id":75281,"date":"2025-11-26T14:09:24","date_gmt":"2025-11-26T13:09:24","guid":{"rendered":"https:\/\/specialspex.com\/product\/premier\/"},"modified":"2025-11-26T14:09:24","modified_gmt":"2025-11-26T13:09:24","slug":"premier","status":"publish","type":"product","link":"https:\/\/www.specialspex.com\/de\/sport-laessig\/nike-premier\/","title":{"rendered":"Premier"},"content":{"rendered":"<p data-start=\"131\" data-end=\"578\">Die Nike Premier ist eine leichte und schlank designte Sonnenbrille, die sportliche Leistung mit einem modernen, vielseitigen Look kombiniert. Der Rahmen passt sich bequem an das Gesicht an und bleibt dank der gummierten Nasenpads und griffigen Beinenden auch bei intensiver Bewegung oder hei\u00dfen Bedingungen stabil. Die breite Scheibenform sorgt f\u00fcr ein klares und weites Sichtfeld und sch\u00fctzt die Augen effektiv vor hellem Sonnenlicht und Wind.  <\/p>\n<p data-start=\"580\" data-end=\"733\">Der Premier ist ideal f\u00fcr sportliche Aktivit\u00e4ten wie Laufen und Radfahren, passt aber dank seines zeitlosen Designs auch perfekt in den Alltag.<\/p>\n<p data-start=\"735\" data-end=\"1067\">- Leichte Fassung mit modernem, sportlichem Look<br data-start=\"792\" data-end=\"795\">- Gummierte Nasenpads und griffige Beinenden f\u00fcr zus\u00e4tzliche Stabilit\u00e4t<br data-start=\"864\" data-end=\"867\">- Breite Scheibenform f\u00fcr ein klares und weites Sichtfeld<br data-start=\"920\" data-end=\"923\">- Geeignet f\u00fcr Sport und Alltag<br data-start=\"965\" data-end=\"968\">- Mit hochwertigen Specialspex-Gl\u00e4sern erh\u00e4ltlich<br data-start=\"1027\" data-end=\"1030\">- Inklusive Schutzetui<\/p>\n","protected":false},"excerpt":{"rendered":"<p data-start=\"131\" data-end=\"578\">Die Nike Premier ist eine leichte und schlank designte Sonnenbrille, die sportliche Leistung mit einem modernen, vielseitigen Look kombiniert. Der Rahmen passt sich bequem an das Gesicht an und bleibt dank der gummierten Nasenpads und griffigen Beinenden auch bei intensiver Bewegung oder hei\u00dfen Bedingungen stabil. Die breite Scheibenform sorgt f\u00fcr ein klares und weites Sichtfeld und sch\u00fctzt die Augen effektiv vor hellem Sonnenlicht und Wind.  <\/p>\n<p data-start=\"580\" data-end=\"733\">Der Premier ist ideal f\u00fcr sportliche Aktivit\u00e4ten wie Laufen und Radfahren, passt aber dank seines zeitlosen Designs auch perfekt in den Alltag.<\/p>\n<p data-start=\"735\" data-end=\"1067\">- Leichter Rahmen mit modernem, sportlichem Look<br data-start=\"792\" data-end=\"795\">- Gummierte Nasenpads und griffige Beinenden f\u00fcr zus\u00e4tzliche Stabilit\u00e4t<br data-start=\"864\" data-end=\"867\">- Breite Scheibenform f\u00fcr ein klares und weites Sichtfeld<br data-start=\"920\" data-end=\"923\">- Geeignet f\u00fcr Sport und Alltag<br data-start=\"965\" data-end=\"968\">- Mit hochwertigen Specialspex-Gl\u00e4sern erh\u00e4ltlich<br data-start=\"1027\" data-end=\"1030\">- Inklusive Schutzetui<\/p>\n","protected":false},"featured_media":3067,"template":"","meta":[],"product_brand":[788],"product_cat":[584,696],"product_tag":[],"class_list":{"0":"post-75281","1":"product","2":"type-product","3":"status-publish","4":"has-post-thumbnail","6":"product_brand-nike","7":"product_cat-sportbrille","8":"product_cat-sport-laessig","9":"pa_geschikt-voor-frauen","10":"pa_geschikt-voor-manner","11":"pa_kleur-montuur-schwarz","12":"pa_maat-montuur-extra-gros","13":"pa_maat-montuur-gross","14":"pa_soort-bril-op-sterkte-mit-sehstaerke","15":"pa_soort-bril-op-sterkte-ohne-sehstaerke","17":"first","18":"instock","19":"shipping-taxable","20":"purchasable","21":"product-type-simple"},"_links":{"self":[{"href":"https:\/\/www.specialspex.com\/de\/wp-json\/wp\/v2\/product\/75281","targetHints":{"allow":["GET"]}}],"collection":[{"href":"https:\/\/www.specialspex.com\/de\/wp-json\/wp\/v2\/product"}],"about":[{"href":"https:\/\/www.specialspex.com\/de\/wp-json\/wp\/v2\/types\/product"}],"wp:featuredmedia":[{"embeddable":true,"href":"https:\/\/www.specialspex.com\/de\/wp-json\/wp\/v2\/media\/3067"}],"wp:attachment":[{"href":"https:\/\/www.specialspex.com\/de\/wp-json\/wp\/v2\/media?parent=75281"}],"wp:term":[{"taxonomy":"product_brand","embeddable":true,"href":"https:\/\/www.specialspex.com\/de\/wp-json\/wp\/v2\/product_brand?post=75281"},{"taxonomy":"product_cat","embeddable":true,"href":"https:\/\/www.specialspex.com\/de\/wp-json\/wp\/v2\/product_cat?post=75281"},{"taxonomy":"product_tag","embeddable":true,"href":"https:\/\/www.specialspex.com\/de\/wp-json\/wp\/v2\/product_tag?post=75281"}],"curies":[{"name":"wp","href":"https:\/\/api.w.org\/{rel}","templated":true}]}}