{"id":75299,"date":"2025-12-01T15:52:16","date_gmt":"2025-12-01T14:52:16","guid":{"rendered":"https:\/\/specialspex.com\/product\/jawbreaker\/"},"modified":"2025-12-01T15:52:16","modified_gmt":"2025-12-01T14:52:16","slug":"jawbreaker","status":"publish","type":"product","link":"https:\/\/www.specialspex.com\/de\/sportbrille\/golfbrille\/oakley-jawbreaker\/","title":{"rendered":"Jawbreaker\u2122"},"content":{"rendered":"<p data-start=\"127\" data-end=\"566\">Die Oakley Jawbreaker ist eine der kultigsten Performance-Sportbrillen von Oakley und wurde f\u00fcr maximale Bel\u00fcftung, Stabilit\u00e4t und ein extrem breites Sichtfeld entwickelt. Das gro\u00dfe Schutzglas bietet dir perfekte Sicht beim Radfahren, Laufen und anderen intensiven Sportarten. Das Switchlock-System macht das Wechseln der Gl\u00e4ser ganz einfach, sodass du die Brille m\u00fchelos an unterschiedliche Licht- und Wetterbedingungen anpassen kannst.  <\/p>\n<p data-start=\"568\" data-end=\"839\">Der leichte O Matter-Rahmen in Kombination mit Unobtainium-Nasenpads und -Ohrst\u00f6pseln sorgt f\u00fcr einen sicheren, rutschfesten Sitz, der auch beim Schwitzen perfekt an seinem Platz bleibt. Die Jawbreaker bietet alles, was Sportler erwarten: Komfort, Schutz und maximale Leistung. <\/p>\n<p data-start=\"841\" data-end=\"1317\">- Gro\u00dfes Schilddesign f\u00fcr ein extrem weites Sichtfeld<br data-start=\"899\" data-end=\"902\">- Switchlock-System f\u00fcr schnellen und einfachen Scheibenwechsel<br data-start=\"965\" data-end=\"968\">- Leichter, strapazierf\u00e4higer O Matter-Rahmen<br data-start=\"1009\" data-end=\"1012\">- Unobtainium-Nasenpads und -Ohrst\u00f6psel f\u00fcr optimalen Halt beim Schwitzen<br data-start=\"1081\" data-end=\"1084\">- Hervorragende Bel\u00fcftung, um das Beschlagen zu reduzieren<br data-start=\"1134\" data-end=\"1137\">- Erh\u00e4ltlich mit Prizm-Gl\u00e4sern f\u00fcr verbesserten Kontrast und Detailsicht<br data-start=\"1207\" data-end=\"1210\">- Kann mit individuellen Specialspex-Gl\u00e4sern im Visier ausgestattet werden<br data-start=\"1277\" data-end=\"1280\">- Schutzetui im Lieferumfang<\/p>\n","protected":false},"excerpt":{"rendered":"<p data-start=\"127\" data-end=\"566\">Die Oakley Jawbreaker ist eine der kultigsten Performance-Sportbrillen von Oakley und wurde f\u00fcr maximale Bel\u00fcftung, Stabilit\u00e4t und ein extrem breites Sichtfeld entwickelt. Das gro\u00dfe Schutzglas bietet dir perfekte Sicht beim Radfahren, Laufen und anderen intensiven Sportarten. Das Switchlock-System macht das Wechseln der Gl\u00e4ser ganz einfach, sodass du die Brille m\u00fchelos an unterschiedliche Licht- und Wetterbedingungen anpassen kannst.  <\/p>\n<p data-start=\"568\" data-end=\"839\">Der leichte O Matter-Rahmen in Kombination mit Unobtainium-Nasenpads und -Ohrst\u00f6pseln sorgt f\u00fcr einen sicheren, rutschfesten Sitz, der auch beim Schwitzen perfekt an seinem Platz bleibt. Die Jawbreaker bietet alles, was Sportler erwarten: Komfort, Schutz und maximale Leistung. <\/p>\n<p data-start=\"841\" data-end=\"1317\">- Gro\u00dfes Schilddesign f\u00fcr ein extrem weites Sichtfeld<br data-start=\"899\" data-end=\"902\">- Switchlock-System f\u00fcr schnellen und einfachen Scheibenwechsel<br data-start=\"965\" data-end=\"968\">- Leichter, strapazierf\u00e4higer O Matter-Rahmen<br data-start=\"1009\" data-end=\"1012\">- Unobtainium-Nasenpads und -Ohrst\u00f6psel f\u00fcr optimalen Halt beim Schwitzen<br data-start=\"1081\" data-end=\"1084\">- Hervorragende Bel\u00fcftung, um das Beschlagen zu reduzieren<br data-start=\"1134\" data-end=\"1137\">- Erh\u00e4ltlich mit Prizm-Gl\u00e4sern f\u00fcr verbesserten Kontrast und Detailsicht<br data-start=\"1207\" data-end=\"1210\">- Kann mit individuellen Specialspex-Gl\u00e4sern im Visier ausgestattet werden<br data-start=\"1277\" data-end=\"1280\">- Schutzetui im Lieferumfang<\/p>\n","protected":false},"featured_media":69562,"template":"","meta":[],"product_brand":[806],"product_cat":[584,660,639,560,638,561,559],"product_tag":[],"class_list":{"0":"post-75299","1":"product","2":"type-product","3":"status-publish","4":"has-post-thumbnail","6":"product_brand-oakley","7":"product_cat-sportbrille","8":"product_cat-golfbrille","9":"product_cat-gravelbiker-radfahren","10":"product_cat-laufen","11":"product_cat-mountainbiking","12":"product_cat-radfahren","13":"product_cat-radfahrerbrille","14":"pa_geschikt-voor-frauen","15":"pa_geschikt-voor-manner","16":"pa_kleur-montuur-grau","17":"pa_kleur-montuur-schwarz","18":"pa_kleur-montuur-weiss","19":"pa_maat-montuur-extra-gros","20":"pa_maat-montuur-gross","22":"first","23":"instock","24":"sale","25":"shipping-taxable","26":"purchasable","27":"product-type-variable"},"_links":{"self":[{"href":"https:\/\/www.specialspex.com\/de\/wp-json\/wp\/v2\/product\/75299","targetHints":{"allow":["GET"]}}],"collection":[{"href":"https:\/\/www.specialspex.com\/de\/wp-json\/wp\/v2\/product"}],"about":[{"href":"https:\/\/www.specialspex.com\/de\/wp-json\/wp\/v2\/types\/product"}],"wp:featuredmedia":[{"embeddable":true,"href":"https:\/\/www.specialspex.com\/de\/wp-json\/wp\/v2\/media\/69562"}],"wp:attachment":[{"href":"https:\/\/www.specialspex.com\/de\/wp-json\/wp\/v2\/media?parent=75299"}],"wp:term":[{"taxonomy":"product_brand","embeddable":true,"href":"https:\/\/www.specialspex.com\/de\/wp-json\/wp\/v2\/product_brand?post=75299"},{"taxonomy":"product_cat","embeddable":true,"href":"https:\/\/www.specialspex.com\/de\/wp-json\/wp\/v2\/product_cat?post=75299"},{"taxonomy":"product_tag","embeddable":true,"href":"https:\/\/www.specialspex.com\/de\/wp-json\/wp\/v2\/product_tag?post=75299"}],"curies":[{"name":"wp","href":"https:\/\/api.w.org\/{rel}","templated":true}]}}