{"id":75306,"date":"2025-12-01T20:33:24","date_gmt":"2025-12-01T19:33:24","guid":{"rendered":"https:\/\/specialspex.com\/product\/line-miner-pro-l\/"},"modified":"2025-12-01T20:33:24","modified_gmt":"2025-12-01T19:33:24","slug":"line-miner-pro-l","status":"publish","type":"product","link":"https:\/\/www.specialspex.com\/de\/sportbrille\/wintersport\/ski-und-snowboardbrillen\/oakley-line-miner-pro-l\/","title":{"rendered":"Line Miner\u2122 Pro L"},"content":{"rendered":"<p data-start=\"278\" data-end=\"759\">Als weiterentwickelte Version der beliebten Line Miner Goggle bietet die Oakley Line Miner Pro L verbesserte Bel\u00fcftung, zus\u00e4tzlichen Komfort und ein au\u00dfergew\u00f6hnlich weites Sichtfeld. Die zylindrische Scheibe liegt eng am Gesicht an und bietet dir einen Panoramablick in horizontaler und vertikaler Richtung. Der Pro-Rahmen verf\u00fcgt \u00fcber verst\u00e4rkte Bel\u00fcftungs\u00f6ffnungen, die die Kondensation weiter reduzieren und die Luftzirkulation bei intensivem Ski- oder Snowboardfahren optimieren.  <\/p>\n<p data-start=\"761\" data-end=\"1059\">Diese Version wird mit einem zus\u00e4tzlichen Prizm-Visier geliefert, das sich leicht auswechseln l\u00e4sst, damit du auf wechselnde Licht- und Schneebedingungen reagieren kannst. Die dreifache Schaumstoffschicht schmiegt sich bequem an das Gesicht an, w\u00e4hrend das breite Silikonband f\u00fcr einen stabilen Sitz an jedem Helm sorgt. <\/p>\n<p data-start=\"1061\" data-end=\"1610\">- Zylindrische, gesichtsnahe Scheibe f\u00fcr ein breites Panorama-Sichtfeld<br data-start=\"1141\" data-end=\"1144\">- Pro-Rahmen mit verbesserter Bel\u00fcftung f\u00fcr weniger Beschlagen<br data-start=\"1201\" data-end=\"1204\">- Wird mit einem zus\u00e4tzlichen Prizm Visier geliefert, <br data-start=\"1270\" data-end=\"1273\"> - Komfortable Dreifach-Schaumstoffschicht f\u00fcr gute Abdichtung gegen K\u00e4lte und Schnee<br data-start=\"1350\" data-end=\"1353\">- Helmkompatibles Band mit Silikongriff f\u00fcr Stabilit\u00e4t<br data-start=\"1412\" data-end=\"1415\">- Erh\u00e4ltlich mit Prizm Snow-Scheibentechnologie f\u00fcr besseren Kontrast und mehr Details<br data-start=\"1491\" data-end=\"1494\">- Erh\u00e4ltlich mit einem Specialspex-Skiclip mit Korrektionsgl\u00e4sern<br data-start=\"1570\" data-end=\"1573\">- Inklusive Mikrofaser-Brillenetui<\/p>\n","protected":false},"excerpt":{"rendered":"<p data-start=\"278\" data-end=\"759\">Als weiterentwickelte Version der beliebten Line Miner Goggle bietet die Oakley Line Miner Pro L verbesserte Bel\u00fcftung, zus\u00e4tzlichen Komfort und ein au\u00dfergew\u00f6hnlich weites Sichtfeld. Die zylindrische Scheibe liegt eng am Gesicht an und bietet dir einen Panoramablick in horizontaler und vertikaler Richtung. Der Pro-Rahmen verf\u00fcgt \u00fcber verst\u00e4rkte Bel\u00fcftungs\u00f6ffnungen, die die Kondensation weiter reduzieren und die Luftzirkulation bei intensivem Ski- oder Snowboardfahren optimieren.  <\/p>\n<p data-start=\"761\" data-end=\"1059\">Diese Version wird mit einem zus\u00e4tzlichen Prizm-Visier geliefert, das sich leicht auswechseln l\u00e4sst, damit du auf wechselnde Licht- und Schneebedingungen reagieren kannst. Die dreifache Schaumstoffschicht schmiegt sich bequem an das Gesicht an, w\u00e4hrend das breite Silikonband f\u00fcr einen stabilen Sitz an jedem Helm sorgt. <\/p>\n<p data-start=\"1061\" data-end=\"1610\">- Zylindrische, gesichtsnahe Scheibe f\u00fcr ein breites Panorama-Sichtfeld<br data-start=\"1141\" data-end=\"1144\">- Pro-Rahmen mit verbesserter Bel\u00fcftung f\u00fcr weniger Beschlagen<br data-start=\"1201\" data-end=\"1204\">- Wird mit einem zus\u00e4tzlichen Prizm Visier geliefert, <br data-start=\"1270\" data-end=\"1273\"> - Komfortable Dreifach-Schaumstoffschicht f\u00fcr gute Abdichtung gegen K\u00e4lte und Schnee<br data-start=\"1350\" data-end=\"1353\">- Helmkompatibles Band mit Silikongriff f\u00fcr Stabilit\u00e4t<br data-start=\"1412\" data-end=\"1415\">- Erh\u00e4ltlich mit Prizm Snow-Scheibentechnologie f\u00fcr besseren Kontrast und mehr Details<br data-start=\"1491\" data-end=\"1494\">- Erh\u00e4ltlich mit einem Specialspex-Skiclip mit Korrektionsgl\u00e4sern<br data-start=\"1570\" data-end=\"1573\">- Inklusive Mikrofaser-Brillenetui<\/p>\n","protected":false},"featured_media":69859,"template":"","meta":[],"product_brand":[806],"product_cat":[584,698,700],"product_tag":[],"class_list":{"0":"post-75306","1":"product","2":"type-product","3":"status-publish","4":"has-post-thumbnail","6":"product_brand-oakley","7":"product_cat-sportbrille","8":"product_cat-ski-und-snowboardbrillen","9":"product_cat-wintersport","10":"pa_geschikt-voor-frauen","11":"pa_geschikt-voor-manner","12":"pa_kleur-montuur-schwarz","13":"pa_kleur-montuur-schwarz-3","14":"pa_maat-montuur-extra-gros","15":"pa_maat-montuur-gross","16":"pa_soort-bril-op-sterkte-ohne-sehstaerke","17":"pa_soort-bril-op-sterkte-with-prescription-insert","19":"first","20":"instock","21":"shipping-taxable","22":"purchasable","23":"product-type-variable"},"_links":{"self":[{"href":"https:\/\/www.specialspex.com\/de\/wp-json\/wp\/v2\/product\/75306","targetHints":{"allow":["GET"]}}],"collection":[{"href":"https:\/\/www.specialspex.com\/de\/wp-json\/wp\/v2\/product"}],"about":[{"href":"https:\/\/www.specialspex.com\/de\/wp-json\/wp\/v2\/types\/product"}],"wp:featuredmedia":[{"embeddable":true,"href":"https:\/\/www.specialspex.com\/de\/wp-json\/wp\/v2\/media\/69859"}],"wp:attachment":[{"href":"https:\/\/www.specialspex.com\/de\/wp-json\/wp\/v2\/media?parent=75306"}],"wp:term":[{"taxonomy":"product_brand","embeddable":true,"href":"https:\/\/www.specialspex.com\/de\/wp-json\/wp\/v2\/product_brand?post=75306"},{"taxonomy":"product_cat","embeddable":true,"href":"https:\/\/www.specialspex.com\/de\/wp-json\/wp\/v2\/product_cat?post=75306"},{"taxonomy":"product_tag","embeddable":true,"href":"https:\/\/www.specialspex.com\/de\/wp-json\/wp\/v2\/product_tag?post=75306"}],"curies":[{"name":"wp","href":"https:\/\/api.w.org\/{rel}","templated":true}]}}