{"id":75307,"date":"2025-11-25T11:50:01","date_gmt":"2025-11-25T10:50:01","guid":{"rendered":"https:\/\/specialspex.com\/product\/kurt-wide\/"},"modified":"2026-04-18T12:08:55","modified_gmt":"2026-04-18T10:08:55","slug":"kurt-wide","status":"publish","type":"product","link":"https:\/\/www.specialspex.com\/de\/sicherheit\/bolle-safety-kurt-wide\/","title":{"rendered":"Kurt Wide"},"content":{"rendered":"<p data-start=\"96\" data-end=\"387\">Diese Boll\u00e9 Schutzbrille kombiniert ein sportliches und robustes Design mit maximalem Schutz. Das Modell ist die gr\u00f6\u00dfere Version der Kurt Medium und hat integrierte Seitenschilde, die vor fliegenden Partikeln, Fl\u00fcssigkeiten und Staub sch\u00fctzen. Sie ist standardm\u00e4\u00dfig EN-166-zertifiziert.  <\/p>\n<p data-start=\"389\" data-end=\"680\" data-is-last-node=\"\" data-is-only-node=\"\">- EN-166 zertifizierter Schutz<br data-start=\"425\" data-end=\"428\">- Integrierte Seitenkappen f\u00fcr zus\u00e4tzliche Sicherheit<br data-start=\"475\" data-end=\"478\">- Breiteres Modell, gr\u00f6\u00dfere Variante von Kurt Medium<br data-start=\"525\" data-end=\"528\">- Kann nach deiner Sehst\u00e4rke in deiner bevorzugten Farbe oder mit Einf\u00e4rbung angefertigt werden<br data-start=\"582\" data-end=\"585\">- Die Brille kann vollst\u00e4ndig individuell angepasst werden<br data-start=\"629\" data-end=\"632\">- Der Startpreis beinhaltet standardm\u00e4\u00dfige klare Gl\u00e4ser<\/p>\n","protected":false},"excerpt":{"rendered":"<p data-start=\"96\" data-end=\"387\">Diese Boll\u00e9 Schutzbrille kombiniert ein sportliches und robustes Design mit maximalem Schutz. Das Modell ist die gr\u00f6\u00dfere Version der Kurt Medium und hat integrierte Seitenschilde, die vor fliegenden Partikeln, Fl\u00fcssigkeiten und Staub sch\u00fctzen. Sie ist standardm\u00e4\u00dfig EN-166-zertifiziert.  <\/p>\n<p data-start=\"389\" data-end=\"680\" data-is-last-node=\"\" data-is-only-node=\"\">- EN-166 zertifizierter Schutz<br data-start=\"425\" data-end=\"428\">- Integrierte Seitenkappen f\u00fcr zus\u00e4tzliche Sicherheit<br data-start=\"475\" data-end=\"478\">- Breiteres Modell, gr\u00f6\u00dfere Variante von Kurt Medium<br data-start=\"525\" data-end=\"528\">- Kann nach deiner Sehst\u00e4rke in deiner bevorzugten Farbe oder mit Einf\u00e4rbung angefertigt werden<br data-start=\"582\" data-end=\"585\">- Die Brille kann komplett nach Wunsch zusammengebaut werden<br data-start=\"629\" data-end=\"632\">- Der Startpreis beinhaltet standardm\u00e4\u00dfige klare Gl\u00e4ser<\/p>\n","protected":false},"featured_media":50080,"template":"","meta":[],"product_brand":[786],"product_cat":[628],"product_tag":[],"class_list":{"0":"post-75307","1":"product","2":"type-product","3":"status-publish","4":"has-post-thumbnail","6":"product_brand-bolle-safety","7":"product_cat-sicherheit","8":"pa_geschikt-voor-frauen","9":"pa_geschikt-voor-manner","10":"pa_kleur-montuur-grau","11":"pa_kleur-montuur-transparent-klar","12":"pa_maat-montuur-extra-gros","13":"pa_maat-montuur-gross","14":"pa_soort-bril-op-sterkte-geeignet-fuer-hohe-staerken","15":"pa_soort-bril-op-sterkte-mit-sehstaerke","17":"first","18":"instock","19":"shipping-taxable","20":"purchasable","21":"product-type-simple"},"_links":{"self":[{"href":"https:\/\/www.specialspex.com\/de\/wp-json\/wp\/v2\/product\/75307","targetHints":{"allow":["GET"]}}],"collection":[{"href":"https:\/\/www.specialspex.com\/de\/wp-json\/wp\/v2\/product"}],"about":[{"href":"https:\/\/www.specialspex.com\/de\/wp-json\/wp\/v2\/types\/product"}],"wp:featuredmedia":[{"embeddable":true,"href":"https:\/\/www.specialspex.com\/de\/wp-json\/wp\/v2\/media\/50080"}],"wp:attachment":[{"href":"https:\/\/www.specialspex.com\/de\/wp-json\/wp\/v2\/media?parent=75307"}],"wp:term":[{"taxonomy":"product_brand","embeddable":true,"href":"https:\/\/www.specialspex.com\/de\/wp-json\/wp\/v2\/product_brand?post=75307"},{"taxonomy":"product_cat","embeddable":true,"href":"https:\/\/www.specialspex.com\/de\/wp-json\/wp\/v2\/product_cat?post=75307"},{"taxonomy":"product_tag","embeddable":true,"href":"https:\/\/www.specialspex.com\/de\/wp-json\/wp\/v2\/product_tag?post=75307"}],"curies":[{"name":"wp","href":"https:\/\/api.w.org\/{rel}","templated":true}]}}