{"id":75310,"date":"2025-11-25T11:46:16","date_gmt":"2025-11-25T10:46:16","guid":{"rendered":"https:\/\/specialspex.com\/product\/klassee-wide\/"},"modified":"2026-04-18T12:08:56","modified_gmt":"2026-04-18T10:08:56","slug":"klassee-wide","status":"publish","type":"product","link":"https:\/\/www.specialspex.com\/de\/sicherheit\/bolle-safety-klassee-wide\/","title":{"rendered":"Klassee Wide"},"content":{"rendered":"<p data-start=\"99\" data-end=\"433\">Diese Boll\u00e9 Schutzbrille kombiniert effektives und stilvolles Design mit maximalem Schutz. Das Modell ist die gr\u00f6\u00dfere Version der Klassee und hat integrierte Seitenschilde, die vor fliegenden Partikeln, Fl\u00fcssigkeiten und Staub sch\u00fctzen. Die kleinere Variante ist die Klassee Medium. Sie ist standardm\u00e4\u00dfig nach EN-166 zertifiziert.   <\/p>\n<p data-start=\"435\" data-end=\"710\" data-is-last-node=\"\" data-is-only-node=\"\">- EN-166-zertifizierter Schutz<br data-start=\"471\" data-end=\"474\">- Integrierte Seitenkappen f\u00fcr zus\u00e4tzliche Sicherheit<br data-start=\"521\" data-end=\"524\">- Breiteres Modell, gr\u00f6\u00dfere Variante der Classe<br data-start=\"567\" data-end=\"570\">- Kann in der gew\u00fcnschten Farbe oder mit Co-T\u00f6nung an die Sehst\u00e4rke angepasst werden<br data-start=\"624\" data-end=\"627\">- Die Gl\u00e4ser k\u00f6nnen vollst\u00e4ndig individuell angepasst werden<br data-start=\"671\" data-end=\"674\">- Standardm\u00e4\u00dfige klare Gl\u00e4ser im Lieferumfang enthalten<\/p>\n","protected":false},"excerpt":{"rendered":"<p data-start=\"99\" data-end=\"433\">Diese Boll\u00e9 Schutzbrille kombiniert effektives und stilvolles Design mit maximalem Schutz. Das Modell ist die gr\u00f6\u00dfere Version der Klassee und hat integrierte Seitenschilde, die vor fliegenden Partikeln, Fl\u00fcssigkeiten und Staub sch\u00fctzen. Die kleinere Variante ist die Klassee Medium. Sie ist standardm\u00e4\u00dfig nach EN-166 zertifiziert.   <\/p>\n<p data-start=\"435\" data-end=\"710\" data-is-last-node=\"\" data-is-only-node=\"\">- EN-166-zertifizierter Schutz<br data-start=\"471\" data-end=\"474\">- Integrierte Seitenkappen f\u00fcr zus\u00e4tzliche Sicherheit<br data-start=\"521\" data-end=\"524\">- Breiteres Modell, gr\u00f6\u00dfere Variante der Classe<br data-start=\"567\" data-end=\"570\">- Kann in der gew\u00fcnschten Farbe oder mit Co-T\u00f6nung an die Sehst\u00e4rke angepasst werden<br data-start=\"624\" data-end=\"627\">- Die Gl\u00e4ser k\u00f6nnen vollst\u00e4ndig individuell angepasst werden<br data-start=\"671\" data-end=\"674\">- Standardm\u00e4\u00dfige klare Gl\u00e4ser im Lieferumfang enthalten<\/p>\n","protected":false},"featured_media":61993,"template":"","meta":[],"product_brand":[786],"product_cat":[628],"product_tag":[],"class_list":{"0":"post-75310","1":"product","2":"type-product","3":"status-publish","4":"has-post-thumbnail","6":"product_brand-bolle-safety","7":"product_cat-sicherheit","8":"pa_geschikt-voor-frauen","9":"pa_geschikt-voor-manner","10":"pa_kleur-montuur-blau","11":"pa_maat-montuur-medium","12":"pa_soort-bril-op-sterkte-geeignet-fuer-hohe-staerken","13":"pa_soort-bril-op-sterkte-mit-sehstaerke","15":"first","16":"instock","17":"shipping-taxable","18":"purchasable","19":"product-type-simple"},"_links":{"self":[{"href":"https:\/\/www.specialspex.com\/de\/wp-json\/wp\/v2\/product\/75310","targetHints":{"allow":["GET"]}}],"collection":[{"href":"https:\/\/www.specialspex.com\/de\/wp-json\/wp\/v2\/product"}],"about":[{"href":"https:\/\/www.specialspex.com\/de\/wp-json\/wp\/v2\/types\/product"}],"wp:featuredmedia":[{"embeddable":true,"href":"https:\/\/www.specialspex.com\/de\/wp-json\/wp\/v2\/media\/61993"}],"wp:attachment":[{"href":"https:\/\/www.specialspex.com\/de\/wp-json\/wp\/v2\/media?parent=75310"}],"wp:term":[{"taxonomy":"product_brand","embeddable":true,"href":"https:\/\/www.specialspex.com\/de\/wp-json\/wp\/v2\/product_brand?post=75310"},{"taxonomy":"product_cat","embeddable":true,"href":"https:\/\/www.specialspex.com\/de\/wp-json\/wp\/v2\/product_cat?post=75310"},{"taxonomy":"product_tag","embeddable":true,"href":"https:\/\/www.specialspex.com\/de\/wp-json\/wp\/v2\/product_tag?post=75310"}],"curies":[{"name":"wp","href":"https:\/\/api.w.org\/{rel}","templated":true}]}}