{"id":75338,"date":"2025-11-25T11:21:33","date_gmt":"2025-11-25T10:21:33","guid":{"rendered":"https:\/\/specialspex.com\/product\/b810-medium\/"},"modified":"2026-04-18T12:08:58","modified_gmt":"2026-04-18T10:08:58","slug":"b810-medium","status":"publish","type":"product","link":"https:\/\/www.specialspex.com\/de\/sicherheit\/bolle-safety-b810-medium\/","title":{"rendered":"B810 Medium"},"content":{"rendered":"<p data-start=\"97\" data-end=\"392\">Diese Boll\u00e9 Schutzbrille kombiniert ein effektives und diskretes Design mit maximalem Schutz. Das Modell ist die kleinere Version der B810 Wide und hat integrierte Seitenschilde, die vor fliegenden Partikeln, Fl\u00fcssigkeiten und Staub sch\u00fctzen. Sie ist standardm\u00e4\u00dfig EN-166-zertifiziert.  <\/p>\n<p data-start=\"394\" data-end=\"673\" data-is-last-node=\"\" data-is-only-node=\"\">- EN-166 zertifizierter Schutz<br data-start=\"430\" data-end=\"433\">- Integrierte Seitenabdeckungen f\u00fcr zus\u00e4tzliche Sicherheit<br data-start=\"480\" data-end=\"483\">- Kompaktes Modell, kleinere Version des B810 Wide<br data-start=\"530\" data-end=\"533\">- Kann mit Korrekturgl\u00e4sern in deiner bevorzugten Farbe oder mit T\u00f6nung hergestellt werden<br data-start=\"587\" data-end=\"590\">- Vollst\u00e4ndig anpassbare Gl\u00e4ser<br data-start=\"634\" data-end=\"637\">- Standardm\u00e4\u00dfig klare Gl\u00e4ser enthalten<\/p>\n","protected":false},"excerpt":{"rendered":"<p data-start=\"97\" data-end=\"392\">Diese Boll\u00e9 Schutzbrille kombiniert ein effektives und diskretes Design mit maximalem Schutz. Das Modell ist die kleinere Version der B810 Wide und hat integrierte Seitenschilde, die vor fliegenden Partikeln, Fl\u00fcssigkeiten und Staub sch\u00fctzen. Sie ist standardm\u00e4\u00dfig EN-166-zertifiziert.  <\/p>\n<p data-start=\"394\" data-end=\"673\" data-is-last-node=\"\" data-is-only-node=\"\">- EN-166 zertifizierter Schutz<br data-start=\"430\" data-end=\"433\">- Integrierte Seitenabdeckungen f\u00fcr zus\u00e4tzliche Sicherheit<br data-start=\"480\" data-end=\"483\">- Kompaktes Modell, kleinere Version des B810 Wide<br data-start=\"530\" data-end=\"533\">- Kann mit Korrekturgl\u00e4sern in deiner bevorzugten Farbe oder mit T\u00f6nung hergestellt werden<br data-start=\"587\" data-end=\"590\">- Vollst\u00e4ndig anpassbare Gl\u00e4ser<br data-start=\"634\" data-end=\"637\">- Standardm\u00e4\u00dfig klare Gl\u00e4ser enthalten<\/p>\n","protected":false},"featured_media":61990,"template":"","meta":[],"product_brand":[786],"product_cat":[628],"product_tag":[],"class_list":{"0":"post-75338","1":"product","2":"type-product","3":"status-publish","4":"has-post-thumbnail","6":"product_brand-bolle-safety","7":"product_cat-sicherheit","8":"pa_geschikt-voor-frauen","9":"pa_geschikt-voor-manner","10":"pa_kleur-montuur-grau","11":"pa_maat-montuur-klein","12":"pa_maat-montuur-medium","13":"pa_soort-bril-op-sterkte-geeignet-fuer-hohe-staerken","14":"pa_soort-bril-op-sterkte-mit-sehstaerke","16":"first","17":"instock","18":"shipping-taxable","19":"purchasable","20":"product-type-simple"},"_links":{"self":[{"href":"https:\/\/www.specialspex.com\/de\/wp-json\/wp\/v2\/product\/75338","targetHints":{"allow":["GET"]}}],"collection":[{"href":"https:\/\/www.specialspex.com\/de\/wp-json\/wp\/v2\/product"}],"about":[{"href":"https:\/\/www.specialspex.com\/de\/wp-json\/wp\/v2\/types\/product"}],"wp:featuredmedia":[{"embeddable":true,"href":"https:\/\/www.specialspex.com\/de\/wp-json\/wp\/v2\/media\/61990"}],"wp:attachment":[{"href":"https:\/\/www.specialspex.com\/de\/wp-json\/wp\/v2\/media?parent=75338"}],"wp:term":[{"taxonomy":"product_brand","embeddable":true,"href":"https:\/\/www.specialspex.com\/de\/wp-json\/wp\/v2\/product_brand?post=75338"},{"taxonomy":"product_cat","embeddable":true,"href":"https:\/\/www.specialspex.com\/de\/wp-json\/wp\/v2\/product_cat?post=75338"},{"taxonomy":"product_tag","embeddable":true,"href":"https:\/\/www.specialspex.com\/de\/wp-json\/wp\/v2\/product_tag?post=75338"}],"curies":[{"name":"wp","href":"https:\/\/api.w.org\/{rel}","templated":true}]}}