{"id":75363,"date":"2025-12-04T11:28:41","date_gmt":"2025-12-04T10:28:41","guid":{"rendered":"https:\/\/specialspex.com\/product\/paros\/"},"modified":"2025-12-04T11:28:41","modified_gmt":"2025-12-04T10:28:41","slug":"paros","status":"publish","type":"product","link":"https:\/\/www.specialspex.com\/de\/sportbrille\/ocean-paros\/","title":{"rendered":"Paros"},"content":{"rendered":"<p data-start=\"140\" data-end=\"575\">Die Ocean Paros ist eine komfortable und vielseitige Wassersportbrille, die f\u00fcr Schutz und Stabilit\u00e4t beim Segeln, Suppen, Kajakfahren und anderen Outdoor-Aktivit\u00e4ten auf dem Wasser entwickelt wurde. Dank des leichten Designs und der ergonomischen Passform bleibt die Brille sicher an ihrem Platz, auch wenn du dich bewegst oder die Wetterbedingungen wechseln. Die Wrap-Around-Form bietet zus\u00e4tzlichen Schutz vor Sonne, Wind und Blendung von der Wasseroberfl\u00e4che.  <\/p>\n<p data-start=\"577\" data-end=\"725\">Dank des robusten Rahmens und der hochwertigen Gl\u00e4ser eignet sich die Paros f\u00fcr Freizeitkapit\u00e4ne, die Komfort, Stil und Funktion miteinander verbinden wollen.<\/p>\n<p data-start=\"727\" data-end=\"1195\">- Leichtes und strapazierf\u00e4higes Design f\u00fcr den bequemen t\u00e4glichen Gebrauch auf dem Wasser<br data-start=\"809\" data-end=\"812\">- Wrap-around-Form f\u00fcr weitreichenden Schutz vor Sonne, Wind und Reflexionen<br data-start=\"883\" data-end=\"886\">- Rutschfester Sitz, der auch bei N\u00e4sse stabil bleibt<br data-start=\"948\" data-end=\"951\">- Ideal zum Segeln, Suppen, Kajakfahren, Windsurfen und f\u00fcr Outdoor-Aktivit\u00e4ten<br data-start=\"1024\" data-end=\"1027\">- Erh\u00e4ltlich mit Gl\u00e4sern, die die Blendung auf dem Wasser reduzieren<br data-start=\"1093\" data-end=\"1096\">- Kann mit hochwertigen Specialspex-Gl\u00e4sern erworben werden<br data-start=\"1155\" data-end=\"1158\">- Inklusive Schutzh\u00fclle<\/p>\n","protected":false},"excerpt":{"rendered":"<p data-start=\"140\" data-end=\"575\">Die Ocean Paros ist eine komfortable und vielseitige Wassersportbrille, die f\u00fcr Schutz und Stabilit\u00e4t beim Segeln, Suppen, Kajakfahren und anderen Outdoor-Aktivit\u00e4ten auf dem Wasser entwickelt wurde. Dank des leichten Designs und der ergonomischen Passform bleibt die Brille sicher an ihrem Platz, auch wenn du dich bewegst oder die Wetterbedingungen wechseln. Die Wrap-Around-Form bietet zus\u00e4tzlichen Schutz vor Sonne, Wind und Blendung von der Wasseroberfl\u00e4che.  <\/p>\n<p data-start=\"577\" data-end=\"725\">Dank des robusten Rahmens und der hochwertigen Gl\u00e4ser eignet sich die Paros f\u00fcr Freizeitkapit\u00e4ne, die Komfort, Stil und Funktion miteinander verbinden wollen.<\/p>\n<p data-start=\"727\" data-end=\"1195\">- Leichtes und strapazierf\u00e4higes Design f\u00fcr den bequemen t\u00e4glichen Gebrauch auf dem Wasser<br data-start=\"809\" data-end=\"812\">- Wrap-around-Form f\u00fcr weitreichenden Schutz vor Sonne, Wind und Reflexionen<br data-start=\"883\" data-end=\"886\">- Rutschfester Sitz, der auch bei N\u00e4sse stabil bleibt<br data-start=\"948\" data-end=\"951\">- Ideal zum Segeln, Suppen, Kajakfahren, Windsurfen und f\u00fcr Outdoor-Aktivit\u00e4ten<br data-start=\"1024\" data-end=\"1027\">- Erh\u00e4ltlich mit Gl\u00e4sern, die die Blendung auf dem Wasser reduzieren<br data-start=\"1093\" data-end=\"1096\">- Kann mit hochwertigen Specialspex-Gl\u00e4sern erworben werden<br data-start=\"1155\" data-end=\"1158\">- Inklusive Schutzh\u00fclle<\/p>\n","protected":false},"featured_media":72076,"template":"","meta":[],"product_brand":[816],"product_cat":[688,584,687],"product_tag":[],"class_list":{"0":"post-75363","1":"product","2":"type-product","3":"status-publish","4":"has-post-thumbnail","6":"product_brand-ocean","7":"product_cat-wassersport","8":"product_cat-sportbrille","9":"product_cat-surfen-kite-surfen","10":"pa_geschikt-voor-frauen","11":"pa_geschikt-voor-manner","12":"pa_kleur-montuur-schwarz-2","13":"pa_kleur-montuur-schwarz","14":"pa_kleur-montuur-weiss","15":"pa_kleur-montuur-weiss-3","16":"pa_maat-montuur-extra-gros","17":"pa_maat-montuur-gross","18":"pa_soort-bril-op-sterkte-mit-sehstaerke","19":"pa_soort-bril-op-sterkte-ohne-sehstaerke","21":"first","22":"instock","23":"shipping-taxable","24":"purchasable","25":"product-type-variable"},"_links":{"self":[{"href":"https:\/\/www.specialspex.com\/de\/wp-json\/wp\/v2\/product\/75363","targetHints":{"allow":["GET"]}}],"collection":[{"href":"https:\/\/www.specialspex.com\/de\/wp-json\/wp\/v2\/product"}],"about":[{"href":"https:\/\/www.specialspex.com\/de\/wp-json\/wp\/v2\/types\/product"}],"wp:featuredmedia":[{"embeddable":true,"href":"https:\/\/www.specialspex.com\/de\/wp-json\/wp\/v2\/media\/72076"}],"wp:attachment":[{"href":"https:\/\/www.specialspex.com\/de\/wp-json\/wp\/v2\/media?parent=75363"}],"wp:term":[{"taxonomy":"product_brand","embeddable":true,"href":"https:\/\/www.specialspex.com\/de\/wp-json\/wp\/v2\/product_brand?post=75363"},{"taxonomy":"product_cat","embeddable":true,"href":"https:\/\/www.specialspex.com\/de\/wp-json\/wp\/v2\/product_cat?post=75363"},{"taxonomy":"product_tag","embeddable":true,"href":"https:\/\/www.specialspex.com\/de\/wp-json\/wp\/v2\/product_tag?post=75363"}],"curies":[{"name":"wp","href":"https:\/\/api.w.org\/{rel}","templated":true}]}}