{"id":75371,"date":"2025-12-04T11:06:58","date_gmt":"2025-12-04T10:06:58","guid":{"rendered":"https:\/\/specialspex.com\/product\/razor-edge\/"},"modified":"2026-04-18T12:07:56","modified_gmt":"2026-04-18T10:07:56","slug":"razor-edge","status":"publish","type":"product","link":"https:\/\/www.specialspex.com\/de\/sportbrille\/wintersport\/ski-und-snowboardbrillen\/julbo-razor-edge\/","title":{"rendered":"Razor Edge"},"content":{"rendered":"<p data-start=\"146\" data-end=\"558\">Die Julbo Razor Edge Skibrille wurde f\u00fcr pr\u00e4zise und stylische Performance im Backcountry entwickelt. Der rahmenlose Rahmen sitzt bequem, die verstellbaren B\u00e4nder sorgen f\u00fcr einen perfekten Sitz und die \u00fcbergro\u00dfe zylindrische Scheibe bietet maximale periphere Sicht. Die REACTIV-Gl\u00e4ser passen sich an alle Wetter- und Lichtverh\u00e4ltnisse an, w\u00e4hrend das breite Silikonband die Brille sicher am Helm h\u00e4lt.  <\/p>\n<p data-start=\"560\" data-end=\"865\" data-is-last-node=\"\" data-is-only-node=\"\">- Rahmenloser und komfortabler Rahmen<br data-start=\"594\" data-end=\"597\">- \u00dcbergro\u00dfe zylindrische Linse f\u00fcr maximales Sichtfeld<br data-start=\"653\" data-end=\"656\">- REACTIV-Linsen f\u00fcr alle Lichtverh\u00e4ltnisse<br data-start=\"715\" data-end=\"718\">- Verstellbare Riemen und breites Silikon-Helmband<br data-start=\"768\" data-end=\"771\">- Geeignet f\u00fcr Backcountry-Skiing und Snowboarding<br data-start=\"819\" data-end=\"822\">- Optimale Passform f\u00fcr alle Gesichtsformen<\/p>\n","protected":false},"excerpt":{"rendered":"<p data-start=\"146\" data-end=\"558\">Die Julbo Razor Edge Skibrille wurde f\u00fcr pr\u00e4zise und stylische Performance im Backcountry entwickelt. Der rahmenlose Rahmen sitzt bequem, die verstellbaren B\u00e4nder sorgen f\u00fcr einen perfekten Sitz und die \u00fcbergro\u00dfe zylindrische Scheibe bietet maximale periphere Sicht. Die REACTIV-Gl\u00e4ser passen sich an alle Wetter- und Lichtverh\u00e4ltnisse an, w\u00e4hrend das breite Silikonband die Brille sicher am Helm h\u00e4lt.  <\/p>\n<p data-start=\"560\" data-end=\"865\" data-is-last-node=\"\" data-is-only-node=\"\">- Rahmenloser und komfortabler Rahmen<br data-start=\"594\" data-end=\"597\">- \u00dcbergro\u00dfe zylindrische Linse f\u00fcr maximales Sichtfeld<br data-start=\"653\" data-end=\"656\">- REACTIV-Linsen f\u00fcr alle Lichtverh\u00e4ltnisse<br data-start=\"715\" data-end=\"718\">- Verstellbare Riemen und breites Silikon-Helmband<br data-start=\"768\" data-end=\"771\">- Geeignet f\u00fcr Backcountry-Skiing und Snowboarding<br data-start=\"819\" data-end=\"822\">- Optimale Passform f\u00fcr alle Gesichtsformen<\/p>\n","protected":false},"featured_media":61651,"template":"","meta":[],"product_brand":[790],"product_cat":[700,698],"product_tag":[],"class_list":{"0":"post-75371","1":"product","2":"type-product","3":"status-publish","4":"has-post-thumbnail","6":"product_brand-julbo","7":"product_cat-wintersport","8":"product_cat-ski-und-snowboardbrillen","9":"pa_geschikt-voor-frauen","10":"pa_geschikt-voor-manner","11":"pa_kleur-montuur-grun","12":"pa_kleur-montuur-schwarz","13":"pa_maat-montuur-gross","14":"pa_maat-montuur-medium","15":"pa_soort-bril-op-sterkte-ohne-sehstaerke","16":"pa_soort-bril-op-sterkte-with-prescription-insert","18":"first","19":"instock","20":"shipping-taxable","21":"purchasable","22":"product-type-variable"},"_links":{"self":[{"href":"https:\/\/www.specialspex.com\/de\/wp-json\/wp\/v2\/product\/75371","targetHints":{"allow":["GET"]}}],"collection":[{"href":"https:\/\/www.specialspex.com\/de\/wp-json\/wp\/v2\/product"}],"about":[{"href":"https:\/\/www.specialspex.com\/de\/wp-json\/wp\/v2\/types\/product"}],"wp:featuredmedia":[{"embeddable":true,"href":"https:\/\/www.specialspex.com\/de\/wp-json\/wp\/v2\/media\/61651"}],"wp:attachment":[{"href":"https:\/\/www.specialspex.com\/de\/wp-json\/wp\/v2\/media?parent=75371"}],"wp:term":[{"taxonomy":"product_brand","embeddable":true,"href":"https:\/\/www.specialspex.com\/de\/wp-json\/wp\/v2\/product_brand?post=75371"},{"taxonomy":"product_cat","embeddable":true,"href":"https:\/\/www.specialspex.com\/de\/wp-json\/wp\/v2\/product_cat?post=75371"},{"taxonomy":"product_tag","embeddable":true,"href":"https:\/\/www.specialspex.com\/de\/wp-json\/wp\/v2\/product_tag?post=75371"}],"curies":[{"name":"wp","href":"https:\/\/api.w.org\/{rel}","templated":true}]}}