{"id":75375,"date":"2025-12-04T11:15:59","date_gmt":"2025-12-04T10:15:59","guid":{"rendered":"https:\/\/specialspex.com\/product\/shadow\/"},"modified":"2026-04-18T12:07:55","modified_gmt":"2026-04-18T10:07:55","slug":"shadow","status":"publish","type":"product","link":"https:\/\/www.specialspex.com\/de\/sportbrille\/wintersport\/ski-und-snowboardbrillen\/julbo-shadow\/","title":{"rendered":"Shadow"},"content":{"rendered":"<p data-start=\"133\" data-end=\"439\">Die Shadow bietet ein breites Sichtfeld f\u00fcr schmale bis mittelgro\u00dfe Gesichter, kombiniert mit erstklassigem Komfort und einem federleichten Gewicht von 110 g. Das rahmenlose Design und die sph\u00e4rischen Gl\u00e4ser passen perfekt unter einen Helm, w\u00e4hrend die REACTIV und SPECTRON Gl\u00e4ser f\u00fcr optimale Sicht auf jeder Piste sorgen. <\/p>\n<p data-start=\"441\" data-end=\"739\" data-is-last-node=\"\" data-is-only-node=\"\">- Gro\u00dfes Sichtfeld f\u00fcr schmale und mittelgro\u00dfe Gesichter<br data-start=\"498\" data-end=\"501\">- Leichter Rahmen von 110 Gramm<br data-start=\"536\" data-end=\"539\">- Rahmenloses Design mit sph\u00e4rischer Linse<br data-start=\"576\" data-end=\"579\">- REACTIV- oder SPECTRON-Linsen f\u00fcr alle Lichtverh\u00e4ltnisse<br data-start=\"638\" data-end=\"641\">- Geeignet f\u00fcr die Verwendung mit Helm<br data-start=\"668\" data-end=\"671\">- Ideal f\u00fcr lange Skitouren, Pulverschnee und pr\u00e4parierte Pisten<\/p>\n","protected":false},"excerpt":{"rendered":"<p data-start=\"133\" data-end=\"439\">Die Shadow bietet ein breites Sichtfeld f\u00fcr schmale bis mittelgro\u00dfe Gesichter, kombiniert mit erstklassigem Komfort und einem federleichten Gewicht von 110 g. Das rahmenlose Design und die sph\u00e4rischen Gl\u00e4ser passen perfekt unter einen Helm, w\u00e4hrend die REACTIV und SPECTRON Gl\u00e4ser f\u00fcr optimale Sicht auf jeder Piste sorgen. <\/p>\n<p data-start=\"441\" data-end=\"739\" data-is-last-node=\"\" data-is-only-node=\"\">- Gro\u00dfes Sichtfeld f\u00fcr schmale und mittelgro\u00dfe Gesichter<br data-start=\"498\" data-end=\"501\">- Leichter Rahmen von 110 Gramm<br data-start=\"536\" data-end=\"539\">- Rahmenloses Design mit sph\u00e4rischer Linse<br data-start=\"576\" data-end=\"579\">- REACTIV- oder SPECTRON-Linsen f\u00fcr alle Lichtverh\u00e4ltnisse<br data-start=\"638\" data-end=\"641\">- Geeignet f\u00fcr die Verwendung mit Helm<br data-start=\"668\" data-end=\"671\">- Ideal f\u00fcr lange Skitouren, Pulverschnee und pr\u00e4parierte Pisten<\/p>\n","protected":false},"featured_media":72031,"template":"","meta":[],"product_brand":[790],"product_cat":[700,698],"product_tag":[],"class_list":{"0":"post-75375","1":"product","2":"type-product","3":"status-publish","4":"has-post-thumbnail","6":"product_brand-julbo","7":"product_cat-wintersport","8":"product_cat-ski-und-snowboardbrillen","9":"pa_geschikt-voor-frauen","10":"pa_geschikt-voor-manner","11":"pa_kleur-montuur-schwarz","12":"pa_kleur-montuur-schwarz-3","13":"pa_kleur-montuur-schwarz-2","14":"pa_maat-montuur-gross","15":"pa_maat-montuur-medium","16":"pa_soort-bril-op-sterkte-ohne-sehstaerke","17":"pa_soort-bril-op-sterkte-with-prescription-insert","19":"first","20":"instock","21":"shipping-taxable","22":"purchasable","23":"product-type-variable"},"_links":{"self":[{"href":"https:\/\/www.specialspex.com\/de\/wp-json\/wp\/v2\/product\/75375","targetHints":{"allow":["GET"]}}],"collection":[{"href":"https:\/\/www.specialspex.com\/de\/wp-json\/wp\/v2\/product"}],"about":[{"href":"https:\/\/www.specialspex.com\/de\/wp-json\/wp\/v2\/types\/product"}],"wp:featuredmedia":[{"embeddable":true,"href":"https:\/\/www.specialspex.com\/de\/wp-json\/wp\/v2\/media\/72031"}],"wp:attachment":[{"href":"https:\/\/www.specialspex.com\/de\/wp-json\/wp\/v2\/media?parent=75375"}],"wp:term":[{"taxonomy":"product_brand","embeddable":true,"href":"https:\/\/www.specialspex.com\/de\/wp-json\/wp\/v2\/product_brand?post=75375"},{"taxonomy":"product_cat","embeddable":true,"href":"https:\/\/www.specialspex.com\/de\/wp-json\/wp\/v2\/product_cat?post=75375"},{"taxonomy":"product_tag","embeddable":true,"href":"https:\/\/www.specialspex.com\/de\/wp-json\/wp\/v2\/product_tag?post=75375"}],"curies":[{"name":"wp","href":"https:\/\/api.w.org\/{rel}","templated":true}]}}