{"id":75394,"date":"2025-12-03T11:39:05","date_gmt":"2025-12-03T10:39:05","guid":{"rendered":"https:\/\/specialspex.com\/product\/kingpin\/"},"modified":"2025-12-03T11:39:05","modified_gmt":"2025-12-03T10:39:05","slug":"kingpin","status":"publish","type":"product","link":"https:\/\/www.specialspex.com\/de\/sportbrille\/schiessbrille\/airsoft\/wiley-x-kingpin\/","title":{"rendered":"Kingpin"},"content":{"rendered":"<p>Die WX KINGPIN hat einen schlanken, traditionellen Stil und einen leichten Performance-Rahmen, der f\u00fcr jede Aktivit\u00e4t bereit ist. Die Passform sorgt daf\u00fcr, dass deine Sonnenbrille an Ort und Stelle bleibt und du sie leicht unter einem Helm auf- und absetzen kannst. Der Nasensteg und die stromlinienf\u00f6rmigen B\u00fcgel der WX KINGPIN sorgen f\u00fcr Komfort.  <\/p>\n<p>Diese Brillen k\u00f6nnen mit speziell gew\u00f6lbten Gl\u00e4sern in der von dir gew\u00e4hlten Farbt\u00f6nung oder sogar mit selbstt\u00f6nenden Gl\u00e4sern nach deiner Verordnung angefertigt werden.<\/p>\n","protected":false},"excerpt":{"rendered":"<p>Die WX KINGPIN hat einen schlanken, traditionellen Stil und einen leichten Performance-Rahmen, der f\u00fcr jede Aktivit\u00e4t bereit ist. Die Passform sorgt daf\u00fcr, dass deine Sonnenbrille an Ort und Stelle bleibt und du sie leicht unter einem Helm auf- und absetzen kannst. Der Nasensteg und die stromlinienf\u00f6rmigen B\u00fcgel der WX KINGPIN sorgen f\u00fcr Komfort.  <\/p>\n<p>Diese Brillen k\u00f6nnen mit speziell gew\u00f6lbten Gl\u00e4sern in der von dir gew\u00e4hlten Farbt\u00f6nung oder sogar mit selbstt\u00f6nenden Gl\u00e4sern nach deiner Verordnung angefertigt werden.<\/p>\n","protected":false},"featured_media":70880,"template":"","meta":[],"product_brand":[793],"product_cat":[659,710,660,712,711,663,666],"product_tag":[],"class_list":{"0":"post-75394","1":"product","2":"type-product","3":"status-publish","4":"has-post-thumbnail","6":"product_brand-wiley-x","7":"product_cat-motorradbrille","8":"product_cat-airsoft","9":"product_cat-golfbrille","10":"product_cat-jagen","11":"product_cat-pistolenschiessen","12":"product_cat-segeln","13":"product_cat-tourenmotorrad","14":"pa_geschikt-voor-frauen","15":"pa_geschikt-voor-manner","16":"pa_kleur-montuur-grau","17":"pa_kleur-montuur-grau-2","18":"pa_kleur-montuur-schwarz-2","19":"pa_kleur-montuur-schwarz","20":"pa_kleur-montuur-schwarz-3","21":"pa_maat-montuur-gross","22":"pa_maat-montuur-medium","23":"pa_soort-bril-op-sterkte-mit-sehstaerke","24":"pa_soort-bril-op-sterkte-ohne-sehstaerke","26":"first","27":"instock","28":"sale","29":"shipping-taxable","30":"purchasable","31":"product-type-variable"},"_links":{"self":[{"href":"https:\/\/www.specialspex.com\/de\/wp-json\/wp\/v2\/product\/75394","targetHints":{"allow":["GET"]}}],"collection":[{"href":"https:\/\/www.specialspex.com\/de\/wp-json\/wp\/v2\/product"}],"about":[{"href":"https:\/\/www.specialspex.com\/de\/wp-json\/wp\/v2\/types\/product"}],"wp:featuredmedia":[{"embeddable":true,"href":"https:\/\/www.specialspex.com\/de\/wp-json\/wp\/v2\/media\/70880"}],"wp:attachment":[{"href":"https:\/\/www.specialspex.com\/de\/wp-json\/wp\/v2\/media?parent=75394"}],"wp:term":[{"taxonomy":"product_brand","embeddable":true,"href":"https:\/\/www.specialspex.com\/de\/wp-json\/wp\/v2\/product_brand?post=75394"},{"taxonomy":"product_cat","embeddable":true,"href":"https:\/\/www.specialspex.com\/de\/wp-json\/wp\/v2\/product_cat?post=75394"},{"taxonomy":"product_tag","embeddable":true,"href":"https:\/\/www.specialspex.com\/de\/wp-json\/wp\/v2\/product_tag?post=75394"}],"curies":[{"name":"wp","href":"https:\/\/api.w.org\/{rel}","templated":true}]}}