{"id":75405,"date":"2025-12-03T12:34:48","date_gmt":"2025-12-03T11:34:48","guid":{"rendered":"https:\/\/specialspex.com\/product\/sutro-lite-sweep\/"},"modified":"2025-12-03T12:34:48","modified_gmt":"2025-12-03T11:34:48","slug":"sutro-lite-sweep","status":"publish","type":"product","link":"https:\/\/www.specialspex.com\/de\/sportbrille\/golfbrille\/oakley-sutro-lite-sweep\/","title":{"rendered":"Sutro Lite Sweep"},"content":{"rendered":"<p data-start=\"217\" data-end=\"598\">Die Oakley Sutro Lite Sweep kombiniert das kultige, aggressive Scheibenprofil der Sutro Sweep mit einer leichten, halbrahmenlosen Konstruktion. Das gro\u00dfe Scheibendesign bietet ein weites und klares Sichtfeld, ideal zum Radfahren, Laufen und f\u00fcr intensive Outdoor-Sportarten. Die offene Unterseite sorgt daf\u00fcr, dass die Brille gut bel\u00fcftet ist und bei starker Anstrengung nicht beschl\u00e4gt.  <\/p>\n<p data-start=\"600\" data-end=\"865\">Der robuste O Matter-Rahmen ist leicht und bequem, w\u00e4hrend die Unobtainium-Nasenpads und -Ohrst\u00f6psel f\u00fcr einen stabilen Halt sorgen, auch wenn du schwitzt. Die Sutro Lite Sweep bietet zuverl\u00e4ssige Leistung in Kombination mit einem auffallend sportlichen Look. <\/p>\n<p data-start=\"867\" data-end=\"1335\">- Sweep-Glasform f\u00fcr einen dynamischen Look und zus\u00e4tzlichen Schutz unter der Felge<br data-start=\"939\" data-end=\"942\">- Halbrahmenloses Design f\u00fcr leichten Komfort und bessere Bel\u00fcftung<br data-start=\"1013\" data-end=\"1016\">- Leichter und strapazierf\u00e4higer O Matter-Rahmen<br data-start=\"1059\" data-end=\"1062\">- Unobtainium-Nasenpads und -Ohrst\u00f6psel f\u00fcr festen Halt beim Schwitzen<br data-start=\"1130\" data-end=\"1133\">- Ideal f\u00fcr Radfahren, Laufen und intensive Outdoor-Sportarten<br data-start=\"1193\" data-end=\"1196\">- Erh\u00e4ltlich mit Prizm-Gl\u00e4sern f\u00fcr besseren Kontrast und mehr Details<br data-start=\"1262\" data-end=\"1265\">- Nicht mit verschreibungspflichtigen Gl\u00e4sern erh\u00e4ltlich<br data-start=\"1295\" data-end=\"1298\">- Aufbewahrungsetui enthalten<\/p>\n","protected":false},"excerpt":{"rendered":"<p data-start=\"217\" data-end=\"598\">Die Oakley Sutro Lite Sweep kombiniert das kultige, aggressive Scheibenprofil der Sutro Sweep mit einer leichten, halbrahmenlosen Konstruktion. Das gro\u00dfe Scheibendesign bietet ein weites und klares Sichtfeld, ideal zum Radfahren, Laufen und f\u00fcr intensive Outdoor-Sportarten. Die offene Unterseite sorgt daf\u00fcr, dass die Brille gut bel\u00fcftet ist und bei starker Anstrengung nicht beschl\u00e4gt.  <\/p>\n<p data-start=\"600\" data-end=\"865\">Der robuste O Matter-Rahmen ist leicht und bequem, w\u00e4hrend die Unobtainium-Nasenpads und -Ohrst\u00f6psel f\u00fcr einen stabilen Halt sorgen, auch wenn du schwitzt. Die Sutro Lite Sweep bietet zuverl\u00e4ssige Leistung in Kombination mit einem auffallend sportlichen Look. <\/p>\n<p data-start=\"867\" data-end=\"1335\">- Sweep-Glasform f\u00fcr einen dynamischen Look und zus\u00e4tzlichen Schutz unter der Felge<br data-start=\"939\" data-end=\"942\">- Halbrahmenloses Design f\u00fcr leichten Komfort und bessere Bel\u00fcftung<br data-start=\"1013\" data-end=\"1016\">- Leichter und strapazierf\u00e4higer O Matter-Rahmen<br data-start=\"1059\" data-end=\"1062\">- Unobtainium-Nasenpads und -Ohrst\u00f6psel f\u00fcr festen Halt beim Schwitzen<br data-start=\"1130\" data-end=\"1133\">- Ideal f\u00fcr Radfahren, Laufen und intensive Outdoor-Sportarten<br data-start=\"1193\" data-end=\"1196\">- Erh\u00e4ltlich mit Prizm-Gl\u00e4sern f\u00fcr besseren Kontrast und mehr Details<br data-start=\"1262\" data-end=\"1265\">- Nicht mit verschreibungspflichtigen Gl\u00e4sern erh\u00e4ltlich<br data-start=\"1295\" data-end=\"1298\">- Aufbewahrungsetui enthalten<\/p>\n","protected":false},"featured_media":71001,"template":"","meta":[],"product_brand":[806],"product_cat":[584,660,639,560,638,561,559,662],"product_tag":[],"class_list":{"0":"post-75405","1":"product","2":"type-product","3":"status-publish","4":"has-post-thumbnail","6":"product_brand-oakley","7":"product_cat-sportbrille","8":"product_cat-golfbrille","9":"product_cat-gravelbiker-radfahren","10":"product_cat-laufen","11":"product_cat-mountainbiking","12":"product_cat-radfahren","13":"product_cat-radfahrerbrille","14":"product_cat-trailrunning","15":"pa_geschikt-voor-frauen","16":"pa_geschikt-voor-manner","17":"pa_kleur-montuur-blau","18":"pa_kleur-montuur-gelb","19":"pa_kleur-montuur-schwarz","20":"pa_kleur-montuur-schwarz-2","21":"pa_kleur-montuur-schwarz-3","22":"pa_kleur-montuur-weiss-3","23":"pa_kleur-montuur-weiss","24":"pa_maat-montuur-gross","25":"pa_soort-bril-op-sterkte-ohne-sehstaerke","27":"first","28":"instock","29":"sale","30":"shipping-taxable","31":"purchasable","32":"product-type-variable"},"_links":{"self":[{"href":"https:\/\/www.specialspex.com\/de\/wp-json\/wp\/v2\/product\/75405","targetHints":{"allow":["GET"]}}],"collection":[{"href":"https:\/\/www.specialspex.com\/de\/wp-json\/wp\/v2\/product"}],"about":[{"href":"https:\/\/www.specialspex.com\/de\/wp-json\/wp\/v2\/types\/product"}],"wp:featuredmedia":[{"embeddable":true,"href":"https:\/\/www.specialspex.com\/de\/wp-json\/wp\/v2\/media\/71001"}],"wp:attachment":[{"href":"https:\/\/www.specialspex.com\/de\/wp-json\/wp\/v2\/media?parent=75405"}],"wp:term":[{"taxonomy":"product_brand","embeddable":true,"href":"https:\/\/www.specialspex.com\/de\/wp-json\/wp\/v2\/product_brand?post=75405"},{"taxonomy":"product_cat","embeddable":true,"href":"https:\/\/www.specialspex.com\/de\/wp-json\/wp\/v2\/product_cat?post=75405"},{"taxonomy":"product_tag","embeddable":true,"href":"https:\/\/www.specialspex.com\/de\/wp-json\/wp\/v2\/product_tag?post=75405"}],"curies":[{"name":"wp","href":"https:\/\/api.w.org\/{rel}","templated":true}]}}