{"id":75420,"date":"2025-12-03T11:07:12","date_gmt":"2025-12-03T10:07:12","guid":{"rendered":"https:\/\/specialspex.com\/product\/montebianco-2\/"},"modified":"2025-12-03T11:07:12","modified_gmt":"2025-12-03T10:07:12","slug":"montebianco-2","status":"publish","type":"product","link":"https:\/\/www.specialspex.com\/de\/sportbrille\/bergsteigerbrille\/julbo-montebianco-2\/","title":{"rendered":"Montebianco 2"},"content":{"rendered":"<p data-start=\"64\" data-end=\"347\">Der Julbo MONTEBIANCO 2 ist der perfekte Begleiter f\u00fcr die Erkundung von Berglandschaften. Sein modernes, sportliches Design, die Grip Tech-Beine und die rutschfeste Zehenkappe sorgen f\u00fcr Komfort und Stabilit\u00e4t, w\u00e4hrend die abnehmbaren Seitenkappen zus\u00e4tzlichen Schutz bei schwierigen Bedingungen bieten. <\/p>\n<p data-start=\"349\" data-end=\"629\"><br data-start=\"376\" data-end=\"379\">- Modernes, sportliches Design f\u00fcr den Bergsport<br data-start=\"422\" data-end=\"425\">- Grip Tech Beine und rutschfeste Zehenkappe f\u00fcr optimale Passform<br data-start=\"480\" data-end=\"483\">- Abnehmbare Seitenabdeckungen f\u00fcr zus\u00e4tzlichen Schutz<br data-start=\"531\" data-end=\"534\">- Komfortabel und stabil f\u00fcr l\u00e4ngeren Gebrauch<br data-start=\"580\" data-end=\"583\">- Ideal f\u00fcr Bergsteigen und alpine Abenteuer<\/p>\n","protected":false},"excerpt":{"rendered":"<p data-start=\"64\" data-end=\"347\">Der Julbo MONTEBIANCO 2 ist der perfekte Begleiter f\u00fcr die Erkundung von Berglandschaften. Das moderne, sportliche Design, die Grip Tech-Beine und das rutschfeste Zehenst\u00fcck sorgen f\u00fcr Komfort und Stabilit\u00e4t, w\u00e4hrend die abnehmbaren Seitenteile zus\u00e4tzlichen Schutz bei schwierigen Bedingungen bieten. <\/p>\n<p data-start=\"349\" data-end=\"629\"><br data-start=\"376\" data-end=\"379\">- Modernes, sportliches Design f\u00fcr den Bergsport<br data-start=\"422\" data-end=\"425\">- Grip Tech Beine und rutschfeste Zehenkappe f\u00fcr optimale Passform<br data-start=\"480\" data-end=\"483\">- Abnehmbare Seitenabdeckungen f\u00fcr zus\u00e4tzlichen Schutz<br data-start=\"531\" data-end=\"534\">- Komfortabel und stabil f\u00fcr l\u00e4ngeren Gebrauch<br data-start=\"580\" data-end=\"583\">- Ideal f\u00fcr Bergsteigen und alpine Abenteuer<\/p>\n","protected":false},"featured_media":48070,"template":"","meta":[],"product_brand":[790],"product_cat":[658,699,661],"product_tag":[],"class_list":{"0":"post-75420","1":"product","2":"type-product","3":"status-publish","4":"has-post-thumbnail","6":"product_brand-julbo","7":"product_cat-bergsteigerbrille","8":"product_cat-gletscher","9":"product_cat-wandern","10":"pa_geschikt-voor-frauen","11":"pa_geschikt-voor-manner","12":"pa_kleur-montuur-blau","13":"pa_kleur-montuur-schwarz","14":"pa_maat-montuur-klein","15":"pa_maat-montuur-medium","16":"pa_soort-bril-op-sterkte-mit-sehstaerke","17":"pa_soort-bril-op-sterkte-ohne-sehstaerke","19":"first","20":"instock","21":"shipping-taxable","22":"purchasable","23":"product-type-variable"},"_links":{"self":[{"href":"https:\/\/www.specialspex.com\/de\/wp-json\/wp\/v2\/product\/75420","targetHints":{"allow":["GET"]}}],"collection":[{"href":"https:\/\/www.specialspex.com\/de\/wp-json\/wp\/v2\/product"}],"about":[{"href":"https:\/\/www.specialspex.com\/de\/wp-json\/wp\/v2\/types\/product"}],"wp:featuredmedia":[{"embeddable":true,"href":"https:\/\/www.specialspex.com\/de\/wp-json\/wp\/v2\/media\/48070"}],"wp:attachment":[{"href":"https:\/\/www.specialspex.com\/de\/wp-json\/wp\/v2\/media?parent=75420"}],"wp:term":[{"taxonomy":"product_brand","embeddable":true,"href":"https:\/\/www.specialspex.com\/de\/wp-json\/wp\/v2\/product_brand?post=75420"},{"taxonomy":"product_cat","embeddable":true,"href":"https:\/\/www.specialspex.com\/de\/wp-json\/wp\/v2\/product_cat?post=75420"},{"taxonomy":"product_tag","embeddable":true,"href":"https:\/\/www.specialspex.com\/de\/wp-json\/wp\/v2\/product_tag?post=75420"}],"curies":[{"name":"wp","href":"https:\/\/api.w.org\/{rel}","templated":true}]}}