{"id":75436,"date":"2025-12-03T10:51:12","date_gmt":"2025-12-03T09:51:12","guid":{"rendered":"https:\/\/specialspex.com\/product\/millenium\/"},"modified":"2026-04-18T12:08:08","modified_gmt":"2026-04-18T10:08:08","slug":"millenium","status":"publish","type":"product","link":"https:\/\/www.specialspex.com\/de\/sportbrille\/bergsteigerbrille\/julbo-millenium\/","title":{"rendered":"Millenium"},"content":{"rendered":"<p data-start=\"60\" data-end=\"329\">Die Julbo MILLENIUM ist f\u00fcr das Hochgebirge und extreme Bedingungen konzipiert. Der robuste Rahmen, die abnehmbaren Seitenkappen aus Leder und die bequemen, rutschfesten Brillenb\u00fcgel sorgen f\u00fcr zuverl\u00e4ssigen Schutz und Stabilit\u00e4t auch bei schwierigen Bedingungen. <\/p>\n<p data-start=\"331\" data-end=\"621\"><br data-start=\"358\" data-end=\"361\">- Robuster Rahmen f\u00fcr hohe Berge und extreme Bedingungen<br data-start=\"421\" data-end=\"424\">- Abnehmbare Seitenschilde aus Leder gegen grelles Sonnenlicht<br data-start=\"474\" data-end=\"477\">- D\u00fcnne, leichte Brillenb\u00fcgel f\u00fcr Komfort<br data-start=\"518\" data-end=\"521\">- Integrierte rutschfeste Pads f\u00fcr optimalen Halt<br data-start=\"569\" data-end=\"572\">- Ideal f\u00fcr Bergsteigen und alpine Aktivit\u00e4ten<\/p>\n","protected":false},"excerpt":{"rendered":"<p data-start=\"60\" data-end=\"329\">Die Julbo MILLENIUM ist f\u00fcr das Hochgebirge und extreme Bedingungen konzipiert. Der robuste Rahmen, die abnehmbaren Seitenkappen aus Leder und die bequemen, rutschfesten Brillenb\u00fcgel sorgen f\u00fcr zuverl\u00e4ssigen Schutz und Stabilit\u00e4t auch bei schwierigen Bedingungen. <\/p>\n<p data-start=\"331\" data-end=\"621\"><br data-start=\"358\" data-end=\"361\">- Robuster Rahmen f\u00fcr hohe Berge und extreme Bedingungen<br data-start=\"421\" data-end=\"424\">- Abnehmbare Seitenschilde aus Leder gegen grelles Sonnenlicht<br data-start=\"474\" data-end=\"477\">- D\u00fcnne, leichte Brillenb\u00fcgel f\u00fcr Komfort<br data-start=\"518\" data-end=\"521\">- Integrierte rutschfeste Pads f\u00fcr optimalen Halt<br data-start=\"569\" data-end=\"572\">- Ideal f\u00fcr Bergsteigen und alpine Aktivit\u00e4ten<\/p>\n","protected":false},"featured_media":61585,"template":"","meta":[],"product_brand":[790],"product_cat":[658,699,661],"product_tag":[],"class_list":{"0":"post-75436","1":"product","2":"type-product","3":"status-publish","4":"has-post-thumbnail","6":"product_brand-julbo","7":"product_cat-bergsteigerbrille","8":"product_cat-gletscher","9":"product_cat-wandern","10":"pa_geschikt-voor-frauen","11":"pa_geschikt-voor-manner","12":"pa_kleur-montuur-blau","13":"pa_soort-bril-op-sterkte-mit-sehstaerke","14":"pa_soort-bril-op-sterkte-ohne-sehstaerke","16":"first","17":"instock","18":"shipping-taxable","19":"purchasable","20":"product-type-simple"},"_links":{"self":[{"href":"https:\/\/www.specialspex.com\/de\/wp-json\/wp\/v2\/product\/75436","targetHints":{"allow":["GET"]}}],"collection":[{"href":"https:\/\/www.specialspex.com\/de\/wp-json\/wp\/v2\/product"}],"about":[{"href":"https:\/\/www.specialspex.com\/de\/wp-json\/wp\/v2\/types\/product"}],"wp:featuredmedia":[{"embeddable":true,"href":"https:\/\/www.specialspex.com\/de\/wp-json\/wp\/v2\/media\/61585"}],"wp:attachment":[{"href":"https:\/\/www.specialspex.com\/de\/wp-json\/wp\/v2\/media?parent=75436"}],"wp:term":[{"taxonomy":"product_brand","embeddable":true,"href":"https:\/\/www.specialspex.com\/de\/wp-json\/wp\/v2\/product_brand?post=75436"},{"taxonomy":"product_cat","embeddable":true,"href":"https:\/\/www.specialspex.com\/de\/wp-json\/wp\/v2\/product_cat?post=75436"},{"taxonomy":"product_tag","embeddable":true,"href":"https:\/\/www.specialspex.com\/de\/wp-json\/wp\/v2\/product_tag?post=75436"}],"curies":[{"name":"wp","href":"https:\/\/api.w.org\/{rel}","templated":true}]}}