{"id":75441,"date":"2025-12-03T10:20:01","date_gmt":"2025-12-03T09:20:01","guid":{"rendered":"https:\/\/specialspex.com\/product\/stunt-glider-l-62\/"},"modified":"2026-04-18T12:08:09","modified_gmt":"2026-04-18T10:08:09","slug":"stunt-glider-l-62","status":"publish","type":"product","link":"https:\/\/www.specialspex.com\/de\/sportbrille\/racket-sportarten\/padel\/oakley-stunt-glider-l-62\/","title":{"rendered":"Stunt Glider L (62)"},"content":{"rendered":"<p data-start=\"223\" data-end=\"703\">Die Oakley Stunt Glider ist ein leichter, sportlicher Rahmen, der f\u00fcr maximalen Halt, Stabilit\u00e4t und Komfort bei intensiven Bewegungen entwickelt wurde. Dank der HyperGrip-Technologie von Oakley bleibt die Brille auch bei starker Anstrengung oder Schwei\u00dfbildung fest an ihrem Platz. Die flexiblen Ohrpolster sorgen f\u00fcr eine gleichm\u00e4\u00dfige Gewichtsverteilung und ein stabiles Tragegef\u00fchl. Damit ist die Stunt Glider ideal f\u00fcr Laufen, Fitness, Trailrunning und andere dynamische Sportarten.  <\/p>\n<p data-start=\"705\" data-end=\"1061\">Der Rahmen ist aus starkem und flexiblem O-Matter gefertigt und h\u00e4lt so dem intensiven t\u00e4glichen Gebrauch stand. Das Nasenpad aus Unobtainium erh\u00f6ht den Grip, wenn es hei\u00df wird, w\u00e4hrend das aerodynamische Design daf\u00fcr sorgt, dass Wind und Bewegung dich nur minimal ablenken. Die Passform ist so konzipiert, dass sie bei jeder Bewegung bequem und sicher sitzt.  <\/p>\n<p data-start=\"1063\" data-end=\"1490\">- HyperGrip-Technologie mit flexiblen Ohrpolstern f\u00fcr au\u00dfergew\u00f6hnlichen Halt und Stabilit\u00e4t<br data-start=\"1154\" data-end=\"1157\">- Unobtainium-Nasenpolster f\u00fcr zus\u00e4tzlichen Halt beim Schwitzen<br data-start=\"1214\" data-end=\"1217\">- Leichter und langlebiger O-Matter-Rahmen<br data-start=\"1260\" data-end=\"1263\">- Aerodynamisches Design f\u00fcr intensive sportliche Leistungen<br data-start=\"1322\" data-end=\"1325\">- Geeignet f\u00fcr Laufen, Fitness, Trailrunning und einen aktiven Lebensstil<br data-start=\"1394\" data-end=\"1397\">- Kann mit Sport-Specialspex-Gl\u00e4sern verst\u00e4rkt werden<br data-start=\"1450\" data-end=\"1453\">- Sch\u00fctzendes Aufbewahrungsetui enthalten<\/p>\n","protected":false},"excerpt":{"rendered":"<p data-start=\"223\" data-end=\"703\">Die Oakley Stunt Glider ist ein leichter, sportlicher Rahmen, der f\u00fcr maximalen Halt, Stabilit\u00e4t und Komfort bei intensiven Bewegungen entwickelt wurde. Dank der HyperGrip-Technologie von Oakley bleibt die Brille auch bei starker Anstrengung oder Schwei\u00dfbildung fest an ihrem Platz. Die flexiblen Ohrpolster sorgen f\u00fcr eine gleichm\u00e4\u00dfige Gewichtsverteilung und ein stabiles Tragegef\u00fchl. Damit ist die Stunt Glider ideal f\u00fcr Laufen, Fitness, Trailrunning und andere dynamische Sportarten.  <\/p>\n<p data-start=\"705\" data-end=\"1061\">Der Rahmen ist aus starkem und flexiblem O-Matter gefertigt und h\u00e4lt so dem intensiven t\u00e4glichen Gebrauch stand. Das Nasenpad aus Unobtainium erh\u00f6ht den Grip, wenn es hei\u00df wird, w\u00e4hrend das aerodynamische Design daf\u00fcr sorgt, dass Wind und Bewegung dich nur minimal ablenken. Die Passform ist so konzipiert, dass sie bei jeder Bewegung bequem und sicher sitzt.  <\/p>\n<p data-start=\"1063\" data-end=\"1490\">- HyperGrip-Technologie mit flexiblen Ohrpolstern f\u00fcr au\u00dfergew\u00f6hnlichen Halt und Stabilit\u00e4t<br data-start=\"1154\" data-end=\"1157\">- Unobtainium-Nasenpolster f\u00fcr zus\u00e4tzlichen Halt beim Schwitzen<br data-start=\"1214\" data-end=\"1217\">- Leichter und langlebiger O-Matter-Rahmen<br data-start=\"1260\" data-end=\"1263\">- Aerodynamisches Design f\u00fcr intensive sportliche Leistungen<br data-start=\"1322\" data-end=\"1325\">- Geeignet f\u00fcr Laufen, Fitness, Trailrunning und einen aktiven Lebensstil<br data-start=\"1394\" data-end=\"1397\">- Kann mit Sport-Specialspex-Gl\u00e4sern verst\u00e4rkt werden<br data-start=\"1450\" data-end=\"1453\">- Sch\u00fctzendes Aufbewahrungsetui enthalten<\/p>\n","protected":false},"featured_media":70660,"template":"","meta":[],"product_brand":[806],"product_cat":[584,591,593,587,588],"product_tag":[],"class_list":{"0":"post-75441","1":"product","2":"type-product","3":"status-publish","4":"has-post-thumbnail","6":"product_brand-oakley","7":"product_cat-sportbrille","8":"product_cat-padel","9":"product_cat-racket-sportarten","10":"product_cat-squash","11":"product_cat-tennis","12":"pa_geschikt-voor-frauen","13":"pa_geschikt-voor-manner","14":"pa_kleur-montuur-grun","15":"pa_kleur-montuur-schwarz","16":"pa_maat-montuur-extra-gros","17":"pa_maat-montuur-gross","18":"pa_soort-bril-op-sterkte-mit-sehstaerke","20":"first","21":"instock","22":"sale","23":"shipping-taxable","24":"purchasable","25":"product-type-variable"},"_links":{"self":[{"href":"https:\/\/www.specialspex.com\/de\/wp-json\/wp\/v2\/product\/75441","targetHints":{"allow":["GET"]}}],"collection":[{"href":"https:\/\/www.specialspex.com\/de\/wp-json\/wp\/v2\/product"}],"about":[{"href":"https:\/\/www.specialspex.com\/de\/wp-json\/wp\/v2\/types\/product"}],"wp:featuredmedia":[{"embeddable":true,"href":"https:\/\/www.specialspex.com\/de\/wp-json\/wp\/v2\/media\/70660"}],"wp:attachment":[{"href":"https:\/\/www.specialspex.com\/de\/wp-json\/wp\/v2\/media?parent=75441"}],"wp:term":[{"taxonomy":"product_brand","embeddable":true,"href":"https:\/\/www.specialspex.com\/de\/wp-json\/wp\/v2\/product_brand?post=75441"},{"taxonomy":"product_cat","embeddable":true,"href":"https:\/\/www.specialspex.com\/de\/wp-json\/wp\/v2\/product_cat?post=75441"},{"taxonomy":"product_tag","embeddable":true,"href":"https:\/\/www.specialspex.com\/de\/wp-json\/wp\/v2\/product_tag?post=75441"}],"curies":[{"name":"wp","href":"https:\/\/api.w.org\/{rel}","templated":true}]}}