{"id":75444,"date":"2025-12-04T14:30:13","date_gmt":"2025-12-04T13:30:13","guid":{"rendered":"https:\/\/specialspex.com\/product\/rydon-slim\/"},"modified":"2025-12-04T14:30:13","modified_gmt":"2025-12-04T13:30:13","slug":"rydon-slim","status":"publish","type":"product","link":"https:\/\/www.specialspex.com\/de\/sportbrille\/golfbrille\/rudy-project-rydon-slim\/","title":{"rendered":"Rydon Slim"},"content":{"rendered":"<p data-start=\"263\" data-end=\"653\">Die Rudy Project Rydon Slim ist die Small-Fit-Version des kultigen Rydon-Modells, die speziell f\u00fcr Athleten mit einem schmaleren Gesicht entwickelt wurde. Der Rahmen ist leicht, flexibel und bietet einen stabilen Sitz bei intensiven Aktivit\u00e4ten wie Laufen, Radfahren und Outdoor-Training. Dank ihres schlankeren Designs liegt die Rydon Slim eng an, ohne dass der Komfort oder die Sicht beeintr\u00e4chtigt werden.  <\/p>\n<p data-start=\"655\" data-end=\"1034\">Mit den verstellbaren Nasenpads und Ohrst\u00f6pseln kannst du die Passform genau auf dein Gesicht abstimmen und einen stabilen Sitz bei allen Bedingungen gew\u00e4hrleisten. Die Wrap-Around-Glasform bietet ein weites Sichtfeld und hervorragenden Schutz vor Sonne, Wind und Spritzwasser. Bel\u00fcftete Gl\u00e4ser reduzieren das Beschlagen bei starker Anstrengung.  <\/p>\n<p data-start=\"1036\" data-end=\"1475\">- Kleine Version des kultigen Rydon-Rahmens<br data-start=\"1090\" data-end=\"1093\">- Wrap-around-Glasform f\u00fcr weite Sicht und optimalen Schutz<br data-start=\"1156\" data-end=\"1159\">- Leichter und flexibler Rahmen f\u00fcr lang anhaltenden Tragekomfort<br data-start=\"1216\" data-end=\"1219\">- Verstellbare Nasenpads und Ohrst\u00f6psel f\u00fcr maximale Stabilit\u00e4t<br data-start=\"1278\" data-end=\"1281\">- Ideal zum Laufen, Radfahren und f\u00fcr intensiven Outdoor-Einsatz<br data-start=\"1341\" data-end=\"1344\">- Erh\u00e4ltlich mit verschreibungspflichtigen Gl\u00e4sern mit hochwertigen Specialspex-Gl\u00e4sern sowie Rudy Project-Originalgl\u00e4sern<br data-start=\"1435\" data-end=\"1438\">- Schutzetui im Lieferumfang<\/p>\n","protected":false},"excerpt":{"rendered":"<p data-start=\"263\" data-end=\"653\">Die Rudy Project Rydon Slim ist die Small-Fit-Version des kultigen Rydon-Modells, die speziell f\u00fcr Athleten mit einem schmaleren Gesicht entwickelt wurde. Der Rahmen ist leicht, flexibel und bietet einen stabilen Sitz bei intensiven Aktivit\u00e4ten wie Laufen, Radfahren und Outdoor-Training. Dank ihres schlankeren Designs liegt die Rydon Slim eng an, ohne dass der Komfort oder die Sicht beeintr\u00e4chtigt werden.  <\/p>\n<p data-start=\"655\" data-end=\"1034\">Mit den verstellbaren Nasenpads und Ohrst\u00f6pseln kannst du die Passform genau auf dein Gesicht abstimmen und einen stabilen Sitz bei allen Bedingungen gew\u00e4hrleisten. Die Wrap-Around-Glasform bietet ein weites Sichtfeld und hervorragenden Schutz vor Sonne, Wind und Spritzwasser. Bel\u00fcftete Gl\u00e4ser reduzieren das Beschlagen bei starker Anstrengung.  <\/p>\n<p data-start=\"1036\" data-end=\"1475\">- Kleine Version des kultigen Rydon-Rahmens<br data-start=\"1090\" data-end=\"1093\">- Wrap-around-Glasform f\u00fcr weite Sicht und optimalen Schutz<br data-start=\"1156\" data-end=\"1159\">- Leichter und flexibler Rahmen f\u00fcr lang anhaltenden Tragekomfort<br data-start=\"1216\" data-end=\"1219\">- Verstellbare Nasenpads und Ohrst\u00f6psel f\u00fcr maximale Stabilit\u00e4t<br data-start=\"1278\" data-end=\"1281\">- Ideal zum Laufen, Radfahren und f\u00fcr intensiven Outdoor-Einsatz<br data-start=\"1341\" data-end=\"1344\">- Erh\u00e4ltlich mit verschreibungspflichtigen Gl\u00e4sern mit hochwertigen Specialspex-Gl\u00e4sern sowie Rudy Project-Originalgl\u00e4sern<br data-start=\"1435\" data-end=\"1438\">- Schutzetui im Lieferumfang<\/p>\n","protected":false},"featured_media":64696,"template":"","meta":[],"product_brand":[797],"product_cat":[584,660,639,560,638,561,559,662],"product_tag":[],"class_list":{"0":"post-75444","1":"product","2":"type-product","3":"status-publish","4":"has-post-thumbnail","6":"product_brand-rudy-project","7":"product_cat-sportbrille","8":"product_cat-golfbrille","9":"product_cat-gravelbiker-radfahren","10":"product_cat-laufen","11":"product_cat-mountainbiking","12":"product_cat-radfahren","13":"product_cat-radfahrerbrille","14":"product_cat-trailrunning","15":"pa_geschikt-voor-frauen","16":"pa_geschikt-voor-manner","17":"pa_kleur-montuur-schwarz","18":"pa_kleur-montuur-weiss","19":"pa_maat-montuur-klein","20":"pa_maat-montuur-medium","21":"pa_soort-bril-op-sterkte-mit-sehstaerke","22":"pa_soort-bril-op-sterkte-ohne-sehstaerke","24":"first","25":"instock","26":"sale","27":"shipping-taxable","28":"purchasable","29":"product-type-variable"},"_links":{"self":[{"href":"https:\/\/www.specialspex.com\/de\/wp-json\/wp\/v2\/product\/75444","targetHints":{"allow":["GET"]}}],"collection":[{"href":"https:\/\/www.specialspex.com\/de\/wp-json\/wp\/v2\/product"}],"about":[{"href":"https:\/\/www.specialspex.com\/de\/wp-json\/wp\/v2\/types\/product"}],"wp:featuredmedia":[{"embeddable":true,"href":"https:\/\/www.specialspex.com\/de\/wp-json\/wp\/v2\/media\/64696"}],"wp:attachment":[{"href":"https:\/\/www.specialspex.com\/de\/wp-json\/wp\/v2\/media?parent=75444"}],"wp:term":[{"taxonomy":"product_brand","embeddable":true,"href":"https:\/\/www.specialspex.com\/de\/wp-json\/wp\/v2\/product_brand?post=75444"},{"taxonomy":"product_cat","embeddable":true,"href":"https:\/\/www.specialspex.com\/de\/wp-json\/wp\/v2\/product_cat?post=75444"},{"taxonomy":"product_tag","embeddable":true,"href":"https:\/\/www.specialspex.com\/de\/wp-json\/wp\/v2\/product_tag?post=75444"}],"curies":[{"name":"wp","href":"https:\/\/api.w.org\/{rel}","templated":true}]}}