{"id":75451,"date":"2025-12-04T14:13:22","date_gmt":"2025-12-04T13:13:22","guid":{"rendered":"https:\/\/specialspex.com\/product\/magnus\/"},"modified":"2025-12-04T14:13:22","modified_gmt":"2025-12-04T13:13:22","slug":"magnus","status":"publish","type":"product","link":"https:\/\/www.specialspex.com\/de\/sportbrille\/wintersport\/ski-und-snowboardbrillen\/snowvision-magnus\/","title":{"rendered":"Magnus"},"content":{"rendered":"<p data-start=\"151\" data-end=\"525\">Diese Skibrille kommt mit einem integrierten Scheibensystem voll verschreibungspflichtig und bietet optimalen Schutz und Komfort f\u00fcr M\u00e4nner und Frauen. Das Doppelscheibendesign und die Bel\u00fcftungs\u00f6ffnungen sorgen f\u00fcr klare Sicht und verhindern Kondenswasserbildung, w\u00e4hrend der dreilagige Schaumstoff und das rutschfeste Silikonband daf\u00fcr sorgen, dass die Skibrille fest und bequem sitzt, auch unter einem Helm. <\/p>\n<p data-start=\"527\" data-end=\"975\" data-is-last-node=\"\" data-is-only-node=\"\">- Aufr\u00fcstbar mit integriertem Scheibensystem<br data-start=\"577\" data-end=\"580\">- Photochromatische Scheibe (S1-S3)<br data-start=\"612\" data-end=\"615\">- Doppeltes Scheibensystem gegen Feuchtigkeit und Schmutz<br data-start=\"656\" data-end=\"659\">- Dreilagiger Schaumstoff f\u00fcr Tragekomfort und Feuchtigkeitsabsorption<br data-start=\"713\" data-end=\"716\">- Anti-Kratz-Beschichtung auf der Scheibe<br data-start=\"745\" data-end=\"748\">- Verstellbares, rutschfestes Silikonband<br data-start=\"784\" data-end=\"787\">- Innenscheibe aus Polycarbonat f\u00fcr maximalen Augenschutz<br data-start=\"842\" data-end=\"845\">- Inklusive Mikrofaserbezug f\u00fcr die Reinigung<br data-start=\"887\" data-end=\"890\">- Zus\u00e4tzliche Anti-Beschlag-Beschichtung m\u00f6glich<br data-start=\"923\" data-end=\"926\">- Optimale Bel\u00fcftung durch integrierte Luftstr\u00f6me<\/p>\n","protected":false},"excerpt":{"rendered":"<p data-start=\"151\" data-end=\"525\">Diese Skibrille kommt mit einem integrierten Scheibensystem voll verschreibungspflichtig und bietet optimalen Schutz und Komfort f\u00fcr M\u00e4nner und Frauen. Das Doppelscheibendesign und die Bel\u00fcftungs\u00f6ffnungen sorgen f\u00fcr klare Sicht und verhindern Kondenswasserbildung, w\u00e4hrend der dreilagige Schaumstoff und das rutschfeste Silikonband daf\u00fcr sorgen, dass die Skibrille fest und bequem sitzt, auch unter einem Helm. <\/p>\n<p data-start=\"527\" data-end=\"975\" data-is-last-node=\"\" data-is-only-node=\"\">- Aufr\u00fcstbar mit integriertem Scheibensystem<br data-start=\"577\" data-end=\"580\">- Photochromatische Scheibe (S1-S3)<br data-start=\"612\" data-end=\"615\">- Doppeltes Scheibensystem gegen Feuchtigkeit und Schmutz<br data-start=\"656\" data-end=\"659\">- Dreilagiger Schaumstoff f\u00fcr Tragekomfort und Feuchtigkeitsabsorption<br data-start=\"713\" data-end=\"716\">- Anti-Kratz-Beschichtung auf der Scheibe<br data-start=\"745\" data-end=\"748\">- Verstellbares, rutschfestes Silikonband<br data-start=\"784\" data-end=\"787\">- Innenscheibe aus Polycarbonat f\u00fcr maximalen Augenschutz<br data-start=\"842\" data-end=\"845\">- Inklusive Mikrofaserbezug f\u00fcr die Reinigung<br data-start=\"887\" data-end=\"890\">- Zus\u00e4tzliche Anti-Beschlag-Beschichtung m\u00f6glich<br data-start=\"923\" data-end=\"926\">- Optimale Bel\u00fcftung durch integrierte Luftstr\u00f6me<\/p>\n","protected":false},"featured_media":65032,"template":"","meta":[],"product_brand":[801],"product_cat":[700,698],"product_tag":[],"class_list":{"0":"post-75451","1":"product","2":"type-product","3":"status-publish","4":"has-post-thumbnail","6":"product_brand-snowvision","7":"product_cat-wintersport","8":"product_cat-ski-und-snowboardbrillen","9":"pa_geschikt-voor-frauen","10":"pa_geschikt-voor-manner","11":"pa_kleur-montuur-blau","12":"pa_kleur-montuur-schwarz","13":"pa_maat-montuur-extra-gros","14":"pa_maat-montuur-gross","15":"pa_maat-montuur-medium","16":"pa_soort-bril-op-sterkte-mit-korrektionsglaesern-im-visier","17":"pa_soort-bril-op-sterkte-ohne-sehstaerke","19":"first","20":"instock","21":"shipping-taxable","22":"purchasable","23":"product-type-variable"},"_links":{"self":[{"href":"https:\/\/www.specialspex.com\/de\/wp-json\/wp\/v2\/product\/75451","targetHints":{"allow":["GET"]}}],"collection":[{"href":"https:\/\/www.specialspex.com\/de\/wp-json\/wp\/v2\/product"}],"about":[{"href":"https:\/\/www.specialspex.com\/de\/wp-json\/wp\/v2\/types\/product"}],"wp:featuredmedia":[{"embeddable":true,"href":"https:\/\/www.specialspex.com\/de\/wp-json\/wp\/v2\/media\/65032"}],"wp:attachment":[{"href":"https:\/\/www.specialspex.com\/de\/wp-json\/wp\/v2\/media?parent=75451"}],"wp:term":[{"taxonomy":"product_brand","embeddable":true,"href":"https:\/\/www.specialspex.com\/de\/wp-json\/wp\/v2\/product_brand?post=75451"},{"taxonomy":"product_cat","embeddable":true,"href":"https:\/\/www.specialspex.com\/de\/wp-json\/wp\/v2\/product_cat?post=75451"},{"taxonomy":"product_tag","embeddable":true,"href":"https:\/\/www.specialspex.com\/de\/wp-json\/wp\/v2\/product_tag?post=75451"}],"curies":[{"name":"wp","href":"https:\/\/api.w.org\/{rel}","templated":true}]}}