{"id":75495,"date":"2025-12-03T11:39:07","date_gmt":"2025-12-03T10:39:07","guid":{"rendered":"https:\/\/specialspex.com\/product\/sutro-lite-s\/"},"modified":"2025-12-03T11:39:07","modified_gmt":"2025-12-03T10:39:07","slug":"sutro-lite-s","status":"publish","type":"product","link":"https:\/\/www.specialspex.com\/de\/sportbrille\/golfbrille\/oakley-sutro-lite-s\/","title":{"rendered":"Sutro Lite S"},"content":{"rendered":"<p data-start=\"219\" data-end=\"690\">Die Oakley Sutro Lite S ist eine kompakte, halb rahmenlose Version der beliebten Sutro-Reihe, die f\u00fcr Sportler entwickelt wurde, die denselben modernen Look und dieselbe Leistung w\u00fcnschen, aber in einer kleineren und engeren Passform. Das breite Schilddesign bietet ein weites und klares Sichtfeld, ideal f\u00fcr intensive Sportarten wie Radfahren, Laufen und Outdoor-Training. Dank der halbrandlosen Konstruktion ist die Brille leicht und bietet eine verbesserte Bel\u00fcftung w\u00e4hrend des Trainings.  <\/p>\n<p data-start=\"692\" data-end=\"942\">Das strapazierf\u00e4hige O Matter-Material sorgt f\u00fcr angenehmen Tragekomfort, w\u00e4hrend die Unobtainium-Nasenpads und -Ohrst\u00f6psel auch bei Schwei\u00df einen festen Halt gew\u00e4hrleisten. Der Sutro Lite S bietet zuverl\u00e4ssige Leistung in einer schlanken, kompakten Form. <\/p>\n<p data-start=\"944\" data-end=\"1409\">- Kompaktes Schilddesign f\u00fcr ein weites Sichtfeld in kleinerer Passform<br data-start=\"1017\" data-end=\"1020\">- Halbrahmenlose Konstruktion f\u00fcr leichten Komfort und bessere Bel\u00fcftung<br data-start=\"1095\" data-end=\"1098\">- Leichter und langlebiger O Matter-Rahmen<br data-start=\"1141\" data-end=\"1144\">- Nasenpads und Ohrst\u00f6psel aus Unobtainium f\u00fcr guten Halt beim Schwitzen<br data-start=\"1204\" data-end=\"1207\">- Ideal f\u00fcr Radfahren, Laufen und intensive Outdoor-Sportarten<br data-start=\"1267\" data-end=\"1270\">- Erh\u00e4ltlich mit Prizm-Gl\u00e4sern f\u00fcr besseren Kontrast und mehr Details<br data-start=\"1336\" data-end=\"1339\">- Nicht mit verschreibungspflichtigen Gl\u00e4sern erh\u00e4ltlich<br data-start=\"1369\" data-end=\"1372\">- Aufbewahrungsetui enthalten<\/p>\n","protected":false},"excerpt":{"rendered":"<p data-start=\"219\" data-end=\"690\">Die Oakley Sutro Lite S ist eine kompakte, halb rahmenlose Version der beliebten Sutro-Reihe, die f\u00fcr Sportler entwickelt wurde, die denselben modernen Look und dieselbe Leistung w\u00fcnschen, aber in einer kleineren und engeren Passform. Das breite Schilddesign bietet ein weites und klares Sichtfeld, ideal f\u00fcr intensive Sportarten wie Radfahren, Laufen und Outdoor-Training. Dank der halbrandlosen Konstruktion ist die Brille leicht und bietet eine verbesserte Bel\u00fcftung w\u00e4hrend des Trainings.  <\/p>\n<p data-start=\"692\" data-end=\"942\">Das strapazierf\u00e4hige O Matter-Material sorgt f\u00fcr angenehmen Tragekomfort, w\u00e4hrend die Unobtainium-Nasenpads und -Ohrst\u00f6psel auch bei Schwei\u00df einen festen Halt gew\u00e4hrleisten. Der Sutro Lite S bietet zuverl\u00e4ssige Leistung in einer schlanken, kompakten Form. <\/p>\n<p data-start=\"944\" data-end=\"1409\">- Kompaktes Schilddesign f\u00fcr ein weites Sichtfeld in kleinerer Passform<br data-start=\"1017\" data-end=\"1020\">- Halbrahmenlose Konstruktion f\u00fcr leichten Komfort und bessere Bel\u00fcftung<br data-start=\"1095\" data-end=\"1098\">- Leichter und langlebiger O Matter-Rahmen<br data-start=\"1141\" data-end=\"1144\">- Nasenpads und Ohrst\u00f6psel aus Unobtainium f\u00fcr guten Halt beim Schwitzen<br data-start=\"1204\" data-end=\"1207\">- Ideal f\u00fcr Radfahren, Laufen und intensive Outdoor-Sportarten<br data-start=\"1267\" data-end=\"1270\">- Erh\u00e4ltlich mit Prizm-Gl\u00e4sern f\u00fcr besseren Kontrast und mehr Details<br data-start=\"1336\" data-end=\"1339\">- Nicht mit verschreibungspflichtigen Gl\u00e4sern erh\u00e4ltlich<br data-start=\"1369\" data-end=\"1372\">- Aufbewahrungsetui enthalten<\/p>\n","protected":false},"featured_media":70901,"template":"","meta":[],"product_brand":[806],"product_cat":[584,660,639,560,638,561,559,662],"product_tag":[],"class_list":{"0":"post-75495","1":"product","2":"type-product","3":"status-publish","4":"has-post-thumbnail","6":"product_brand-oakley","7":"product_cat-sportbrille","8":"product_cat-golfbrille","9":"product_cat-gravelbiker-radfahren","10":"product_cat-laufen","11":"product_cat-mountainbiking","12":"product_cat-radfahren","13":"product_cat-radfahrerbrille","14":"product_cat-trailrunning","15":"pa_geschikt-voor-frauen","16":"pa_geschikt-voor-manner","17":"pa_kleur-montuur-blau","18":"pa_kleur-montuur-schwarz-2","19":"pa_kleur-montuur-schwarz","20":"pa_kleur-montuur-weiss","21":"pa_maat-montuur-gross","22":"pa_maat-montuur-medium","23":"pa_soort-bril-op-sterkte-ohne-sehstaerke","25":"first","26":"instock","27":"sale","28":"shipping-taxable","29":"purchasable","30":"product-type-variable"},"_links":{"self":[{"href":"https:\/\/www.specialspex.com\/de\/wp-json\/wp\/v2\/product\/75495","targetHints":{"allow":["GET"]}}],"collection":[{"href":"https:\/\/www.specialspex.com\/de\/wp-json\/wp\/v2\/product"}],"about":[{"href":"https:\/\/www.specialspex.com\/de\/wp-json\/wp\/v2\/types\/product"}],"wp:featuredmedia":[{"embeddable":true,"href":"https:\/\/www.specialspex.com\/de\/wp-json\/wp\/v2\/media\/70901"}],"wp:attachment":[{"href":"https:\/\/www.specialspex.com\/de\/wp-json\/wp\/v2\/media?parent=75495"}],"wp:term":[{"taxonomy":"product_brand","embeddable":true,"href":"https:\/\/www.specialspex.com\/de\/wp-json\/wp\/v2\/product_brand?post=75495"},{"taxonomy":"product_cat","embeddable":true,"href":"https:\/\/www.specialspex.com\/de\/wp-json\/wp\/v2\/product_cat?post=75495"},{"taxonomy":"product_tag","embeddable":true,"href":"https:\/\/www.specialspex.com\/de\/wp-json\/wp\/v2\/product_tag?post=75495"}],"curies":[{"name":"wp","href":"https:\/\/api.w.org\/{rel}","templated":true}]}}